{"id":7155,"date":"2020-05-04T11:08:59","date_gmt":"2020-05-04T09:08:59","guid":{"rendered":"https:\/\/bulegoa.org\/algunas-obras-para-desocupar-y-ocupar-el-tiempo-de-la-exposicion\/"},"modified":"2019-02-06T08:44:59","modified_gmt":"2019-02-06T07:44:59","slug":"museoko-denbora-husteko-eta-betetzeko-obra-batzuk","status":"publish","type":"page","link":"https:\/\/bulegoa.org\/eu\/museoko-denbora-husteko-eta-betetzeko-obra-batzuk\/","title":{"rendered":"Museoko denbora husteko eta betetzeko obra batzuk"},"content":{"rendered":"<p><img loading=\"lazy\" class=\"aligncenter size-full wp-image-7167\" src=\"https:\/\/bulegoa.org\/web\/wp-content\/uploads\/2018\/11\/bulegoa-68.gif\" alt=\"\" width=\"1360\" height=\"550\" \/><\/p>\n<hr \/>\n<p><em>Museoko denbora husteko eta betetzeko obra batzuk <\/em>topaketa batzuk dira, <a href=\"https:\/\/www.museobilbao.com\/eu\/exposiciones\/despues-del-68-268\" target=\"_blank\" rel=\"noopener\"><em>68aren ostean. Artea eta praktika artistikoak Euskal Herrian, 1968-2018<\/em><\/a> erakusketarekin doazen zazpi artelanen ingurukoak. Haietako batzuk erakusketan sartuta daude, eta beste batzuk bere marko kontzeptualaren barrukoak dira. Topaketa bakoitzean, artelan batek hainbat artista eta arteko aditu batu eta elkartuko ditu.<\/p>\n<p><em>Museoko denbora husteko&#8230; <\/em>topaketek museoak barnean hartzen dituen objektuen bidez museoaz hausnartzeko ideia dute ardatz. Hala <em>68aren ostean<\/em> erakusketa barnean duen museo zehatzaz, haren izaera eta historia bereziaz, nola museoaz oro har, iraganeko objektuak etorkizunerako gordez orainaldiaz kontakizun bat egiten duen instituzio gisa hartuta.<\/p>\n<p><em>Museoko denbora husteko&#8230; <\/em>topaketen abiaburua da artelan guztiek dutela interpelatzeko gaitasuna. Hau da, artelan bat begiesten den une zehatzari dagokio; arreta-uneak sortuko dituzten etenak eta hausturak egin ditzake.<\/p>\n<p><strong>TOPAKETAK<br \/>\n<\/strong><strong>2018ko azaroaren 27a<br \/>\n<\/strong><em>Malevitx-i omenaldia<\/em> (Jorge Oteiza, 1957) <span style=\"font-size: medium;\">eta<em>&#8221;Museoa&#8217; ekintza\u00a0<\/em>(EAE, Euskal Artisten Elkartea, 1983-2001)<\/span><br \/>\nMar\u00eda Luisa Fern\u00e1ndez eta Beatriz Herr\u00e1ez<\/p>\n<p><strong>2018ko abenduaren 18a<br \/>\n<\/strong><em>Pilgrimages for a New Economy<\/em> (<em>Ekonomia berri baterako erromesaldiak<\/em>, Erlea Maneros Zabala, 2007-2012)<br \/>\nErlea Maneros Zabala eta Jos\u00e9 D\u00edaz Cuy\u00e1s<\/p>\n<p><strong>2019ko urtarrilaren 22a<br \/>\n<\/strong><em>Espazio publikoetan eta pribatuetan pixa egitea <\/em>(Itziar Okariz, 2000-2004)<br \/>\nItziar Okariz eta Chus Mart\u00ednez<\/p>\n<p><strong>2019ko otsailaren 19a<br \/>\n<\/strong><em>Mallarm\u00e9 revis\u00e9 edo Malarmatu berrikusia <\/em>(Esther Ferrer, 1968)<br \/>\nEsther Ferrer eta Laurence Rassel<\/p>\n<p><strong>2019ko martxoaren 26a<br \/>\n<\/strong><em>Risveglio<\/em>\/<em>Esnatzea<\/em> (Nemesio Mogrobejo, 1903)<br \/>\nMikel Eskauriaza eta Asier Mendizabal<\/p>\n<p><strong>2019ko apirilaren 9a<br \/>\n<\/strong><em>Bilbao Song<\/em> (Peter Friedl, 2010)<br \/>\nIsmael Manterola eta Leire Vergara<\/p>\n<p><strong>Astearteetan, 19:00etan, Bilboko Arte Ederren Museoko Auditoriumean edota erakusketa-aretoetan.<\/strong> Doako sarrera, edukiera mugatua. Gonbidapenak museoko leihatilan egongo dira eskuragarri, saio bakoitza egin aurreko astelehenetik aurrera.<\/p>\n<p><strong><em>Museoko denbora husteko&#8230; <\/em>topaketak Bulegoa z\/b eta Bilboko Arte Ederren Museoaren arteko lankidetzako proiektua da.<\/strong><\/p>\n<p>&nbsp;<\/p>\n<p><img loading=\"lazy\" class=\"alignnone size-full wp-image-7189\" src=\"https:\/\/bulegoa.org\/web\/wp-content\/uploads\/2018\/11\/Museo-Bellas-Artes.png\" alt=\"\" width=\"233\" height=\"82\" \/><\/p>\n","protected":false},"excerpt":{"rendered":"<p>Museoko denbora husteko eta betetzeko obra batzuk topaketa batzuk dira, 68aren ostean. Artea eta praktika artistikoak Euskal Herrian, 1968-2018 erakusketarekin doazen zazpi artelanen ingurukoak. Haietako batzuk erakusketan sartuta daude, eta beste batzuk bere marko kontzeptualaren barrukoak dira. Topaketa bakoitzean, artelan batek hainbat artista eta arteko aditu batu eta elkartuko ditu. Museoko denbora husteko&#8230; topaketek museoak [&hellip;]<\/p>\n","protected":false},"author":1,"featured_media":5033,"parent":0,"menu_order":0,"comment_status":"closed","ping_status":"closed","template":"","meta":[],"acf":[],"yoast_head":"<!-- This site is optimized with the Yoast SEO plugin v20.4 - https:\/\/yoast.com\/wordpress\/plugins\/seo\/ -->\n<title>Museoko denbora husteko eta betetzeko obra batzuk - Bulegoa z\/b<\/title>\n<meta name=\"robots\" content=\"index, follow, max-snippet:-1, max-image-preview:large, max-video-preview:-1\" \/>\n<link rel=\"canonical\" href=\"https:\/\/bulegoa.org\/eu\/museoko-denbora-husteko-eta-betetzeko-obra-batzuk\/\" \/>\n<meta property=\"og:locale\" content=\"eu_ES\" \/>\n<meta property=\"og:type\" content=\"article\" \/>\n<meta property=\"og:title\" content=\"Museoko denbora husteko eta betetzeko obra batzuk - Bulegoa z\/b\" \/>\n<meta property=\"og:description\" content=\"Museoko denbora husteko eta betetzeko obra batzuk topaketa batzuk dira, 68aren ostean. Artea eta praktika artistikoak Euskal Herrian, 1968-2018 erakusketarekin doazen zazpi artelanen ingurukoak. Haietako batzuk erakusketan sartuta daude, eta beste batzuk bere marko kontzeptualaren barrukoak dira. Topaketa bakoitzean, artelan batek hainbat artista eta arteko aditu batu eta elkartuko ditu. Museoko denbora husteko&#8230; topaketek museoak [&hellip;]\" \/>\n<meta property=\"og:url\" content=\"https:\/\/bulegoa.org\/eu\/museoko-denbora-husteko-eta-betetzeko-obra-batzuk\/\" \/>\n<meta property=\"og:site_name\" content=\"Bulegoa z\/b\" \/>\n<meta property=\"article:publisher\" content=\"https:\/\/www.facebook.com\/bulegoazb\/\" \/>\n<meta property=\"article:modified_time\" content=\"2019-02-06T07:44:59+00:00\" \/>\n<meta property=\"og:image\" content=\"https:\/\/bulegoa.org\/web\/wp-content\/uploads\/2017\/06\/stone-3.jpg\" \/>\n\t<meta property=\"og:image:width\" content=\"600\" \/>\n\t<meta property=\"og:image:height\" content=\"600\" \/>\n\t<meta property=\"og:image:type\" content=\"image\/jpeg\" \/>\n<meta name=\"twitter:card\" content=\"summary_large_image\" \/>\n<meta name=\"twitter:site\" content=\"@bulegoazb\" \/>\n<script type=\"application\/ld+json\" class=\"yoast-schema-graph\">{\"@context\":\"https:\/\/schema.org\",\"@graph\":[{\"@type\":\"WebPage\",\"@id\":\"https:\/\/bulegoa.org\/eu\/museoko-denbora-husteko-eta-betetzeko-obra-batzuk\/\",\"url\":\"https:\/\/bulegoa.org\/eu\/museoko-denbora-husteko-eta-betetzeko-obra-batzuk\/\",\"name\":\"Museoko denbora husteko eta betetzeko obra batzuk - Bulegoa z\/b\",\"isPartOf\":{\"@id\":\"https:\/\/bulegoa.org\/#website\"},\"datePublished\":\"2020-05-04T09:08:59+00:00\",\"dateModified\":\"2019-02-06T07:44:59+00:00\",\"breadcrumb\":{\"@id\":\"https:\/\/bulegoa.org\/eu\/museoko-denbora-husteko-eta-betetzeko-obra-batzuk\/#breadcrumb\"},\"inLanguage\":\"eu-ES\",\"potentialAction\":[{\"@type\":\"ReadAction\",\"target\":[\"https:\/\/bulegoa.org\/eu\/museoko-denbora-husteko-eta-betetzeko-obra-batzuk\/\"]}]},{\"@type\":\"BreadcrumbList\",\"@id\":\"https:\/\/bulegoa.org\/eu\/museoko-denbora-husteko-eta-betetzeko-obra-batzuk\/#breadcrumb\",\"itemListElement\":[{\"@type\":\"ListItem\",\"position\":1,\"name\":\"Home\",\"item\":\"https:\/\/bulegoa.org\/eu\/\"},{\"@type\":\"ListItem\",\"position\":2,\"name\":\"Museoko denbora husteko eta betetzeko obra batzuk\"}]},{\"@type\":\"WebSite\",\"@id\":\"https:\/\/bulegoa.org\/#website\",\"url\":\"https:\/\/bulegoa.org\/\",\"name\":\"Bulegoa z\/b\",\"description\":\"\",\"potentialAction\":[{\"@type\":\"SearchAction\",\"target\":{\"@type\":\"EntryPoint\",\"urlTemplate\":\"https:\/\/bulegoa.org\/?s={search_term_string}\"},\"query-input\":\"required name=search_term_string\"}],\"inLanguage\":\"eu-ES\"}]}<\/script>\n<!-- \/ Yoast SEO plugin. -->","yoast_head_json":{"title":"Museoko denbora husteko eta betetzeko obra batzuk - Bulegoa z\/b","robots":{"index":"index","follow":"follow","max-snippet":"max-snippet:-1","max-image-preview":"max-image-preview:large","max-video-preview":"max-video-preview:-1"},"canonical":"https:\/\/bulegoa.org\/eu\/museoko-denbora-husteko-eta-betetzeko-obra-batzuk\/","og_locale":"eu_ES","og_type":"article","og_title":"Museoko denbora husteko eta betetzeko obra batzuk - Bulegoa z\/b","og_description":"Museoko denbora husteko eta betetzeko obra batzuk topaketa batzuk dira, 68aren ostean. Artea eta praktika artistikoak Euskal Herrian, 1968-2018 erakusketarekin doazen zazpi artelanen ingurukoak. Haietako batzuk erakusketan sartuta daude, eta beste batzuk bere marko kontzeptualaren barrukoak dira. Topaketa bakoitzean, artelan batek hainbat artista eta arteko aditu batu eta elkartuko ditu. Museoko denbora husteko&#8230; topaketek museoak [&hellip;]","og_url":"https:\/\/bulegoa.org\/eu\/museoko-denbora-husteko-eta-betetzeko-obra-batzuk\/","og_site_name":"Bulegoa z\/b","article_publisher":"https:\/\/www.facebook.com\/bulegoazb\/","article_modified_time":"2019-02-06T07:44:59+00:00","og_image":[{"width":600,"height":600,"url":"https:\/\/bulegoa.org\/web\/wp-content\/uploads\/2017\/06\/stone-3.jpg","type":"image\/jpeg"}],"twitter_card":"summary_large_image","twitter_site":"@bulegoazb","schema":{"@context":"https:\/\/schema.org","@graph":[{"@type":"WebPage","@id":"https:\/\/bulegoa.org\/eu\/museoko-denbora-husteko-eta-betetzeko-obra-batzuk\/","url":"https:\/\/bulegoa.org\/eu\/museoko-denbora-husteko-eta-betetzeko-obra-batzuk\/","name":"Museoko denbora husteko eta betetzeko obra batzuk - Bulegoa z\/b","isPartOf":{"@id":"https:\/\/bulegoa.org\/#website"},"datePublished":"2020-05-04T09:08:59+00:00","dateModified":"2019-02-06T07:44:59+00:00","breadcrumb":{"@id":"https:\/\/bulegoa.org\/eu\/museoko-denbora-husteko-eta-betetzeko-obra-batzuk\/#breadcrumb"},"inLanguage":"eu-ES","potentialAction":[{"@type":"ReadAction","target":["https:\/\/bulegoa.org\/eu\/museoko-denbora-husteko-eta-betetzeko-obra-batzuk\/"]}]},{"@type":"BreadcrumbList","@id":"https:\/\/bulegoa.org\/eu\/museoko-denbora-husteko-eta-betetzeko-obra-batzuk\/#breadcrumb","itemListElement":[{"@type":"ListItem","position":1,"name":"Home","item":"https:\/\/bulegoa.org\/eu\/"},{"@type":"ListItem","position":2,"name":"Museoko denbora husteko eta betetzeko obra batzuk"}]},{"@type":"WebSite","@id":"https:\/\/bulegoa.org\/#website","url":"https:\/\/bulegoa.org\/","name":"Bulegoa z\/b","description":"","potentialAction":[{"@type":"SearchAction","target":{"@type":"EntryPoint","urlTemplate":"https:\/\/bulegoa.org\/?s={search_term_string}"},"query-input":"required name=search_term_string"}],"inLanguage":"eu-ES"}]}},"_links":{"self":[{"href":"https:\/\/bulegoa.org\/eu\/wp-json\/wp\/v2\/pages\/7155"}],"collection":[{"href":"https:\/\/bulegoa.org\/eu\/wp-json\/wp\/v2\/pages"}],"about":[{"href":"https:\/\/bulegoa.org\/eu\/wp-json\/wp\/v2\/types\/page"}],"author":[{"embeddable":true,"href":"https:\/\/bulegoa.org\/eu\/wp-json\/wp\/v2\/users\/1"}],"replies":[{"embeddable":true,"href":"https:\/\/bulegoa.org\/eu\/wp-json\/wp\/v2\/comments?post=7155"}],"version-history":[{"count":7,"href":"https:\/\/bulegoa.org\/eu\/wp-json\/wp\/v2\/pages\/7155\/revisions"}],"predecessor-version":[{"id":7627,"href":"https:\/\/bulegoa.org\/eu\/wp-json\/wp\/v2\/pages\/7155\/revisions\/7627"}],"wp:featuredmedia":[{"embeddable":true,"href":"https:\/\/bulegoa.org\/eu\/wp-json\/wp\/v2\/media\/5033"}],"wp:attachment":[{"href":"https:\/\/bulegoa.org\/eu\/wp-json\/wp\/v2\/media?parent=7155"}],"curies":[{"name":"wp","href":"https:\/\/api.w.org\/{rel}","templated":true}]}}