{"id":4856,"date":"2017-06-01T21:57:21","date_gmt":"2017-06-01T19:57:21","guid":{"rendered":"https:\/\/bulegoa.org\/web\/?page_id=4856\/"},"modified":"2017-08-07T18:56:22","modified_gmt":"2017-08-07T16:56:22","slug":"el-contrato-liburuaren-aurkezpena-azkuna-zentroan","status":"publish","type":"page","link":"https:\/\/bulegoa.org\/eu\/el-contrato\/el-contrato-liburuaren-aurkezpena-azkuna-zentroan\/","title":{"rendered":"EL CONTRATO liburuaren aurkezpena Azkuna Zentroan"},"content":{"rendered":"<p>EL CONTRATO<a href=\"https:\/\/bulegoa.org\/eu\/aldiriak\/kontratua\"><\/a> argitalpenak amaiera ematen dio Bulegoa z\/b ekimenak Azkuna Zentroan izan duen bi urteko egoitza-aldian garatutako proiektuari.<\/p>\n<p>EL CONTRATO proiektuak sakon ikertu nahi izan du esan gabeko eta oro har onartutako akordioek nola baldintzatzen dituzten kontuak egiteko, egoteko eta jokatzeko moduak eta praktikak. Hiru unetan garatu da: lehenik, irakurketa-talde bat izan zen, 2013ko apirila eta 2014ko urtarrila bitartean, eta horrek aukera eman zuen aldian behin testuen inguruan bilduz ikasteko eta hausnarketa egiteko; gero, hogei bat artistaren obra biltzen zuen erakusketa egon zen, 2014ko urria eta 2015eko urtarrila bitartean, irakurketa-saioetan landutako gaien inguruan egituratuta, eta zinema-programa batekin, hitzaldiekin, performanceekin eta beste irakurketa-talde batekin osatuta; eta, bukatzeko, liburua dago. Filiep Tacq-ek diseinatutako liburu honek modu partzialean jasotzen ditu aurreko bi uneak, eta, horrez gain, hamar testu biltzen ditu. Testu horietan, EL CONTRATO proiektuan sartuta egon diren hainbat lagunek hausnarketa egiten dute tituluak adierazten duen nozioari buruz. Testuen egileak: Elena Casado eta Pablo Meseguer, Beatriz Cavia, Miren Jaio, Jorge Laespada, Teresa Lanceta, Karl Larsson, Isabel de Naver\u00e1n, Sergej Goran Prista\u0161, Camila T\u00e9llez, Leire Vergara.<\/p>\n<p><strong>Lekua:<\/strong> Jarduera Osagarrien Zentroa. 2. solairua. Azkuna Zentroa, Bilbo.<\/p>\n<p>EL CONTRATO Bulegoa z\/b ekimenak sortutako, eta Azkuna Zentroak antolatu eta ekoitzitako proiektu bat da.<\/p>\n<p>Informazio gehiago: <a href=\"http:\/\/www.azkunazentroa.com\">www.azkunazentroa.com<\/a><\/p>\n<p><img loading=\"lazy\" class=\"image image-preview \" title=\"\" src=\"https:\/\/bulegoa.org\/sites\/default\/files\/images\/Logoa Az Ab.jpg\" alt=\"\" width=\"164\" height=\"164\" \/><\/p>\n","protected":false},"excerpt":{"rendered":"<p>EL CONTRATO argitalpenak amaiera ematen dio Bulegoa z\/b ekimenak Azkuna Zentroan izan duen bi urteko egoitza-aldian garatutako proiektuari. EL CONTRATO proiektuak sakon ikertu nahi izan du esan gabeko eta oro har onartutako akordioek nola baldintzatzen dituzten kontuak egiteko, egoteko eta jokatzeko moduak eta praktikak. Hiru unetan garatu da: lehenik, irakurketa-talde bat izan zen, 2013ko apirila [&hellip;]<\/p>\n","protected":false},"author":1,"featured_media":0,"parent":1372,"menu_order":0,"comment_status":"closed","ping_status":"closed","template":"","meta":[],"acf":[],"yoast_head":"<!-- This site is optimized with the Yoast SEO plugin v20.4 - https:\/\/yoast.com\/wordpress\/plugins\/seo\/ -->\n<title>EL CONTRATO liburuaren aurkezpena Azkuna Zentroan - Bulegoa z\/b<\/title>\n<meta name=\"robots\" content=\"index, follow, max-snippet:-1, max-image-preview:large, max-video-preview:-1\" \/>\n<link rel=\"canonical\" href=\"https:\/\/bulegoa.org\/eu\/el-contrato\/el-contrato-liburuaren-aurkezpena-azkuna-zentroan\/\" \/>\n<meta property=\"og:locale\" content=\"eu_ES\" \/>\n<meta property=\"og:type\" content=\"article\" \/>\n<meta property=\"og:title\" content=\"EL CONTRATO liburuaren aurkezpena Azkuna Zentroan - Bulegoa z\/b\" \/>\n<meta property=\"og:description\" content=\"EL CONTRATO argitalpenak amaiera ematen dio Bulegoa z\/b ekimenak Azkuna Zentroan izan duen bi urteko egoitza-aldian garatutako proiektuari. EL CONTRATO proiektuak sakon ikertu nahi izan du esan gabeko eta oro har onartutako akordioek nola baldintzatzen dituzten kontuak egiteko, egoteko eta jokatzeko moduak eta praktikak. Hiru unetan garatu da: lehenik, irakurketa-talde bat izan zen, 2013ko apirila [&hellip;]\" \/>\n<meta property=\"og:url\" content=\"https:\/\/bulegoa.org\/eu\/el-contrato\/el-contrato-liburuaren-aurkezpena-azkuna-zentroan\/\" \/>\n<meta property=\"og:site_name\" content=\"Bulegoa z\/b\" \/>\n<meta property=\"article:publisher\" content=\"https:\/\/www.facebook.com\/bulegoazb\/\" \/>\n<meta property=\"article:modified_time\" content=\"2017-08-07T16:56:22+00:00\" \/>\n<meta property=\"og:image\" content=\"https:\/\/bulegoa.org\/web\/wp-content\/uploads\/2017\/04\/portada-bulegoa.jpg\" \/>\n\t<meta property=\"og:image:width\" content=\"1200\" \/>\n\t<meta property=\"og:image:height\" content=\"430\" \/>\n\t<meta property=\"og:image:type\" content=\"image\/jpeg\" \/>\n<meta name=\"twitter:card\" content=\"summary_large_image\" \/>\n<meta name=\"twitter:site\" content=\"@bulegoazb\" \/>\n<script type=\"application\/ld+json\" class=\"yoast-schema-graph\">{\"@context\":\"https:\/\/schema.org\",\"@graph\":[{\"@type\":\"WebPage\",\"@id\":\"https:\/\/bulegoa.org\/eu\/el-contrato\/el-contrato-liburuaren-aurkezpena-azkuna-zentroan\/\",\"url\":\"https:\/\/bulegoa.org\/eu\/el-contrato\/el-contrato-liburuaren-aurkezpena-azkuna-zentroan\/\",\"name\":\"EL CONTRATO liburuaren aurkezpena Azkuna Zentroan - Bulegoa z\/b\",\"isPartOf\":{\"@id\":\"https:\/\/bulegoa.org\/#website\"},\"datePublished\":\"2017-06-01T19:57:21+00:00\",\"dateModified\":\"2017-08-07T16:56:22+00:00\",\"breadcrumb\":{\"@id\":\"https:\/\/bulegoa.org\/eu\/el-contrato\/el-contrato-liburuaren-aurkezpena-azkuna-zentroan\/#breadcrumb\"},\"inLanguage\":\"eu-ES\",\"potentialAction\":[{\"@type\":\"ReadAction\",\"target\":[\"https:\/\/bulegoa.org\/eu\/el-contrato\/el-contrato-liburuaren-aurkezpena-azkuna-zentroan\/\"]}]},{\"@type\":\"BreadcrumbList\",\"@id\":\"https:\/\/bulegoa.org\/eu\/el-contrato\/el-contrato-liburuaren-aurkezpena-azkuna-zentroan\/#breadcrumb\",\"itemListElement\":[{\"@type\":\"ListItem\",\"position\":1,\"name\":\"Home\",\"item\":\"https:\/\/bulegoa.org\/eu\/\"},{\"@type\":\"ListItem\",\"position\":2,\"name\":\"EL CONTRATO\",\"item\":\"https:\/\/bulegoa.org\/eu\/el-contrato\/\"},{\"@type\":\"ListItem\",\"position\":3,\"name\":\"EL CONTRATO liburuaren aurkezpena Azkuna Zentroan\"}]},{\"@type\":\"WebSite\",\"@id\":\"https:\/\/bulegoa.org\/#website\",\"url\":\"https:\/\/bulegoa.org\/\",\"name\":\"Bulegoa z\/b\",\"description\":\"\",\"potentialAction\":[{\"@type\":\"SearchAction\",\"target\":{\"@type\":\"EntryPoint\",\"urlTemplate\":\"https:\/\/bulegoa.org\/?s={search_term_string}\"},\"query-input\":\"required name=search_term_string\"}],\"inLanguage\":\"eu-ES\"}]}<\/script>\n<!-- \/ Yoast SEO plugin. -->","yoast_head_json":{"title":"EL CONTRATO liburuaren aurkezpena Azkuna Zentroan - Bulegoa z\/b","robots":{"index":"index","follow":"follow","max-snippet":"max-snippet:-1","max-image-preview":"max-image-preview:large","max-video-preview":"max-video-preview:-1"},"canonical":"https:\/\/bulegoa.org\/eu\/el-contrato\/el-contrato-liburuaren-aurkezpena-azkuna-zentroan\/","og_locale":"eu_ES","og_type":"article","og_title":"EL CONTRATO liburuaren aurkezpena Azkuna Zentroan - Bulegoa z\/b","og_description":"EL CONTRATO argitalpenak amaiera ematen dio Bulegoa z\/b ekimenak Azkuna Zentroan izan duen bi urteko egoitza-aldian garatutako proiektuari. EL CONTRATO proiektuak sakon ikertu nahi izan du esan gabeko eta oro har onartutako akordioek nola baldintzatzen dituzten kontuak egiteko, egoteko eta jokatzeko moduak eta praktikak. Hiru unetan garatu da: lehenik, irakurketa-talde bat izan zen, 2013ko apirila [&hellip;]","og_url":"https:\/\/bulegoa.org\/eu\/el-contrato\/el-contrato-liburuaren-aurkezpena-azkuna-zentroan\/","og_site_name":"Bulegoa z\/b","article_publisher":"https:\/\/www.facebook.com\/bulegoazb\/","article_modified_time":"2017-08-07T16:56:22+00:00","og_image":[{"width":1200,"height":430,"url":"https:\/\/bulegoa.org\/web\/wp-content\/uploads\/2017\/04\/portada-bulegoa.jpg","type":"image\/jpeg"}],"twitter_card":"summary_large_image","twitter_site":"@bulegoazb","schema":{"@context":"https:\/\/schema.org","@graph":[{"@type":"WebPage","@id":"https:\/\/bulegoa.org\/eu\/el-contrato\/el-contrato-liburuaren-aurkezpena-azkuna-zentroan\/","url":"https:\/\/bulegoa.org\/eu\/el-contrato\/el-contrato-liburuaren-aurkezpena-azkuna-zentroan\/","name":"EL CONTRATO liburuaren aurkezpena Azkuna Zentroan - Bulegoa z\/b","isPartOf":{"@id":"https:\/\/bulegoa.org\/#website"},"datePublished":"2017-06-01T19:57:21+00:00","dateModified":"2017-08-07T16:56:22+00:00","breadcrumb":{"@id":"https:\/\/bulegoa.org\/eu\/el-contrato\/el-contrato-liburuaren-aurkezpena-azkuna-zentroan\/#breadcrumb"},"inLanguage":"eu-ES","potentialAction":[{"@type":"ReadAction","target":["https:\/\/bulegoa.org\/eu\/el-contrato\/el-contrato-liburuaren-aurkezpena-azkuna-zentroan\/"]}]},{"@type":"BreadcrumbList","@id":"https:\/\/bulegoa.org\/eu\/el-contrato\/el-contrato-liburuaren-aurkezpena-azkuna-zentroan\/#breadcrumb","itemListElement":[{"@type":"ListItem","position":1,"name":"Home","item":"https:\/\/bulegoa.org\/eu\/"},{"@type":"ListItem","position":2,"name":"EL CONTRATO","item":"https:\/\/bulegoa.org\/eu\/el-contrato\/"},{"@type":"ListItem","position":3,"name":"EL CONTRATO liburuaren aurkezpena Azkuna Zentroan"}]},{"@type":"WebSite","@id":"https:\/\/bulegoa.org\/#website","url":"https:\/\/bulegoa.org\/","name":"Bulegoa z\/b","description":"","potentialAction":[{"@type":"SearchAction","target":{"@type":"EntryPoint","urlTemplate":"https:\/\/bulegoa.org\/?s={search_term_string}"},"query-input":"required name=search_term_string"}],"inLanguage":"eu-ES"}]}},"_links":{"self":[{"href":"https:\/\/bulegoa.org\/eu\/wp-json\/wp\/v2\/pages\/4856"}],"collection":[{"href":"https:\/\/bulegoa.org\/eu\/wp-json\/wp\/v2\/pages"}],"about":[{"href":"https:\/\/bulegoa.org\/eu\/wp-json\/wp\/v2\/types\/page"}],"author":[{"embeddable":true,"href":"https:\/\/bulegoa.org\/eu\/wp-json\/wp\/v2\/users\/1"}],"replies":[{"embeddable":true,"href":"https:\/\/bulegoa.org\/eu\/wp-json\/wp\/v2\/comments?post=4856"}],"version-history":[{"count":2,"href":"https:\/\/bulegoa.org\/eu\/wp-json\/wp\/v2\/pages\/4856\/revisions"}],"predecessor-version":[{"id":4931,"href":"https:\/\/bulegoa.org\/eu\/wp-json\/wp\/v2\/pages\/4856\/revisions\/4931"}],"up":[{"embeddable":true,"href":"https:\/\/bulegoa.org\/eu\/wp-json\/wp\/v2\/pages\/1372"}],"wp:attachment":[{"href":"https:\/\/bulegoa.org\/eu\/wp-json\/wp\/v2\/media?parent=4856"}],"curies":[{"name":"wp","href":"https:\/\/api.w.org\/{rel}","templated":true}]}}