{"id":2120,"date":"2017-05-12T12:33:34","date_gmt":"2017-05-12T10:33:34","guid":{"rendered":"https:\/\/bulegoa.org\/web\/?page_id=2120\/"},"modified":"2019-01-21T13:40:06","modified_gmt":"2019-01-21T12:40:06","slug":"18-argazki-eta-18-istorio","status":"publish","type":"page","link":"https:\/\/bulegoa.org\/eu\/18-argazki-eta-18-istorio\/","title":{"rendered":"18 argazki eta 18 istorio"},"content":{"rendered":"<p><em>18 pictures and 18 stories \/ 18 fotograf\u00edas y 18 historias<\/em> Bulegoa z\/b ekimenak Amsterdameko If I Can\u2019t Dance I Don\u2019t Want To Be Part Of Your Revolution plataformarekin lankidetzan egindako proiektu bat da. Isidoro Valc\u00e1rcel Medinaren\u00a0<em>Performance in Resistance<\/em>\u00a0artelana bi eratara aurkeztu eta lagundu du: zazpi hiritan barrena 2012ko otsaila eta azaroa artean egindako bidaia baten bitartez, eta liburu bat argitaratuz.<\/p>\n<p>Ingelesez eta gaztelaniaz argitaratutako liburu elebiduna da <em>18 pictures and<\/em> <em>18 stories \/ 18 fotograf\u00edas y 18 historias<\/em>. Filiep Tacq-ek diseinatu du eta, Isidoro Valc\u00e1rcel Medinaren <em>Performance in Resistance<\/em> sailaz gain, zazpi geldialdietako kontatzaileen testuak eta artistaren testua biltzen dira han. <em>18 pictures and 18 stories\u00a0\/ 18 fotograf\u00edas y 18 historias<\/em>\u00a0ekoizpenak honen finantziazioa jaso du:\u00a0<em>Corpus: a network for performance practice<\/em>.<\/p>\n<p>Liburuak 25\u20acko prezioa du eta salgai dago Bulegoa z\/b-ko egoitzan.<\/p>\n<p><em>18 pictures and 18 stories \/ 18 fotograf\u00edas y 18 historias<\/em> liburuan Jon Mikel Eubak jatorriz gaztelaniaz idatzitako \u201cC\u00f3mo leer el valor de una resistencia (a 120 por hora)\u201d ez da osorik azaltzen. Bertsio osoa <a href=\"https:\/\/bulegoa.org\/sites\/default\/files\/Jon_Mikel_Euba_con_nota_larga.pdf\"><u>hemen deskargatu ahal dozu<\/u><\/a>.<\/p>\n<p>2010eko udazkenean, If I Can\u2019t Dance plataformak Valc\u00e1rcel Medina eta Bulegoa z\/b gonbidatu zituen, &#8220;Performance in Residence&#8221; programan parte har zezaten. Programa horrek iraganeko performanceak aztertzen eta ikertzen ditu, oraingo praktikaren ikuspegitik abiatuta. Gonbidapenari erantzuna emate aldera, Valc\u00e1rcel Medinak\u00a0<em>Performance in Resistance<\/em>\u00a0prestatu zuen: Roc\u00edo Are\u00e1n Guti\u00e9rrezek ateratako <a href=\"https:\/\/bulegoa.org\/web\/wp-content\/uploads\/2017\/05\/PiR_IVM_2011.pdf\" target=\"_blank\" rel=\"noopener\">18 argazki, <em>passe-partout<\/em> euskarrian jarrita<\/a>, eta, bertan, 1965. eta 1993. urteen artean artistak hainbat hiritan egin zituen zenbait ekintza. Horietariko asko ez ziren dokumentatu. Horrela, lan berriak bizi izandako unearen eta dokumentuaren arteko tentsioak erakusten ditu, gertatutakoaren eta fikzioaren arteko tentsioak. Bestalde,\u00a0<em>Performance in Resistance<\/em>\u00a0artelanak Valc\u00e1rcel Medinaren jardutea arautzen duen oinarria ematen du aditzera, hau da, instituzio edo diziplina guztiek \u2013eta, horien artean, diziplina historikoak\u2013 dituzten konbentzioen mende jartzeari aurre egiteko jarrera. Aurre egite performatibo hori azaltzen da, artistak sineste sendoz uste duelako berak duen material bakarra bere une historikoa dela, eta irudimenak \u201cezkutatzen duen aberastasunetik abiatuta mundua mugiarazten dela\u201d.<\/p>\n<p><em>18 pictures and 18 stories \/ 18 fotograf\u00edas y 18 historias<\/em> proiektuak aztergaia aldatu eta berpiztu zezakeen irudimenezko jardute gisa hartzen zuen ikerketa, eta, abiaburu hori izanda, kontakizun ibiltariak ekoizten zituen gailu baten itxura hartu zuen. Ildo horretan, hogeita bat laguni gonbit egin zitzaien,\u00a0<em>Performance in Resistance<\/em>\u00a0artelana eratzen duten hamazortzi argazkietako bat har zezaten eta kontakizun bat osa zezaten. Zazpi geldialdietan, Isidoro Valc\u00e1rcel Medina telefonoan egon zen, harremanetan jartzeko moduan, kontatzaileek edo entzuleek galderaren bat egin nahi izanez gero erantzuteko.<\/p>\n<p><em><strong>18 pictures and 18 stories \/ 18 fotograf\u00edas y 18 historias<\/strong><\/em><strong>-en geldialdiak<\/strong><\/p>\n<p>* 2012ko otsailaren 26a: If I Can&#8217;t Dance Het Veem Theater-en, Amsterdam<br \/>\nKontatzaileak: Moosje Goosen, Esteban Pujals Gesal\u00ed, Emilio Moreno<\/p>\n<p>* 2012ko apirilaren 20a: Bulegoa z\/b, Bilbo<br \/>\nKontatzaileak: Jos\u00e9 D\u00edaz Cuy\u00e1s, Azucena Vieites, Jaime Vallaure<\/p>\n<p>* 2012ko uztailaren 6a: Fundaci\u00f3 Antoni T\u00e0pies, Bartzelona<br \/>\nKontatzaileak: Nuria Enguita Mayo, Aimar P\u00e9rez Gal\u00ed,\u00a0Manuel Mart\u00ednez Ribas<\/p>\n<p>* 2012ko urriaren 27a: CAC Br\u00e9tigny, Paris Handia<br \/>\nKontatzaileak: Esther Ferrer, Jon Mikel Euba, Pierre Bal-Blanc<\/p>\n<p>* 2012ko azaroaren 6a: BNV Producciones, Sevilla<br \/>\nKontatzaileak: Miren Jaio, Isa\u00edas Gri\u00f1olo, Pedro G. Romero<\/p>\n<p>* 2012ko azaroaren 11a: Playground Festival STUK\/Museum M, Lovaina<br \/>\nKontatzaileak: Koen Brams, Dora Garc\u00eda, Myriam Van Imschoot<\/p>\n<p>* 2012ko azaroaren 9a: MAC S\u00e3o Paulo, S\u00e3o Paulo<br \/>\nKontatzaileak: GEACC, Juan Dom\u00ednguez, Carla Zaccagnini<br \/>\nErakusketa 2013ko otsailaren 28 arte<\/p>\n<p>* 2013ko urriaren 4a: Tate Modern, Londres<br \/>\n<em>18 pictures and 18 stories \/ 18 fotograf\u00edas y 18 historias<\/em> liburuaren aurkezpena, Isidoro Valc\u00e1rcel Medinaren \u201cSer traducido\u201d (\u201cItzulia izatea\u201d) hitzaldia eta solasaldia artista, Esther Ferrer eta Dora Garc\u00eda artean<\/p>\n<p><em>18 pictures and 18 stories \/ 18 fotograf\u00edas y 18 historias<\/em> honako instituzioek ekoiztu dute elkarlanean: BNV Producciones, Sevilla; Bulegoa z\/b, Bilbo; CAC Br\u00e9tigny, Paris Handia; If I Can\u2019t Dance, I Don\u2019t Want To Be Part Of Your Revolution, Amsterdam; Museu de Arte Contempor\u00e2nea da Universidade de S\u00e3o Paulo (MAC USP); STUK arte zentrua\/Museum M-ko Playground festibala, Lovaina; Fundaci\u00f3 Antoni T\u00e0pies, Bartzelona; Tate Modern, Londres; eta Het Veem Theater, Amsterdam.<\/p>\n<p><em>18 pictures and 18 stories \/ 18 fotograf\u00edas y 18 historias<\/em> performanceak eta liburua <em>Corpus: a network for performance practice-n<\/em> laguntzari esker gauzatu dira. <em>Corpus<\/em> Europar Batasunak finantzatutako ekimena da.<\/p>\n<p><span class=\"inline inline-left\"><img loading=\"lazy\" class=\"image image-preview \" title=\"\" src=\"https:\/\/bulegoa.org\/sites\/default\/files\/images\/EU_flag_cult_EN_BW.jpeg\" alt=\"\" width=\"362\" height=\"116\" \/><\/span><\/p>\n","protected":false},"excerpt":{"rendered":"<p>18 pictures and 18 stories \/ 18 fotograf\u00edas y 18 historias Bulegoa z\/b ekimenak Amsterdameko If I Can\u2019t Dance I Don\u2019t Want To Be Part Of Your Revolution plataformarekin lankidetzan egindako proiektu bat da. Isidoro Valc\u00e1rcel Medinaren\u00a0Performance in Resistance\u00a0artelana bi eratara aurkeztu eta lagundu du: zazpi hiritan barrena 2012ko otsaila eta azaroa artean egindako bidaia [&hellip;]<\/p>\n","protected":false},"author":1,"featured_media":0,"parent":0,"menu_order":0,"comment_status":"closed","ping_status":"closed","template":"","meta":[],"acf":[],"yoast_head":"<!-- This site is optimized with the Yoast SEO plugin v20.4 - https:\/\/yoast.com\/wordpress\/plugins\/seo\/ -->\n<title>18 argazki eta 18 istorio - Bulegoa z\/b<\/title>\n<meta name=\"robots\" content=\"index, follow, max-snippet:-1, max-image-preview:large, max-video-preview:-1\" \/>\n<link rel=\"canonical\" href=\"https:\/\/bulegoa.org\/eu\/18-argazki-eta-18-istorio\/\" \/>\n<meta property=\"og:locale\" content=\"eu_ES\" \/>\n<meta property=\"og:type\" content=\"article\" \/>\n<meta property=\"og:title\" content=\"18 argazki eta 18 istorio - Bulegoa z\/b\" \/>\n<meta property=\"og:description\" content=\"18 pictures and 18 stories \/ 18 fotograf\u00edas y 18 historias Bulegoa z\/b ekimenak Amsterdameko If I Can\u2019t Dance I Don\u2019t Want To Be Part Of Your Revolution plataformarekin lankidetzan egindako proiektu bat da. Isidoro Valc\u00e1rcel Medinaren\u00a0Performance in Resistance\u00a0artelana bi eratara aurkeztu eta lagundu du: zazpi hiritan barrena 2012ko otsaila eta azaroa artean egindako bidaia [&hellip;]\" \/>\n<meta property=\"og:url\" content=\"https:\/\/bulegoa.org\/eu\/18-argazki-eta-18-istorio\/\" \/>\n<meta property=\"og:site_name\" content=\"Bulegoa z\/b\" \/>\n<meta property=\"article:publisher\" content=\"https:\/\/www.facebook.com\/bulegoazb\/\" \/>\n<meta property=\"article:modified_time\" content=\"2019-01-21T12:40:06+00:00\" \/>\n<meta property=\"og:image\" content=\"https:\/\/bulegoa.org\/sites\/default\/files\/images\/EU_flag_cult_EN_BW.jpeg\" \/>\n<meta name=\"twitter:card\" content=\"summary_large_image\" \/>\n<meta name=\"twitter:site\" content=\"@bulegoazb\" \/>\n<script type=\"application\/ld+json\" class=\"yoast-schema-graph\">{\"@context\":\"https:\/\/schema.org\",\"@graph\":[{\"@type\":\"WebPage\",\"@id\":\"https:\/\/bulegoa.org\/eu\/18-argazki-eta-18-istorio\/\",\"url\":\"https:\/\/bulegoa.org\/eu\/18-argazki-eta-18-istorio\/\",\"name\":\"18 argazki eta 18 istorio - Bulegoa z\/b\",\"isPartOf\":{\"@id\":\"https:\/\/bulegoa.org\/#website\"},\"datePublished\":\"2017-05-12T10:33:34+00:00\",\"dateModified\":\"2019-01-21T12:40:06+00:00\",\"breadcrumb\":{\"@id\":\"https:\/\/bulegoa.org\/eu\/18-argazki-eta-18-istorio\/#breadcrumb\"},\"inLanguage\":\"eu-ES\",\"potentialAction\":[{\"@type\":\"ReadAction\",\"target\":[\"https:\/\/bulegoa.org\/eu\/18-argazki-eta-18-istorio\/\"]}]},{\"@type\":\"BreadcrumbList\",\"@id\":\"https:\/\/bulegoa.org\/eu\/18-argazki-eta-18-istorio\/#breadcrumb\",\"itemListElement\":[{\"@type\":\"ListItem\",\"position\":1,\"name\":\"Home\",\"item\":\"https:\/\/bulegoa.org\/eu\/\"},{\"@type\":\"ListItem\",\"position\":2,\"name\":\"18 argazki eta 18 istorio\"}]},{\"@type\":\"WebSite\",\"@id\":\"https:\/\/bulegoa.org\/#website\",\"url\":\"https:\/\/bulegoa.org\/\",\"name\":\"Bulegoa z\/b\",\"description\":\"\",\"potentialAction\":[{\"@type\":\"SearchAction\",\"target\":{\"@type\":\"EntryPoint\",\"urlTemplate\":\"https:\/\/bulegoa.org\/?s={search_term_string}\"},\"query-input\":\"required name=search_term_string\"}],\"inLanguage\":\"eu-ES\"}]}<\/script>\n<!-- \/ Yoast SEO plugin. -->","yoast_head_json":{"title":"18 argazki eta 18 istorio - Bulegoa z\/b","robots":{"index":"index","follow":"follow","max-snippet":"max-snippet:-1","max-image-preview":"max-image-preview:large","max-video-preview":"max-video-preview:-1"},"canonical":"https:\/\/bulegoa.org\/eu\/18-argazki-eta-18-istorio\/","og_locale":"eu_ES","og_type":"article","og_title":"18 argazki eta 18 istorio - Bulegoa z\/b","og_description":"18 pictures and 18 stories \/ 18 fotograf\u00edas y 18 historias Bulegoa z\/b ekimenak Amsterdameko If I Can\u2019t Dance I Don\u2019t Want To Be Part Of Your Revolution plataformarekin lankidetzan egindako proiektu bat da. Isidoro Valc\u00e1rcel Medinaren\u00a0Performance in Resistance\u00a0artelana bi eratara aurkeztu eta lagundu du: zazpi hiritan barrena 2012ko otsaila eta azaroa artean egindako bidaia [&hellip;]","og_url":"https:\/\/bulegoa.org\/eu\/18-argazki-eta-18-istorio\/","og_site_name":"Bulegoa z\/b","article_publisher":"https:\/\/www.facebook.com\/bulegoazb\/","article_modified_time":"2019-01-21T12:40:06+00:00","og_image":[{"url":"https:\/\/bulegoa.org\/sites\/default\/files\/images\/EU_flag_cult_EN_BW.jpeg"}],"twitter_card":"summary_large_image","twitter_site":"@bulegoazb","schema":{"@context":"https:\/\/schema.org","@graph":[{"@type":"WebPage","@id":"https:\/\/bulegoa.org\/eu\/18-argazki-eta-18-istorio\/","url":"https:\/\/bulegoa.org\/eu\/18-argazki-eta-18-istorio\/","name":"18 argazki eta 18 istorio - Bulegoa z\/b","isPartOf":{"@id":"https:\/\/bulegoa.org\/#website"},"datePublished":"2017-05-12T10:33:34+00:00","dateModified":"2019-01-21T12:40:06+00:00","breadcrumb":{"@id":"https:\/\/bulegoa.org\/eu\/18-argazki-eta-18-istorio\/#breadcrumb"},"inLanguage":"eu-ES","potentialAction":[{"@type":"ReadAction","target":["https:\/\/bulegoa.org\/eu\/18-argazki-eta-18-istorio\/"]}]},{"@type":"BreadcrumbList","@id":"https:\/\/bulegoa.org\/eu\/18-argazki-eta-18-istorio\/#breadcrumb","itemListElement":[{"@type":"ListItem","position":1,"name":"Home","item":"https:\/\/bulegoa.org\/eu\/"},{"@type":"ListItem","position":2,"name":"18 argazki eta 18 istorio"}]},{"@type":"WebSite","@id":"https:\/\/bulegoa.org\/#website","url":"https:\/\/bulegoa.org\/","name":"Bulegoa z\/b","description":"","potentialAction":[{"@type":"SearchAction","target":{"@type":"EntryPoint","urlTemplate":"https:\/\/bulegoa.org\/?s={search_term_string}"},"query-input":"required name=search_term_string"}],"inLanguage":"eu-ES"}]}},"_links":{"self":[{"href":"https:\/\/bulegoa.org\/eu\/wp-json\/wp\/v2\/pages\/2120"}],"collection":[{"href":"https:\/\/bulegoa.org\/eu\/wp-json\/wp\/v2\/pages"}],"about":[{"href":"https:\/\/bulegoa.org\/eu\/wp-json\/wp\/v2\/types\/page"}],"author":[{"embeddable":true,"href":"https:\/\/bulegoa.org\/eu\/wp-json\/wp\/v2\/users\/1"}],"replies":[{"embeddable":true,"href":"https:\/\/bulegoa.org\/eu\/wp-json\/wp\/v2\/comments?post=2120"}],"version-history":[{"count":7,"href":"https:\/\/bulegoa.org\/eu\/wp-json\/wp\/v2\/pages\/2120\/revisions"}],"predecessor-version":[{"id":7522,"href":"https:\/\/bulegoa.org\/eu\/wp-json\/wp\/v2\/pages\/2120\/revisions\/7522"}],"wp:attachment":[{"href":"https:\/\/bulegoa.org\/eu\/wp-json\/wp\/v2\/media?parent=2120"}],"curies":[{"name":"wp","href":"https:\/\/api.w.org\/{rel}","templated":true}]}}