{"id":1937,"date":"2016-11-14T00:00:00","date_gmt":"2016-11-13T23:00:00","guid":{"rendered":"https:\/\/bulegoa.org\/web\/una-tirada-de-dados-bi-ataleko-elkarrizketa-bat-hiruren-artean-israel-galvan-pedro-g-romerorekin-eta-filiep-tacqekin\/"},"modified":"2017-10-12T01:20:25","modified_gmt":"2017-10-11T23:20:25","slug":"una-tirada-de-dados-bi-ataleko-elkarrizketa-bat-hiruren-artean-israel-galvan-pedro-g-romerorekin-eta-filiep-tacqekin","status":"publish","type":"page","link":"https:\/\/bulegoa.org\/eu\/etorkizuneko-liburua\/una-tirada-de-dados-bi-ataleko-elkarrizketa-bat-hiruren-artean-israel-galvan-pedro-g-romerorekin-eta-filiep-tacqekin\/","title":{"rendered":"Una tirada de dados&#8230; Bi ataleko elkarrizketa bat hiruren artean. Israel Galv\u00e1n Pedro G. Romerorekin eta Filiep Tacqekin"},"content":{"rendered":"<p><img loading=\"lazy\" class=\"alignnone size-medium wp-image-5457\" src=\"https:\/\/bulegoa.org\/web\/wp-content\/uploads\/2016\/11\/una_tirada_de_dados_-600x400.jpg\" alt=\"\" width=\"600\" height=\"400\" srcset=\"https:\/\/bulegoa.org\/web\/wp-content\/uploads\/2016\/11\/una_tirada_de_dados_-600x400.jpg 600w, https:\/\/bulegoa.org\/web\/wp-content\/uploads\/2016\/11\/una_tirada_de_dados_-768x512.jpg 768w, https:\/\/bulegoa.org\/web\/wp-content\/uploads\/2016\/11\/una_tirada_de_dados_-1000x667.jpg 1000w, https:\/\/bulegoa.org\/web\/wp-content\/uploads\/2016\/11\/una_tirada_de_dados_-1500x1000.jpg 1500w, https:\/\/bulegoa.org\/web\/wp-content\/uploads\/2016\/11\/una_tirada_de_dados_-375x250.jpg 375w, https:\/\/bulegoa.org\/web\/wp-content\/uploads\/2016\/11\/una_tirada_de_dados_.jpg 2000w\" sizes=\"(max-width: 600px) 100vw, 600px\" \/><\/p>\n<p>Una tirada de dados\u2026, Israel Galv\u00e1n, Pedro G. Romero eta Filiep Tacq. Playground, Leuven. Argazkilaritza: Joeri Thiry \/ STUK.<\/p>\n<p>&#8220;Dado jaurtiketa bat&#8230;&#8221;<\/p>\n<p class=\"rteright\"><em>Erromatar pikaroek<br \/>\njaunaren soingainekoa<br \/>\ndadoetan jokatu zuten<br \/>\nUtzi zizkiguten latinak<br \/>\nerromatarrak, legeak eta bideak,<br \/>\nerromatar soldaduek.<\/em><\/p>\n<p class=\"rteright\">(Puente Genileko kuarteleko saeta)<\/p>\n<p>Emanaldi hau Bulegoa z\/b ekimenean hasitako \u201cEtorkizuneko liburua\u201d proiektuaren atal bat da, artistaren liburuaren performatibotasuna du ardatz eta Marcel Broodthaersen bost lan ditu abiapuntu, hain zuzen, bost liburu.<\/p>\n<p>Hainbat eragile gonbidatu ditugu gogoeta egitera eta gai honetaz hitz egitera: artistak, historialariak, komisarioak, idazleak, eta abar; betiere euren parte hartzea Marcel Broodthaersen bost liburu horietako batekin, euren esanahi-eremuekin eta osatzen joan den adierazleekin lotuz.<\/p>\n<p><em>\u201cUn coup de d\u00e9s jamais n\u2019abolira le hazard\u201d (Dado jaurtiketa batek ez du inoiz zoria desegingo)<\/em> St\u00e9phane Mallarm\u00e9ren poema bat da, eta Gallimardek argitaratu zuen 1914an, poeta hil ostean. Marcel Broodthaersek berrinterpretatu zuen 1969an, eta horixe da saio honen abiapuntua: Israel Galv\u00e1n flamenko-dantzariak Pedro G. Romerorekin eta Filiep Tacqekin batera osatutako <em>\u201cUna tirada de dados\u2026\u201d<\/em>, Belgikako Lovainako <a href=\"http:\/\/www.playgroundfestival.be\/en\/program\/una-tirada-de-dados\">Playground<\/a> Jaialdian egingo dena.<\/p>\n<p class=\"rtecenter\">***<\/p>\n<p>St\u00e9phane Mallarm\u00e9 arte modernoaren espazioa asmatu zuen poetatzat jotzen da: lehenengo aldiz poema \u2013idaztea bera\u2013 orriaren ertzen zurruntasunetik askatu zuen, eta hitzei orriaren gainean planeatzen utzi zien, jarraibide ireki batez, zinema jaio zen garai bereko jarraibide musikal batez, beharbada. Hori dela eta, aldi berean, irakurketa linealaren ordena hautsi zuen, eta, horrela, abstrakzio-maila handitu zuen, esaldien eta hitzen artean elkarrekiko harreman berriak proposatuz, eta hizkuntzari egilearen asmoetatik, testuinguru sozialetik eta haren garaiko baldintzetatik harago doan autonomia itzuliz.<br \/>\nMarcel Broodthaers (MB) pauso bat aurrerago iritsi zen pausoaren irakurketarekin. Testuaren lerro guztiak barra edo lauki zuzen beltzekin estali zituen, irakurri ezinezko bihurtuz, irudi hutsera murriztuz: gune beteen eta hutsuneen eraikuntza batera. Barra beltz paraleloen erritmoa, musika partitura bat bezalakoa, baina arkitektura konstruktibista baten gisakoa ere bai, bai eta film abstraktu bat bezalakoa ere, baina zentsuratutako artxibo bat bezalakoa ere bai, bai eta inprimaki zibernetiko bat bezalakoa ere, baina baita&#8230; MBk bere izena jarri zuen azalean Mallarm\u00e9ren izenaren ordez, eta &#8220;poem&#8221; (poema) hitzaren lekuan &#8220;image&#8221; (irudia) hitza idatzi zuen.<\/p>\n<p>Israel Galv\u00e1n flamenko-dantzariaren lan barruan isiltasuna eta esekidurako mugimendua daude, zesura musikalak, keinu aldi berean zehatzak eta ezagutu ezinak, isilarazteko txistuak, barneko musika, gorputza eta haren atalak etengabe erakustea eta ezkutatzea, mihiaren klaskak, sekuentziak zatikatzea etengabe berrantolatuz, esaldiak totelka ahoskatzea, burutik, ahotik, hatzetatik, bularretik, hanketatik ihes egiten duten soinuak; gertaera testu bihurtuta.<\/p>\n<p>Ez da kasualitate hutsa Israel Galv\u00e1n bezalako bailaore bat Mallarm\u00e9k eta Broodthaersek, besteak beste, ibilitako bide berbera darabilten egiteko moduekin lotzea. Gutxien-gutxienean, flamenkoari horrelako izaera ezartzeko bat egin duten hiru tradizio aipa ditzakegu. Alde batetik, poeta \u201cflamenko\u201d batzuek Mallarm\u00e9rekin berarekin izandako harremana, bereziki Antonio Machadok eta Juan de Mairena heteronimoak izandakoa. Beste alde batetik, dantzaren eta zinematografoaren arteko harreman goiztiarra, haren bizikide baitzen barietateen esparruan, haren formen mimesia generoaren garapen artistikoan. Azkenik, Vicente Escudero dantzariak abangoardia kubistekin eta dadaistekin izan zuen harremana: haietatik abiatu ziren flamenko-dantzaren beraren tradizio erradikal, &#8220;primitibo&#8221; eta benetakoenak.<\/p>\n<p class=\"rtecenter\">***<\/p>\n<p>Sevillan izan zen Pedro G. Romero artista eta kuradorearen, Filiep Tacq arteko liburuen diseinatzailearen eta Israel Galv\u00e1n flamenko-dantzariaren arteko lehenengo elkarrizketa, eta gai hauek jorratu zituzten bertan: Mallarm\u00e9 eta hark flamenkoaren generoan utzitako arrasto gorabeheratsua; Broodthaersen irakurketa eta horren barruan Mallarm\u00e9ren poesiak lortutako ikusgarritasuna; (\u201cflamenco\u201d gaizki ulertuaren gagari buruz ere bai: alde batetik, Flandriako biztanlea, eta, bestetik, musika- eta dantza-genero espainiar, andaluziar eta ijitoko artista baita); liburu bat egiteko aukera, edo, hobeto esanda, liburu bat egiteko estrategia kontu horiei buruz pentsatzeko eta hausnarketa egiteko forma gisa erabiltzeko aukera.<\/p>\n<p>Horrenbestez, horretara hurbildu nahi dugu orain, hiru mintzakideren arteko bi ataleko elkarrizketa batekin; bertan Israel Galv\u00e1nek antzeztu, eta dantza egiten du, haren hitzekin, haren hizkerarekin. Lehenago, minutu batzuk lehenago, Pedro G. Romero eta Filiep Tacq gertakizun hori adierazten ahaleginduko dira; argibideak eta ikusmena handitzeko leiarrak emango dituzte, hurrena datozen keinuak irakurtzen laguntzeko, beharbada. Porrot egingo dute aintza osoan, Israel Galv\u00e1nen keinuak, musikak eta isiluneak liburu batean, testu batean, esandakoan itzularazteko ahaleginean.<\/p>\n<p>Elkarrizketa eta dantza horiek barne hartuko dituen kokalekua Lovaina hiriko Unibertsitate Liburutegia da, XX. mendeko 30. hamarkadan AEBen finantza-laguntzarekin berreraikia izan zena. Liburutegiaren historian zehar era guztietako gorabeherak izan dira. Liburutegia osatzen duen ondare bibliografikoa hainbat gatazkatatik iritsia da, gerra eta matxinadetan zehar ibilita, ezin konta ahala alditan zatikatu eta bildutako ondarea da. Azkena 1970ean, ondarearen zati bat komunitate frankofonoaren eta flamenkoaren artean banatu baitzen, bakoitiaren eta bikoitiaren prozesura erabiliz. Ale bakoitiak dira gaur egungo liburutegiko hormak betetzen dituztenak.<\/p>\n<p>Xehetasun anekdotiko bat azpimarratu nahiko genuke, garrantzi gutxikoa agian. Iparramerikarrek berreraikitako liburutegiko eraikina Sevillako Giraldaren arkitektura ereduarekin bukatuta dago; hiri horretan bizi dira, hain zuzen, Israel Galv\u00e1n eta Pedro G. Romero. XX. mende hasierako arkitektura zibil amerikarrean erabat ohikoa zen horrelako pinakuluarekin bukatzea. 4taxis kolektibo frantsesak &#8220;giralda egitea&#8221; deitzen zion argazkietarako posatze koreutikoko keinu jakin bati, eta XX. mendeko herri-kulturako eraikitzeko formetan ere aplikatzen zuten: New Yorkeko Empire State koroatzen zuen Giraldatik hasi, eta James Brownen ezaugarria zen poseraino, Maruja Malloren <em>performer<\/em> keinutik, San Frantziskoko zubi esekiko pinakuluetaraino, Kansas Cityko plaza nagusitik, Jos\u00e9 Greco, Jos\u00e9 de Triana edo Jos\u00e9 Lim\u00f3n bezalako bailaoreen poseetaraino.<\/p>\n<p><strong><br \/>\nBiografiak:<\/strong><\/p>\n<p><strong>Israel Galv\u00e1n<\/strong> (Sevilla, 1973) dantzari eta koreografo flamenko espainiarra da. Dantzako Sari Nazionala 2005ean. 2012an, Bessie Award for an Outstanding Production saria eman zioten New Yorken, eta Arte Ederretan izandako Merituaren Urrezko Domina ere bai. Sevillako Jos\u00e9 Galv\u00e1n eta Eugenia de Los Reyes dantzarien semea izanik, bost urte zituenetik berez bizi izan da tablao, festa eta dantza-akademietako giroetan, etxekoekin batera joanda. Nolanahi ere, 1990. urtea arte ez zitzaion dantzarekiko bokazioa piztu. 1994an Mario Mayak zuzendutako Andaluziako Dantza Konpainia sortu berriko partaide bihurtu zen. Era askotako proiektuetan aritu izan da sarri lankidetzan, elkarren artean oso desberdinak diren artistekin. Horien artean. honako hauek izan dira azpimarragarrienak haren ibilbidean: Enrique Morente, Manuel Soler eta Mario Maya, ahaztu gabe Sol Pic\u00f3, Pat Metheny, Vicente Amigo, Alfredo Lagos, Manuela Carrasco, Lagartija Nick, Fernando Terremoto, Miguel Poveda, Diego Carrasco, Gerardo Nu\u00f1ez, Belen Maya, Chicuelo, Joan Albert Amarg\u00f3s, Diego Amador, Arcangel, Ines Bacan, Estrella Morente\u2026 1998an <em>\u00a1Mira! \/ Los Zapatos Rojos (Begira! \/ Zapata Gorriak)<\/em> aurkeztu zuen, haren konpainiaren lehenengo ikuskizuna. Jenialtasuntzat hartu eta goraipatu zuen kritika espezializatuak, eta iraultza eragin zuen ikuskizun flamenkoak irudikatzeko moduan. Harrez gero, lan hauek egin ditu, hurrenez hurren: <em>La Metamorfosis<\/em> (2000), <em>Galv\u00e1nicas<\/em> (2002), <em>Arena<\/em> (2004), <em>La Edad De Oro<\/em> (2005), <em>T\u00e1bula Rasa<\/em> (2006), <em>Solo<\/em> (2007), <em>EL Final De Este Estado De Cosas, Redux<\/em> (2008), <em>La Curva<\/em> (2010) eta <em>Lo Real \/ Le R\u00e9el \/ The Real<\/em> (2012) eta <em>FLA.CO.MEN<\/em> (2014).<\/p>\n<p><strong>Filiep Tacq<\/strong> (Kortrijk, 1959) diseinatzaile grafiko independente lanetan dabil 1984tik, liburu, arte-katalogo eta artista-liburuetan espezializatuta. Ganteko Sint-Lucas Instituut-eko eta Maastricht-eko Jan van Eyck Academie-ko irakaslea izan da. Artisten argitalpenetan egin du lan, besteak beste, Francis Al\u00ffs, Ibon Aranberri, Marcel Broodthaers, James Coleman, Abbas Kiarostami, Moyra Davey, Pedro G. Romero, Rosa Barba eta Teresa Lancetarekin, eta, era berean, Bartzelonako Fundaci\u00f3 Antoni T\u00e0pies, New Yorkeko DIA Center for the Arts, Luxenburgoko Manifesta 2, Bartzelonako MACBA eta Bulegoa z\/b erakundeekin.<br \/>\nBulegoa z\/b ekimenarekin batera, Filiep Tacqek &#8220;Etorkizuneko liburua&#8221; proiektuari ekin dio (2015-2017), Marcel Broodthaersen bost liburu aztertzetik abiatuta.<\/p>\n<p><strong>Pedro G. Romero<\/strong> (Aracena, 1964) artista-lanetan dabil 1985etik. Gaur egun, bi gailu handi egiten ari da: Archivo F.X. eta M\u00e1quina P.H.. UNIA arteypensamienton eta PRPCn (Plataforma de Reflexi\u00f3n de Pol\u00edticas Culturales -Politika Kulturalen inguruko Gogoeta Plataforman-) parte hartzen du Sevillan. DSS2016 Kultur Hiriburutzarako <em>Bake ituna<\/em> proiektuko komisarioa \/ kuradorea da.<br \/>\nArchivo F.X.rekin aurkeztu ditu, besteak beste, Bartzelonako Fundaci\u00f3 Antoni T\u00e0pieserako <em>La Comunidad vac\u00eda<\/em>. <em>Pol\u00edtica<\/em> eta Bartzelonako Museo Picassorako <em>Econom\u00eda Picasso\/Econom\u00eda<\/em>. Azkenaldian, Sao Pauloko 31. Biurtekorako <em>La Escuela Moderna<\/em> lana zabaldu du. Alemaniako Spector Books argitaletxean <em>Wirtschaft, \u00d6konomie, Komjunktur<\/em> argitaratu du, Stuttgarteko W\u00fcrttembergischer Kunstverein-en erakutsitako proiektuan oinarrituta. P.H. makinan, Ikasketa Flamenko Modernoen eta Garaikideen Plataforma Independentea sustatzen du, <a title=\"www.pieflamenco.com\" href=\"http:\/\/www.pieflamenco.com\">www.pieflamenco.com<\/a>. Israel Galv\u00e1n dantzariaren zuzendari artistikoa da, eta zenbait artistarekin dabil elkarlanean, hala nola Roc\u00edo M\u00e1rquez eta Tom\u00e1s de Perraterekin. Bartzelonako Virreinarako eta Gasteizko Montehermoso Arte Zentrorako <em>Oca\u00f1a. Acciones, actuaciones, activismo 1973-1983<\/em> proiektuaren kuradorea izan zen. Mudito argitaletxeak <em>Exaltaci\u00f3n de la visi\u00f3n<\/em> liburua argitaratu berri dio, Val del Omarren zinemari buruz. Gaur egun, <em>M\u00e1quinas de Vivir. El flamenco y la arquitectura en la ocupaci\u00f3n y desocupaci\u00f3n de espacios <\/em>proiektuan ari da lanean. Proiektua Berlingo Biurtekoan, Compostelako Santiagoko CGACn, Sevillako un\u00eda arteypensamiento-n, Donostiako Cristinaenean, Bartzelonako Macban eta Vienako Secessionen aurkeztu izan da.<\/p>\n<p><em>Etorkizuneko liburua<\/em> proiektua performancea egiteko dagoen Corpus sarearen barruan garatu da. Honako hauek eratzen dute Corpus sarea: Bulegoa z\/b (Bilbo), Contemporary Art Centre (Vilnius), KW Institute for Contemporary Art (Berlin), If I Can\u2019t Dance, I Don\u2019t Want To Be Part Of Your Revolution (Amsterdam), Playground (STUK Kunstencentrum &amp; M-Museum, Lovaina) eta Tate Modern (Londres).<\/p>\n<p>Corpus sareak Europar Batasuneko Europa Sortzailea programaren finantziazioa jaso du.<\/p>\n<p><img loading=\"lazy\" class=\"image image-preview \" title=\"\" src=\"https:\/\/bulegoa.org\/sites\/default\/files\/images\/eu_flag_creative_europe_co_funded_pos_[rgb]_right_1.jpg\" alt=\"\" width=\"500\" height=\"126\" \/><\/p>\n","protected":false},"excerpt":{"rendered":"<p>Una tirada de dados\u2026, Israel Galv\u00e1n, Pedro G. Romero eta Filiep Tacq. Playground, Leuven. Argazkilaritza: Joeri Thiry \/ STUK. &#8220;Dado jaurtiketa bat&#8230;&#8221; Erromatar pikaroek jaunaren soingainekoa dadoetan jokatu zuten Utzi zizkiguten latinak erromatarrak, legeak eta bideak, erromatar soldaduek. (Puente Genileko kuarteleko saeta) Emanaldi hau Bulegoa z\/b ekimenean hasitako \u201cEtorkizuneko liburua\u201d proiektuaren atal bat da, artistaren [&hellip;]<\/p>\n","protected":false},"author":1,"featured_media":0,"parent":1379,"menu_order":0,"comment_status":"closed","ping_status":"closed","template":"","meta":[],"acf":[],"yoast_head":"<!-- This site is optimized with the Yoast SEO plugin v20.4 - https:\/\/yoast.com\/wordpress\/plugins\/seo\/ -->\n<title>Una tirada de dados... Bi ataleko elkarrizketa bat hiruren artean. Israel Galv\u00e1n Pedro G. Romerorekin eta Filiep Tacqekin - Bulegoa z\/b<\/title>\n<meta name=\"robots\" content=\"index, follow, max-snippet:-1, max-image-preview:large, max-video-preview:-1\" \/>\n<link rel=\"canonical\" href=\"https:\/\/bulegoa.org\/eu\/etorkizuneko-liburua\/una-tirada-de-dados-bi-ataleko-elkarrizketa-bat-hiruren-artean-israel-galvan-pedro-g-romerorekin-eta-filiep-tacqekin\/\" \/>\n<meta property=\"og:locale\" content=\"eu_ES\" \/>\n<meta property=\"og:type\" content=\"article\" \/>\n<meta property=\"og:title\" content=\"Una tirada de dados... Bi ataleko elkarrizketa bat hiruren artean. Israel Galv\u00e1n Pedro G. Romerorekin eta Filiep Tacqekin - Bulegoa z\/b\" \/>\n<meta property=\"og:description\" content=\"Una tirada de dados\u2026, Israel Galv\u00e1n, Pedro G. Romero eta Filiep Tacq. Playground, Leuven. Argazkilaritza: Joeri Thiry \/ STUK. &#8220;Dado jaurtiketa bat&#8230;&#8221; Erromatar pikaroek jaunaren soingainekoa dadoetan jokatu zuten Utzi zizkiguten latinak erromatarrak, legeak eta bideak, erromatar soldaduek. (Puente Genileko kuarteleko saeta) Emanaldi hau Bulegoa z\/b ekimenean hasitako \u201cEtorkizuneko liburua\u201d proiektuaren atal bat da, artistaren [&hellip;]\" \/>\n<meta property=\"og:url\" content=\"https:\/\/bulegoa.org\/eu\/etorkizuneko-liburua\/una-tirada-de-dados-bi-ataleko-elkarrizketa-bat-hiruren-artean-israel-galvan-pedro-g-romerorekin-eta-filiep-tacqekin\/\" \/>\n<meta property=\"og:site_name\" content=\"Bulegoa z\/b\" \/>\n<meta property=\"article:publisher\" content=\"https:\/\/www.facebook.com\/bulegoazb\/\" \/>\n<meta property=\"article:modified_time\" content=\"2017-10-11T23:20:25+00:00\" \/>\n<meta property=\"og:image\" content=\"https:\/\/bulegoa.org\/web\/wp-content\/uploads\/2016\/11\/una_tirada_de_dados_-600x400.jpg\" \/>\n<meta name=\"twitter:card\" content=\"summary_large_image\" \/>\n<meta name=\"twitter:site\" content=\"@bulegoazb\" \/>\n<script type=\"application\/ld+json\" class=\"yoast-schema-graph\">{\"@context\":\"https:\/\/schema.org\",\"@graph\":[{\"@type\":\"WebPage\",\"@id\":\"https:\/\/bulegoa.org\/eu\/etorkizuneko-liburua\/una-tirada-de-dados-bi-ataleko-elkarrizketa-bat-hiruren-artean-israel-galvan-pedro-g-romerorekin-eta-filiep-tacqekin\/\",\"url\":\"https:\/\/bulegoa.org\/eu\/etorkizuneko-liburua\/una-tirada-de-dados-bi-ataleko-elkarrizketa-bat-hiruren-artean-israel-galvan-pedro-g-romerorekin-eta-filiep-tacqekin\/\",\"name\":\"Una tirada de dados... Bi ataleko elkarrizketa bat hiruren artean. Israel Galv\u00e1n Pedro G. Romerorekin eta Filiep Tacqekin - Bulegoa z\/b\",\"isPartOf\":{\"@id\":\"https:\/\/bulegoa.org\/#website\"},\"datePublished\":\"2016-11-13T23:00:00+00:00\",\"dateModified\":\"2017-10-11T23:20:25+00:00\",\"breadcrumb\":{\"@id\":\"https:\/\/bulegoa.org\/eu\/etorkizuneko-liburua\/una-tirada-de-dados-bi-ataleko-elkarrizketa-bat-hiruren-artean-israel-galvan-pedro-g-romerorekin-eta-filiep-tacqekin\/#breadcrumb\"},\"inLanguage\":\"eu-ES\",\"potentialAction\":[{\"@type\":\"ReadAction\",\"target\":[\"https:\/\/bulegoa.org\/eu\/etorkizuneko-liburua\/una-tirada-de-dados-bi-ataleko-elkarrizketa-bat-hiruren-artean-israel-galvan-pedro-g-romerorekin-eta-filiep-tacqekin\/\"]}]},{\"@type\":\"BreadcrumbList\",\"@id\":\"https:\/\/bulegoa.org\/eu\/etorkizuneko-liburua\/una-tirada-de-dados-bi-ataleko-elkarrizketa-bat-hiruren-artean-israel-galvan-pedro-g-romerorekin-eta-filiep-tacqekin\/#breadcrumb\",\"itemListElement\":[{\"@type\":\"ListItem\",\"position\":1,\"name\":\"Home\",\"item\":\"https:\/\/bulegoa.org\/eu\/\"},{\"@type\":\"ListItem\",\"position\":2,\"name\":\"Etorkizuneko liburua\",\"item\":\"https:\/\/bulegoa.org\/eu\/etorkizuneko-liburua\/\"},{\"@type\":\"ListItem\",\"position\":3,\"name\":\"Una tirada de dados&#8230; Bi ataleko elkarrizketa bat hiruren artean. Israel Galv\u00e1n Pedro G. Romerorekin eta Filiep Tacqekin\"}]},{\"@type\":\"WebSite\",\"@id\":\"https:\/\/bulegoa.org\/#website\",\"url\":\"https:\/\/bulegoa.org\/\",\"name\":\"Bulegoa z\/b\",\"description\":\"\",\"potentialAction\":[{\"@type\":\"SearchAction\",\"target\":{\"@type\":\"EntryPoint\",\"urlTemplate\":\"https:\/\/bulegoa.org\/?s={search_term_string}\"},\"query-input\":\"required name=search_term_string\"}],\"inLanguage\":\"eu-ES\"}]}<\/script>\n<!-- \/ Yoast SEO plugin. -->","yoast_head_json":{"title":"Una tirada de dados... Bi ataleko elkarrizketa bat hiruren artean. Israel Galv\u00e1n Pedro G. Romerorekin eta Filiep Tacqekin - Bulegoa z\/b","robots":{"index":"index","follow":"follow","max-snippet":"max-snippet:-1","max-image-preview":"max-image-preview:large","max-video-preview":"max-video-preview:-1"},"canonical":"https:\/\/bulegoa.org\/eu\/etorkizuneko-liburua\/una-tirada-de-dados-bi-ataleko-elkarrizketa-bat-hiruren-artean-israel-galvan-pedro-g-romerorekin-eta-filiep-tacqekin\/","og_locale":"eu_ES","og_type":"article","og_title":"Una tirada de dados... Bi ataleko elkarrizketa bat hiruren artean. Israel Galv\u00e1n Pedro G. Romerorekin eta Filiep Tacqekin - Bulegoa z\/b","og_description":"Una tirada de dados\u2026, Israel Galv\u00e1n, Pedro G. Romero eta Filiep Tacq. Playground, Leuven. Argazkilaritza: Joeri Thiry \/ STUK. &#8220;Dado jaurtiketa bat&#8230;&#8221; Erromatar pikaroek jaunaren soingainekoa dadoetan jokatu zuten Utzi zizkiguten latinak erromatarrak, legeak eta bideak, erromatar soldaduek. (Puente Genileko kuarteleko saeta) Emanaldi hau Bulegoa z\/b ekimenean hasitako \u201cEtorkizuneko liburua\u201d proiektuaren atal bat da, artistaren [&hellip;]","og_url":"https:\/\/bulegoa.org\/eu\/etorkizuneko-liburua\/una-tirada-de-dados-bi-ataleko-elkarrizketa-bat-hiruren-artean-israel-galvan-pedro-g-romerorekin-eta-filiep-tacqekin\/","og_site_name":"Bulegoa z\/b","article_publisher":"https:\/\/www.facebook.com\/bulegoazb\/","article_modified_time":"2017-10-11T23:20:25+00:00","og_image":[{"url":"https:\/\/bulegoa.org\/web\/wp-content\/uploads\/2016\/11\/una_tirada_de_dados_-600x400.jpg"}],"twitter_card":"summary_large_image","twitter_site":"@bulegoazb","schema":{"@context":"https:\/\/schema.org","@graph":[{"@type":"WebPage","@id":"https:\/\/bulegoa.org\/eu\/etorkizuneko-liburua\/una-tirada-de-dados-bi-ataleko-elkarrizketa-bat-hiruren-artean-israel-galvan-pedro-g-romerorekin-eta-filiep-tacqekin\/","url":"https:\/\/bulegoa.org\/eu\/etorkizuneko-liburua\/una-tirada-de-dados-bi-ataleko-elkarrizketa-bat-hiruren-artean-israel-galvan-pedro-g-romerorekin-eta-filiep-tacqekin\/","name":"Una tirada de dados... Bi ataleko elkarrizketa bat hiruren artean. Israel Galv\u00e1n Pedro G. Romerorekin eta Filiep Tacqekin - Bulegoa z\/b","isPartOf":{"@id":"https:\/\/bulegoa.org\/#website"},"datePublished":"2016-11-13T23:00:00+00:00","dateModified":"2017-10-11T23:20:25+00:00","breadcrumb":{"@id":"https:\/\/bulegoa.org\/eu\/etorkizuneko-liburua\/una-tirada-de-dados-bi-ataleko-elkarrizketa-bat-hiruren-artean-israel-galvan-pedro-g-romerorekin-eta-filiep-tacqekin\/#breadcrumb"},"inLanguage":"eu-ES","potentialAction":[{"@type":"ReadAction","target":["https:\/\/bulegoa.org\/eu\/etorkizuneko-liburua\/una-tirada-de-dados-bi-ataleko-elkarrizketa-bat-hiruren-artean-israel-galvan-pedro-g-romerorekin-eta-filiep-tacqekin\/"]}]},{"@type":"BreadcrumbList","@id":"https:\/\/bulegoa.org\/eu\/etorkizuneko-liburua\/una-tirada-de-dados-bi-ataleko-elkarrizketa-bat-hiruren-artean-israel-galvan-pedro-g-romerorekin-eta-filiep-tacqekin\/#breadcrumb","itemListElement":[{"@type":"ListItem","position":1,"name":"Home","item":"https:\/\/bulegoa.org\/eu\/"},{"@type":"ListItem","position":2,"name":"Etorkizuneko liburua","item":"https:\/\/bulegoa.org\/eu\/etorkizuneko-liburua\/"},{"@type":"ListItem","position":3,"name":"Una tirada de dados&#8230; Bi ataleko elkarrizketa bat hiruren artean. Israel Galv\u00e1n Pedro G. Romerorekin eta Filiep Tacqekin"}]},{"@type":"WebSite","@id":"https:\/\/bulegoa.org\/#website","url":"https:\/\/bulegoa.org\/","name":"Bulegoa z\/b","description":"","potentialAction":[{"@type":"SearchAction","target":{"@type":"EntryPoint","urlTemplate":"https:\/\/bulegoa.org\/?s={search_term_string}"},"query-input":"required name=search_term_string"}],"inLanguage":"eu-ES"}]}},"_links":{"self":[{"href":"https:\/\/bulegoa.org\/eu\/wp-json\/wp\/v2\/pages\/1937"}],"collection":[{"href":"https:\/\/bulegoa.org\/eu\/wp-json\/wp\/v2\/pages"}],"about":[{"href":"https:\/\/bulegoa.org\/eu\/wp-json\/wp\/v2\/types\/page"}],"author":[{"embeddable":true,"href":"https:\/\/bulegoa.org\/eu\/wp-json\/wp\/v2\/users\/1"}],"replies":[{"embeddable":true,"href":"https:\/\/bulegoa.org\/eu\/wp-json\/wp\/v2\/comments?post=1937"}],"version-history":[{"count":6,"href":"https:\/\/bulegoa.org\/eu\/wp-json\/wp\/v2\/pages\/1937\/revisions"}],"predecessor-version":[{"id":5465,"href":"https:\/\/bulegoa.org\/eu\/wp-json\/wp\/v2\/pages\/1937\/revisions\/5465"}],"up":[{"embeddable":true,"href":"https:\/\/bulegoa.org\/eu\/wp-json\/wp\/v2\/pages\/1379"}],"wp:attachment":[{"href":"https:\/\/bulegoa.org\/eu\/wp-json\/wp\/v2\/media?parent=1937"}],"curies":[{"name":"wp","href":"https:\/\/api.w.org\/{rel}","templated":true}]}}