{"id":15424,"date":"2018-04-12T10:53:12","date_gmt":"2018-04-12T08:53:12","guid":{"rendered":"https:\/\/bulegoa.org\/?page_id=15424"},"modified":"2021-11-06T12:25:11","modified_gmt":"2021-11-06T11:25:11","slug":"material-voices","status":"publish","type":"page","link":"https:\/\/bulegoa.org\/eu\/material-voices\/","title":{"rendered":"Material Voices"},"content":{"rendered":"<p><img loading=\"lazy\" class=\"size-medium wp-image-15470 aligncenter\" src=\"https:\/\/bulegoa.org\/web\/wp-content\/uploads\/2021\/04\/gargalo-600x361.jpg\" alt=\"\" width=\"600\" height=\"361\" srcset=\"https:\/\/bulegoa.org\/web\/wp-content\/uploads\/2021\/04\/gargalo-600x361.jpg 600w, https:\/\/bulegoa.org\/web\/wp-content\/uploads\/2021\/04\/gargalo-1000x602.jpg 1000w, https:\/\/bulegoa.org\/web\/wp-content\/uploads\/2021\/04\/gargalo-768x463.jpg 768w, https:\/\/bulegoa.org\/web\/wp-content\/uploads\/2021\/04\/gargalo-1536x925.jpg 1536w, https:\/\/bulegoa.org\/web\/wp-content\/uploads\/2021\/04\/gargalo-2048x1234.jpg 2048w, https:\/\/bulegoa.org\/web\/wp-content\/uploads\/2021\/04\/gargalo-400x241.jpg 400w\" sizes=\"(max-width: 600px) 100vw, 600px\" \/><\/p>\n<p><span lang=\"EN-US\">\u00a0\u00a0\u00a0\u00a0\u00a0\u00a0\u00a0 \u00a0 \u00a0 \u00a0 \u00a0 \u00a0 \u00a0 \u00a0 \u00a0 \u00a0 \u00a0 \u00a0 \u00a0 \u00a0 \u00a0 \u00a0 \u00a0 \u00a0 \u00a0 \u00a0 \u00a0 \u00a0 \u00a0 \u00a0 \u00a0 \u00a0 \u00a0 \u00a0 \u00a0 \u00a0 \u00a0 \u00a0 \u00a0 \u00a0 \u00a0 \u00a0 \u00a0 \u00a0 \u00a0 \u00a0 \u00a0\u00a0 \u00a0\u00a0\u00a0 \u00a0 \u00a0 \u00a0 \u00a0 Vinita Gatne: <em>offerings<\/em> (<em>gargalo<\/em>)\u00a0(2021)<br \/>\n<\/span><i><br \/>\nMaterial Voices: erakusketak egiteko lanaren genealogia feministak <\/i>programaren helburua da ikerketa bat garatzea emakumeek hirurogeiko hamarkadatik gaur arte egindako praktika kuratorialari buruz. Programa honetan, belaunaldi eta testuinguru desberdinetako egileak gonbidatzen ditugu lan-esperientzia jakin bati buruz hitz egitera eta beren gogoetak partekatzera.<\/p>\n<p>2021etik 2022ra bitartean garatzeko den <i>Material Voices<\/i> proiektuaren lehen zatia Bulegoa z\/b-n egindako topaketa batzuk dira. Horietako bakoitzean, bi gonbidatuk erakusketa zehatz bati buruz hitz egiten dute, eta hirugarren batek testuinguru desberdin batetik datorren artelan bat erakusten du.<\/p>\n<p><i>Material Voices<\/i> programak elkarrizketa erabiltzen du ikerketa-tresna gisa. Ahotsen, erakusketen eta artelanen materialtasunaren potentziala aztertzen du, baita haien artean diren gurutzaketena ere.<\/p>\n<p>Besteak beste, <i>Material Voices<\/i>en, honako galdera hauek planteatzen dira: zertan datza ikuspegi feministatik erakusketak egitea?, nolakoak izango dira egiteko modu horien azterketatik sortzen diren genealogiak?, genealogia horiek gai izango al dira aldez aurretik egindako eta ezarritako genealogiak desordenatzeko?, zein dira praktika kuratorialaren mugak, praktika independentea den aldetik, esparru instituzionalarekin duen harremanean? eta, zer du erakusketak, egiteko modu kokatuak praktikan jartzeko proba-eremu aparta izateko?<\/p>\n<p><i>Material Voices<\/i> komisario batzuen kontakizunak entzun ondoren egindako egiaztapen batetik sortu da, komisario horiei gonbita egin baitiegu beren erakusketez hitz egiteko <a href=\"https:\/\/bulegoa.org\/eu\/erakusketaren-saioa-1977-2017\/\"><i>Erakusketaren saioa (1977-2017)<\/i><\/a> eta <a href=\"https:\/\/bulegoa.org\/eu\/oho\/ikastaroak\/komisariotza-ikastaroa\/\">Komisariotza-ikastaroa<\/a> proiektuen esparruan: haien artxibo pertsonal gehienak urriak, sakabanatuak eta zatikatuak dira. Horiek erakusketa-formatuaren izaera iragankorra islatzen dute. Gehienbat independentzia-baldintzetan garatutako praktiken hauskortasuna eta ezegonkortasuna ere bai.<\/p>\n<p><i>Komisariotza-ikastaroa<\/i> eta <i>Erakusketaren saioa (1977-2017)<\/i> proiektuetan, besteak beste, hauek parte hartu dute: BNV Producciones, Catherine David, Ana Devi\u0107 (WHW), Tamara D\u00edaz Bringas, Corinne Diserens, Keyna Eleison, Aurora Fern\u00e1ndez Polanco, Dora Garc\u00eda, Yaiza Hern\u00e1ndez, Bojana Kunst, Lisette Lagnado, Maria Lind, Isabella Maidment, Ruth Noack, Ines Schaber, Azucena Vieites, Rachel Weiss eta Carla Zaccagnini.<\/p>\n<p><b><span lang=\"EU\">Ekitaldi honek New Yorkeko Foundation for Arts Initiatives (FFAI) erakundearen babesa du.<\/span><\/b><\/p>\n<p>&nbsp;<\/p>\n<p><img loading=\"lazy\" class=\"alignnone wp-image-15439\" src=\"https:\/\/bulegoa.org\/web\/wp-content\/uploads\/2021\/04\/ffai-logo-nb-600x528.png\" alt=\"\" width=\"188\" height=\"166\" srcset=\"https:\/\/bulegoa.org\/web\/wp-content\/uploads\/2021\/04\/ffai-logo-nb-600x528.png 600w, https:\/\/bulegoa.org\/web\/wp-content\/uploads\/2021\/04\/ffai-logo-nb-1000x879.png 1000w, https:\/\/bulegoa.org\/web\/wp-content\/uploads\/2021\/04\/ffai-logo-nb-768x675.png 768w, https:\/\/bulegoa.org\/web\/wp-content\/uploads\/2021\/04\/ffai-logo-nb-1536x1350.png 1536w, https:\/\/bulegoa.org\/web\/wp-content\/uploads\/2021\/04\/ffai-logo-nb-2048x1801.png 2048w, https:\/\/bulegoa.org\/web\/wp-content\/uploads\/2021\/04\/ffai-logo-nb-284x250.png 284w\" sizes=\"(max-width: 188px) 100vw, 188px\" \/><\/p>\n","protected":false},"excerpt":{"rendered":"<p>\u00a0\u00a0\u00a0\u00a0\u00a0\u00a0\u00a0 \u00a0 \u00a0 \u00a0 \u00a0 \u00a0 \u00a0 \u00a0 \u00a0 \u00a0 \u00a0 \u00a0 \u00a0 \u00a0 \u00a0 \u00a0 \u00a0 \u00a0 \u00a0 \u00a0 \u00a0 \u00a0 \u00a0 \u00a0 \u00a0 \u00a0 \u00a0 \u00a0 \u00a0 \u00a0 \u00a0 \u00a0 \u00a0 \u00a0 \u00a0 \u00a0 \u00a0 \u00a0 \u00a0 \u00a0 \u00a0\u00a0 \u00a0\u00a0\u00a0 \u00a0 \u00a0 \u00a0 \u00a0 Vinita Gatne: offerings (gargalo)\u00a0(2021) Material Voices: erakusketak egiteko lanaren [&hellip;]<\/p>\n","protected":false},"author":1,"featured_media":0,"parent":0,"menu_order":0,"comment_status":"closed","ping_status":"closed","template":"","meta":[],"acf":[],"yoast_head":"<!-- This site is optimized with the Yoast SEO plugin v20.4 - https:\/\/yoast.com\/wordpress\/plugins\/seo\/ -->\n<title>Material Voices - Bulegoa z\/b<\/title>\n<meta name=\"robots\" content=\"index, follow, max-snippet:-1, max-image-preview:large, max-video-preview:-1\" \/>\n<link rel=\"canonical\" href=\"https:\/\/bulegoa.org\/eu\/material-voices\/\" \/>\n<meta property=\"og:locale\" content=\"eu_ES\" \/>\n<meta property=\"og:type\" content=\"article\" \/>\n<meta property=\"og:title\" content=\"Material Voices - Bulegoa z\/b\" \/>\n<meta property=\"og:description\" content=\"\u00a0\u00a0\u00a0\u00a0\u00a0\u00a0\u00a0 \u00a0 \u00a0 \u00a0 \u00a0 \u00a0 \u00a0 \u00a0 \u00a0 \u00a0 \u00a0 \u00a0 \u00a0 \u00a0 \u00a0 \u00a0 \u00a0 \u00a0 \u00a0 \u00a0 \u00a0 \u00a0 \u00a0 \u00a0 \u00a0 \u00a0 \u00a0 \u00a0 \u00a0 \u00a0 \u00a0 \u00a0 \u00a0 \u00a0 \u00a0 \u00a0 \u00a0 \u00a0 \u00a0 \u00a0 \u00a0\u00a0 \u00a0\u00a0\u00a0 \u00a0 \u00a0 \u00a0 \u00a0 Vinita Gatne: offerings (gargalo)\u00a0(2021) Material Voices: erakusketak egiteko lanaren [&hellip;]\" \/>\n<meta property=\"og:url\" content=\"https:\/\/bulegoa.org\/eu\/material-voices\/\" \/>\n<meta property=\"og:site_name\" content=\"Bulegoa z\/b\" \/>\n<meta property=\"article:publisher\" content=\"https:\/\/www.facebook.com\/bulegoazb\/\" \/>\n<meta property=\"article:modified_time\" content=\"2021-11-06T11:25:11+00:00\" \/>\n<meta property=\"og:image\" content=\"https:\/\/bulegoa.org\/web\/wp-content\/uploads\/2021\/04\/gargalo-600x361.jpg\" \/>\n<meta name=\"twitter:card\" content=\"summary_large_image\" \/>\n<meta name=\"twitter:site\" content=\"@bulegoazb\" \/>\n<script type=\"application\/ld+json\" class=\"yoast-schema-graph\">{\"@context\":\"https:\/\/schema.org\",\"@graph\":[{\"@type\":\"WebPage\",\"@id\":\"https:\/\/bulegoa.org\/eu\/material-voices\/\",\"url\":\"https:\/\/bulegoa.org\/eu\/material-voices\/\",\"name\":\"Material Voices - Bulegoa z\/b\",\"isPartOf\":{\"@id\":\"https:\/\/bulegoa.org\/#website\"},\"datePublished\":\"2018-04-12T08:53:12+00:00\",\"dateModified\":\"2021-11-06T11:25:11+00:00\",\"breadcrumb\":{\"@id\":\"https:\/\/bulegoa.org\/eu\/material-voices\/#breadcrumb\"},\"inLanguage\":\"eu-ES\",\"potentialAction\":[{\"@type\":\"ReadAction\",\"target\":[\"https:\/\/bulegoa.org\/eu\/material-voices\/\"]}]},{\"@type\":\"BreadcrumbList\",\"@id\":\"https:\/\/bulegoa.org\/eu\/material-voices\/#breadcrumb\",\"itemListElement\":[{\"@type\":\"ListItem\",\"position\":1,\"name\":\"Home\",\"item\":\"https:\/\/bulegoa.org\/eu\/\"},{\"@type\":\"ListItem\",\"position\":2,\"name\":\"Material Voices\"}]},{\"@type\":\"WebSite\",\"@id\":\"https:\/\/bulegoa.org\/#website\",\"url\":\"https:\/\/bulegoa.org\/\",\"name\":\"Bulegoa z\/b\",\"description\":\"\",\"potentialAction\":[{\"@type\":\"SearchAction\",\"target\":{\"@type\":\"EntryPoint\",\"urlTemplate\":\"https:\/\/bulegoa.org\/?s={search_term_string}\"},\"query-input\":\"required name=search_term_string\"}],\"inLanguage\":\"eu-ES\"}]}<\/script>\n<!-- \/ Yoast SEO plugin. -->","yoast_head_json":{"title":"Material Voices - Bulegoa z\/b","robots":{"index":"index","follow":"follow","max-snippet":"max-snippet:-1","max-image-preview":"max-image-preview:large","max-video-preview":"max-video-preview:-1"},"canonical":"https:\/\/bulegoa.org\/eu\/material-voices\/","og_locale":"eu_ES","og_type":"article","og_title":"Material Voices - Bulegoa z\/b","og_description":"\u00a0\u00a0\u00a0\u00a0\u00a0\u00a0\u00a0 \u00a0 \u00a0 \u00a0 \u00a0 \u00a0 \u00a0 \u00a0 \u00a0 \u00a0 \u00a0 \u00a0 \u00a0 \u00a0 \u00a0 \u00a0 \u00a0 \u00a0 \u00a0 \u00a0 \u00a0 \u00a0 \u00a0 \u00a0 \u00a0 \u00a0 \u00a0 \u00a0 \u00a0 \u00a0 \u00a0 \u00a0 \u00a0 \u00a0 \u00a0 \u00a0 \u00a0 \u00a0 \u00a0 \u00a0 \u00a0\u00a0 \u00a0\u00a0\u00a0 \u00a0 \u00a0 \u00a0 \u00a0 Vinita Gatne: offerings (gargalo)\u00a0(2021) Material Voices: erakusketak egiteko lanaren [&hellip;]","og_url":"https:\/\/bulegoa.org\/eu\/material-voices\/","og_site_name":"Bulegoa z\/b","article_publisher":"https:\/\/www.facebook.com\/bulegoazb\/","article_modified_time":"2021-11-06T11:25:11+00:00","og_image":[{"url":"https:\/\/bulegoa.org\/web\/wp-content\/uploads\/2021\/04\/gargalo-600x361.jpg"}],"twitter_card":"summary_large_image","twitter_site":"@bulegoazb","schema":{"@context":"https:\/\/schema.org","@graph":[{"@type":"WebPage","@id":"https:\/\/bulegoa.org\/eu\/material-voices\/","url":"https:\/\/bulegoa.org\/eu\/material-voices\/","name":"Material Voices - Bulegoa z\/b","isPartOf":{"@id":"https:\/\/bulegoa.org\/#website"},"datePublished":"2018-04-12T08:53:12+00:00","dateModified":"2021-11-06T11:25:11+00:00","breadcrumb":{"@id":"https:\/\/bulegoa.org\/eu\/material-voices\/#breadcrumb"},"inLanguage":"eu-ES","potentialAction":[{"@type":"ReadAction","target":["https:\/\/bulegoa.org\/eu\/material-voices\/"]}]},{"@type":"BreadcrumbList","@id":"https:\/\/bulegoa.org\/eu\/material-voices\/#breadcrumb","itemListElement":[{"@type":"ListItem","position":1,"name":"Home","item":"https:\/\/bulegoa.org\/eu\/"},{"@type":"ListItem","position":2,"name":"Material Voices"}]},{"@type":"WebSite","@id":"https:\/\/bulegoa.org\/#website","url":"https:\/\/bulegoa.org\/","name":"Bulegoa z\/b","description":"","potentialAction":[{"@type":"SearchAction","target":{"@type":"EntryPoint","urlTemplate":"https:\/\/bulegoa.org\/?s={search_term_string}"},"query-input":"required name=search_term_string"}],"inLanguage":"eu-ES"}]}},"_links":{"self":[{"href":"https:\/\/bulegoa.org\/eu\/wp-json\/wp\/v2\/pages\/15424"}],"collection":[{"href":"https:\/\/bulegoa.org\/eu\/wp-json\/wp\/v2\/pages"}],"about":[{"href":"https:\/\/bulegoa.org\/eu\/wp-json\/wp\/v2\/types\/page"}],"author":[{"embeddable":true,"href":"https:\/\/bulegoa.org\/eu\/wp-json\/wp\/v2\/users\/1"}],"replies":[{"embeddable":true,"href":"https:\/\/bulegoa.org\/eu\/wp-json\/wp\/v2\/comments?post=15424"}],"version-history":[{"count":5,"href":"https:\/\/bulegoa.org\/eu\/wp-json\/wp\/v2\/pages\/15424\/revisions"}],"predecessor-version":[{"id":16265,"href":"https:\/\/bulegoa.org\/eu\/wp-json\/wp\/v2\/pages\/15424\/revisions\/16265"}],"wp:attachment":[{"href":"https:\/\/bulegoa.org\/eu\/wp-json\/wp\/v2\/media?parent=15424"}],"curies":[{"name":"wp","href":"https:\/\/api.w.org\/{rel}","templated":true}]}}