{"id":1382,"date":"2020-05-07T12:48:06","date_gmt":"2020-05-07T10:48:06","guid":{"rendered":"https:\/\/bulegoa.org\/web\/ikerketa-ildoak-formagabeko-ezagutza-formak\/"},"modified":"2019-01-21T13:40:18","modified_gmt":"2019-01-21T12:40:18","slug":"formagabeko-ezagutza-formak","status":"publish","type":"page","link":"https:\/\/bulegoa.org\/eu\/formagabeko-ezagutza-formak\/","title":{"rendered":"Formagabeko ezagutza-formak"},"content":{"rendered":"<p>\u201cEsaten dut <em>tara<\/em>, eta inork ez dit ulertzen; esaten dut <em>tara<\/em> eta <em>itxatsa<\/em> eta, dagoeneko, askok ulertzen didate; azkenik, esaten dut <em>tara<\/em> eta <em>itxatsa<\/em>, eta <em>ekomero<\/em> eta <em>ezraia<\/em>, eta, ikusten dudanez, denek ulertzen didate. Sistemek konbentzitzeko duten botere bidegabeak \u2013bestela ere, epistemologikoki behar-beharrezkoa denak\u2013 gertaera honetan du sorburua: giza burmuina, inertziaz eta fomalistikoki, guztiz analogikoa eta konbinatorioa da.\u201d<br \/>\nRafael S\u00e1nchez Ferlosio, <em>Vendr\u00e1n m\u00e1s a\u00f1os malos y nos har\u00e1n m\u00e1s ciegos<\/em> (Urte txar gehiago etorriko dira eta itsuago bilakatuko gaituzte) 1993.<\/p>\n<p>Hitzek, hizkuntzaren materiak berak, polemika eta eztabaida egituratzeko aukera ematen digute. Hitzak, berez, polemika eta eztabaidarako gaia ere badira. Itxuraz, inoiz ez da adostasunik egoten, haien bidez zer adierazi nahi den erabakitzerakoan. Bestetik, jende guztiak uste du ondo dakiela zer esan nahi duen mintzatzen denean. Polemikoak, nahasgarriak eta polisemikoak izan arren, nolanahi ere, hitzek gatazka-zelai zehatz-mehatz bat marrazten dute.<\/p>\n<p>Itzultzea, hau da, hitzen zentzu doia beste hizkuntza batera aldatzea ezinezkoa da; eta horrek ziurgabetasuna sartzen du gatazka-zelaian. Hala, bada, zein da, adibidez, \u201cinforme\u201d hitzaren esanahia frantsesez eta gaztelaniaz? Hitz horretan gurutzatzen diren hainbat esanahi eta etimologia galdu egiten dira beste hizkuntza batzuetan: adjektiboa latinaren <em>informis<\/em> erroaren eratorria da, eta zerbait \u201cmoldagabea eta zehazgabea\u201d ematen du aditzera; izena, berriz, gaztelaniaren \u201cinformar\u201d eta frantsesaren <em>informer<\/em> aditzetik dator, eta hori gai zehatz bati buruz informatzen duen dokumentuari dagokio. 1929. urtean, Georges Bataille-k izen bilakatu zuen adjektiboa, eta, era horretan, polemika eta anbiguotasun gehiago sartu zuen eztabaidan. <em>Dictionnaire critique<\/em> lanaren osagai nagusia izan zen hitz hori erreakzio gisa sortu zen, dena forma bilakatu behar dela dioen eskakizunaren aurreko erantzun modura. Formalismoari dagokio eskakizun hori, modernismoari lotutako joera garrantzitsu bat. Era berean, \u201cdeskalifikatzeko balio duen hitz gisa\u201d ere erabili zuen.<\/p>\n<p>Abiaburuko onarpenek eskaintzen duten segurtasunetik ihes egin nahian, <strong>Formagabeko ezagutza-formak<\/strong> ikerketa-ildoa \u201cforma\u201d, \u201cezagutza\u201d eta \u201cformagabe\u201d hitzez jabetu da, baina ez aurrez finkatutako zentzu itxietan aipatzeko, baizik eta bihurritzeko, eta ekoizpen artistikoari lotutako jakintza sortzeko molde berriak antzemango dituen tresna lagungarri gisa baliatzeko.<\/p>\n<p>Ideia horri jarraiki, gonbit egin diegu ingurune desberdinetakoak diren ekimen batzuei, ezagutza-bide berriak proposatzen baitituzte, esperientzia praktikoa bera abiaburutzat hartuta. Programak esperimentaziorako gunea izan nahi du, esperientzien eta ideien arteko elkarketa izango da haren oinarria, eta itzulpena ezinbesteko metodologia izango da proposamen bakoitzaren berezitasuna begien bistan jartzeko. <strong>Formagabeko ezagutza-formak<\/strong> ikerketa-ildo gisa jartzen da abian, eta <strong>Bulegoa z\/b<\/strong> ekimenaren abiaburuko definizioa sustatu eta bizirik iraunarazi nahi du.<\/p>\n<p>Itxuraz programaren izenburuko hitzek halabeharrez eramaten gaituzten eztabaida modernotik urrun dagoen ingurune batean jardun arren, <strong>Formagabeko ezagutza-formak<\/strong> ikerketa-ildora gonbidatutako proiektuek jarrera bera dute eztabaidatzeko: hitzek ematen duten gatazka-zelaiaz gain, sinetsirik daude bestelako gatazka-zelaiak daudela diskurtsoa garatzeko; itzulpenaren erabilpena metodologia kritiko moduan; kritikoa izan nahi duen proiektu orok inplizituki aurre egingo dio formalismo hutsa bilakatzeari; subjektibotasuna eraikitzeko zenbait prozeduraren erabilera, hala nola, lekualdatzea, sailkapenetik ateratzea edo urruntzea, eta artxiboa antolamendu berriak egiteko aukera ematen duen gailu gisa baliatzea; edota editatzeko eta itzultzeko lan guztiei aitortutako balioa, hain zuzen, Brecht-en hitzetan, \u201chistorizitate orok funtsean duen balio \u2018kritikoa\u2019 lehengoratzea\u201d.<\/p>\n","protected":false},"excerpt":{"rendered":"<p>\u201cEsaten dut tara, eta inork ez dit ulertzen; esaten dut tara eta itxatsa eta, dagoeneko, askok ulertzen didate; azkenik, esaten dut tara eta itxatsa, eta ekomero eta ezraia, eta, ikusten dudanez, denek ulertzen didate. Sistemek konbentzitzeko duten botere bidegabeak \u2013bestela ere, epistemologikoki behar-beharrezkoa denak\u2013 gertaera honetan du sorburua: giza burmuina, inertziaz eta fomalistikoki, guztiz analogikoa [&hellip;]<\/p>\n","protected":false},"author":1,"featured_media":5027,"parent":0,"menu_order":0,"comment_status":"closed","ping_status":"closed","template":"","meta":[],"acf":[],"yoast_head":"<!-- This site is optimized with the Yoast SEO plugin v20.4 - https:\/\/yoast.com\/wordpress\/plugins\/seo\/ -->\n<title>Formagabeko ezagutza-formak - Bulegoa z\/b<\/title>\n<meta name=\"robots\" content=\"index, follow, max-snippet:-1, max-image-preview:large, max-video-preview:-1\" \/>\n<link rel=\"canonical\" href=\"https:\/\/bulegoa.org\/eu\/formagabeko-ezagutza-formak\/\" \/>\n<meta property=\"og:locale\" content=\"eu_ES\" \/>\n<meta property=\"og:type\" content=\"article\" \/>\n<meta property=\"og:title\" content=\"Formagabeko ezagutza-formak - Bulegoa z\/b\" \/>\n<meta property=\"og:description\" content=\"\u201cEsaten dut tara, eta inork ez dit ulertzen; esaten dut tara eta itxatsa eta, dagoeneko, askok ulertzen didate; azkenik, esaten dut tara eta itxatsa, eta ekomero eta ezraia, eta, ikusten dudanez, denek ulertzen didate. Sistemek konbentzitzeko duten botere bidegabeak \u2013bestela ere, epistemologikoki behar-beharrezkoa denak\u2013 gertaera honetan du sorburua: giza burmuina, inertziaz eta fomalistikoki, guztiz analogikoa [&hellip;]\" \/>\n<meta property=\"og:url\" content=\"https:\/\/bulegoa.org\/eu\/formagabeko-ezagutza-formak\/\" \/>\n<meta property=\"og:site_name\" content=\"Bulegoa z\/b\" \/>\n<meta property=\"article:publisher\" content=\"https:\/\/www.facebook.com\/bulegoazb\/\" \/>\n<meta property=\"article:modified_time\" content=\"2019-01-21T12:40:18+00:00\" \/>\n<meta property=\"og:image\" content=\"https:\/\/bulegoa.org\/web\/wp-content\/uploads\/2017\/06\/xxx.jpg\" \/>\n\t<meta property=\"og:image:width\" content=\"800\" \/>\n\t<meta property=\"og:image:height\" content=\"800\" \/>\n\t<meta property=\"og:image:type\" content=\"image\/jpeg\" \/>\n<meta name=\"twitter:card\" content=\"summary_large_image\" \/>\n<meta name=\"twitter:site\" content=\"@bulegoazb\" \/>\n<script type=\"application\/ld+json\" class=\"yoast-schema-graph\">{\"@context\":\"https:\/\/schema.org\",\"@graph\":[{\"@type\":\"WebPage\",\"@id\":\"https:\/\/bulegoa.org\/eu\/formagabeko-ezagutza-formak\/\",\"url\":\"https:\/\/bulegoa.org\/eu\/formagabeko-ezagutza-formak\/\",\"name\":\"Formagabeko ezagutza-formak - Bulegoa z\/b\",\"isPartOf\":{\"@id\":\"https:\/\/bulegoa.org\/#website\"},\"datePublished\":\"2020-05-07T10:48:06+00:00\",\"dateModified\":\"2019-01-21T12:40:18+00:00\",\"breadcrumb\":{\"@id\":\"https:\/\/bulegoa.org\/eu\/formagabeko-ezagutza-formak\/#breadcrumb\"},\"inLanguage\":\"eu-ES\",\"potentialAction\":[{\"@type\":\"ReadAction\",\"target\":[\"https:\/\/bulegoa.org\/eu\/formagabeko-ezagutza-formak\/\"]}]},{\"@type\":\"BreadcrumbList\",\"@id\":\"https:\/\/bulegoa.org\/eu\/formagabeko-ezagutza-formak\/#breadcrumb\",\"itemListElement\":[{\"@type\":\"ListItem\",\"position\":1,\"name\":\"Home\",\"item\":\"https:\/\/bulegoa.org\/eu\/\"},{\"@type\":\"ListItem\",\"position\":2,\"name\":\"Formagabeko ezagutza-formak\"}]},{\"@type\":\"WebSite\",\"@id\":\"https:\/\/bulegoa.org\/#website\",\"url\":\"https:\/\/bulegoa.org\/\",\"name\":\"Bulegoa z\/b\",\"description\":\"\",\"potentialAction\":[{\"@type\":\"SearchAction\",\"target\":{\"@type\":\"EntryPoint\",\"urlTemplate\":\"https:\/\/bulegoa.org\/?s={search_term_string}\"},\"query-input\":\"required name=search_term_string\"}],\"inLanguage\":\"eu-ES\"}]}<\/script>\n<!-- \/ Yoast SEO plugin. -->","yoast_head_json":{"title":"Formagabeko ezagutza-formak - Bulegoa z\/b","robots":{"index":"index","follow":"follow","max-snippet":"max-snippet:-1","max-image-preview":"max-image-preview:large","max-video-preview":"max-video-preview:-1"},"canonical":"https:\/\/bulegoa.org\/eu\/formagabeko-ezagutza-formak\/","og_locale":"eu_ES","og_type":"article","og_title":"Formagabeko ezagutza-formak - Bulegoa z\/b","og_description":"\u201cEsaten dut tara, eta inork ez dit ulertzen; esaten dut tara eta itxatsa eta, dagoeneko, askok ulertzen didate; azkenik, esaten dut tara eta itxatsa, eta ekomero eta ezraia, eta, ikusten dudanez, denek ulertzen didate. Sistemek konbentzitzeko duten botere bidegabeak \u2013bestela ere, epistemologikoki behar-beharrezkoa denak\u2013 gertaera honetan du sorburua: giza burmuina, inertziaz eta fomalistikoki, guztiz analogikoa [&hellip;]","og_url":"https:\/\/bulegoa.org\/eu\/formagabeko-ezagutza-formak\/","og_site_name":"Bulegoa z\/b","article_publisher":"https:\/\/www.facebook.com\/bulegoazb\/","article_modified_time":"2019-01-21T12:40:18+00:00","og_image":[{"width":800,"height":800,"url":"https:\/\/bulegoa.org\/web\/wp-content\/uploads\/2017\/06\/xxx.jpg","type":"image\/jpeg"}],"twitter_card":"summary_large_image","twitter_site":"@bulegoazb","schema":{"@context":"https:\/\/schema.org","@graph":[{"@type":"WebPage","@id":"https:\/\/bulegoa.org\/eu\/formagabeko-ezagutza-formak\/","url":"https:\/\/bulegoa.org\/eu\/formagabeko-ezagutza-formak\/","name":"Formagabeko ezagutza-formak - Bulegoa z\/b","isPartOf":{"@id":"https:\/\/bulegoa.org\/#website"},"datePublished":"2020-05-07T10:48:06+00:00","dateModified":"2019-01-21T12:40:18+00:00","breadcrumb":{"@id":"https:\/\/bulegoa.org\/eu\/formagabeko-ezagutza-formak\/#breadcrumb"},"inLanguage":"eu-ES","potentialAction":[{"@type":"ReadAction","target":["https:\/\/bulegoa.org\/eu\/formagabeko-ezagutza-formak\/"]}]},{"@type":"BreadcrumbList","@id":"https:\/\/bulegoa.org\/eu\/formagabeko-ezagutza-formak\/#breadcrumb","itemListElement":[{"@type":"ListItem","position":1,"name":"Home","item":"https:\/\/bulegoa.org\/eu\/"},{"@type":"ListItem","position":2,"name":"Formagabeko ezagutza-formak"}]},{"@type":"WebSite","@id":"https:\/\/bulegoa.org\/#website","url":"https:\/\/bulegoa.org\/","name":"Bulegoa z\/b","description":"","potentialAction":[{"@type":"SearchAction","target":{"@type":"EntryPoint","urlTemplate":"https:\/\/bulegoa.org\/?s={search_term_string}"},"query-input":"required name=search_term_string"}],"inLanguage":"eu-ES"}]}},"_links":{"self":[{"href":"https:\/\/bulegoa.org\/eu\/wp-json\/wp\/v2\/pages\/1382"}],"collection":[{"href":"https:\/\/bulegoa.org\/eu\/wp-json\/wp\/v2\/pages"}],"about":[{"href":"https:\/\/bulegoa.org\/eu\/wp-json\/wp\/v2\/types\/page"}],"author":[{"embeddable":true,"href":"https:\/\/bulegoa.org\/eu\/wp-json\/wp\/v2\/users\/1"}],"replies":[{"embeddable":true,"href":"https:\/\/bulegoa.org\/eu\/wp-json\/wp\/v2\/comments?post=1382"}],"version-history":[{"count":3,"href":"https:\/\/bulegoa.org\/eu\/wp-json\/wp\/v2\/pages\/1382\/revisions"}],"predecessor-version":[{"id":7523,"href":"https:\/\/bulegoa.org\/eu\/wp-json\/wp\/v2\/pages\/1382\/revisions\/7523"}],"wp:featuredmedia":[{"embeddable":true,"href":"https:\/\/bulegoa.org\/eu\/wp-json\/wp\/v2\/media\/5027"}],"wp:attachment":[{"href":"https:\/\/bulegoa.org\/eu\/wp-json\/wp\/v2\/media?parent=1382"}],"curies":[{"name":"wp","href":"https:\/\/api.w.org\/{rel}","templated":true}]}}