{"id":1381,"date":"2020-05-09T12:33:34","date_gmt":"2020-05-09T10:33:34","guid":{"rendered":"https:\/\/bulegoa.org\/web\/erakusketaren-saioa-1977-2017\/"},"modified":"2025-09-30T10:00:24","modified_gmt":"2025-09-30T08:00:24","slug":"erakusketaren-saioa-1977-2017","status":"publish","type":"page","link":"https:\/\/bulegoa.org\/eu\/erakusketaren-saioa-1977-2017\/","title":{"rendered":"ERAKUSKETAREN SAIOA (1977-2017)"},"content":{"rendered":"<p><img loading=\"lazy\" class=\"aligncenter size-full wp-image-5157\" src=\"http:\/\/bulegoa.org\/web\/wp-content\/uploads\/2016\/09\/Satellite.jpeg\" alt=\"\" width=\"1360\" height=\"680\" srcset=\"https:\/\/bulegoa.org\/web\/wp-content\/uploads\/2016\/09\/Satellite.jpeg 1360w, https:\/\/bulegoa.org\/web\/wp-content\/uploads\/2016\/09\/Satellite-600x300.jpeg 600w, https:\/\/bulegoa.org\/web\/wp-content\/uploads\/2016\/09\/Satellite-768x384.jpeg 768w, https:\/\/bulegoa.org\/web\/wp-content\/uploads\/2016\/09\/Satellite-1000x500.jpeg 1000w, https:\/\/bulegoa.org\/web\/wp-content\/uploads\/2016\/09\/Satellite-400x200.jpeg 400w\" sizes=\"(max-width: 1360px) 100vw, 1360px\" \/><\/p>\n<p>Erakusketa bat espazio fisiko zehatz batean bildutako objektu-multzo bat da. Bisitatzen duenak bere espazio eta denborazko esparru bera betetzen duten formekin eta artefaktuekin egiten du topo. Horri esker, oinez ibili eta ibilbideak taxutu ditzake, eta bere gorputzak eta objektu horiek zuzenean topo egin dezakete \u2014bitartekotzarekin\u2014. Erakusketa bat esparru jakin horretatik hedatzen eta gainezka egiten duen gailu bat ere bada. Erakusketaren ondoan, saiakera dago. Hitz polisemiko horrek, alde batetik, testu bati egiten dio erreferentzia, izaera gogoetatsu edo diskurtsiboko literatura-lan bati, eta, bestetik, probatze bati dagokio, prozesu esperimental bati. <i>Erakusketaren saioa (1977-2017) <\/i>izenburuak objektu beraren bi adiera aipatzen ditu horrela: erakusketa, gogoeta sortzeko leku gisa eta proben eremu gisa.<\/p>\n<p><i>Erakusketaren saioa (1977-2017) <\/i>komisariotza-sinposioa 2016 eta 2023 artean izan zen, Azkuna Zentroa &#8211; Alh\u00f3ndiga Bilbaon egindako bost topaketen bidez. Berrogei urteko aldian izandako erakusketak aztertzea izan zuen helburu. Bertan, hogeita hamar irakurketa baino gehiago izan ziren, historia hurbileko hainbat erakusketari buruz, eta horiek aukera eman zuten erakusketaren hainbat alderditara hurbiltzeko: bere sorreran dauden baldintza historikoak islatzen dituen eta haiei erantzuten dien objektu kulturala, hartzen dituen errepresentazioak legitimatzen dituen forma instituzionala, etenaldiak sor ditzakeen eta arreta-uneak eragin ditzakeen gailu iragankorra&#8230;<\/p>\n<p>Honako hauek topaketetan parte hartu zuten: Isabel de Naver\u00e1n, Isabella Maidment, Aurora Fern\u00e1ndez Polanco, Luca Frei, Carla Zaccagnini, Jo\u00e3o Fernandes, Tamara D\u00edaz Bringas, Bojana Kunst, Dora Garc\u00eda, Carles Guerra, Franco Berardi \u201cBifo\u201d, Adrian Heathfield, Aimar Arriola, Rachel Weiss, Joaqu\u00edn V\u00e1zquez, Ines Schaber, Corinne Diserens, Catherine David, Alejandro Alonso D\u00edaz, Amaia S\u00e1nchez Sampedro, Anita Orzes, Marion Cruza Le Bihan, Mirtes Marins de Oliveira, Sheila Portilla Prado, Ana Devi\u0107, Yaiza Hern\u00e1ndez Vel\u00e1zquez, Lisette Lagnado, Maria Lind, Ruth Noack, Azucena Vieites, Peio Aguirre, Ieva Astahovska, Carmi\u00f1a Dovale Carri\u00f3n, Jone Alaitz Uriarte, McKenzie Wark, Azar Mahmoudian, Arantza Santesteban, Anik Fournier, Sagal Farah, Graeme Thomson eta Silvia Maglioni, Uxue Pellejero, Andrea Rodrigo, Anja Isabel Schneider.<\/p>\n<p><a href=\"http:\/\/www.azkunazentroa.eus\">www.azkunazentroa.eus<\/a><\/p>\n<p><span class=\"inline inline-left\"><img loading=\"lazy\" class=\"image image-preview \" title=\"\" src=\"https:\/\/bulegoa.org\/sites\/default\/files\/images\/image001_0.png\" alt=\"\" width=\"147\" height=\"147\" \/><\/span><\/p>\n","protected":false},"excerpt":{"rendered":"<p>Erakusketa bat espazio fisiko zehatz batean bildutako objektu-multzo bat da. Bisitatzen duenak bere espazio eta denborazko esparru bera betetzen duten formekin eta artefaktuekin egiten du topo. Horri esker, oinez ibili eta ibilbideak taxutu ditzake, eta bere gorputzak eta objektu horiek zuzenean topo egin dezakete \u2014bitartekotzarekin\u2014. Erakusketa bat esparru jakin horretatik hedatzen eta gainezka egiten duen [&hellip;]<\/p>\n","protected":false},"author":1,"featured_media":5375,"parent":0,"menu_order":0,"comment_status":"closed","ping_status":"closed","template":"","meta":[],"acf":[],"yoast_head":"<!-- This site is optimized with the Yoast SEO plugin v20.4 - https:\/\/yoast.com\/wordpress\/plugins\/seo\/ -->\n<title>ERAKUSKETAREN SAIOA (1977-2017) - Bulegoa z\/b<\/title>\n<meta name=\"robots\" content=\"index, follow, max-snippet:-1, max-image-preview:large, max-video-preview:-1\" \/>\n<link rel=\"canonical\" href=\"https:\/\/bulegoa.org\/eu\/erakusketaren-saioa-1977-2017\/\" \/>\n<meta property=\"og:locale\" content=\"eu_ES\" \/>\n<meta property=\"og:type\" content=\"article\" \/>\n<meta property=\"og:title\" content=\"ERAKUSKETAREN SAIOA (1977-2017) - Bulegoa z\/b\" \/>\n<meta property=\"og:description\" content=\"Erakusketa bat espazio fisiko zehatz batean bildutako objektu-multzo bat da. Bisitatzen duenak bere espazio eta denborazko esparru bera betetzen duten formekin eta artefaktuekin egiten du topo. Horri esker, oinez ibili eta ibilbideak taxutu ditzake, eta bere gorputzak eta objektu horiek zuzenean topo egin dezakete \u2014bitartekotzarekin\u2014. Erakusketa bat esparru jakin horretatik hedatzen eta gainezka egiten duen [&hellip;]\" \/>\n<meta property=\"og:url\" content=\"https:\/\/bulegoa.org\/eu\/erakusketaren-saioa-1977-2017\/\" \/>\n<meta property=\"og:site_name\" content=\"Bulegoa z\/b\" \/>\n<meta property=\"article:publisher\" content=\"https:\/\/www.facebook.com\/bulegoazb\/\" \/>\n<meta property=\"article:modified_time\" content=\"2025-09-30T08:00:24+00:00\" \/>\n<meta property=\"og:image\" content=\"http:\/\/bulegoa.org\/web\/wp-content\/uploads\/2017\/06\/el-ensayo-de-la-exposicion.png\" \/>\n\t<meta property=\"og:image:width\" content=\"800\" \/>\n\t<meta property=\"og:image:height\" content=\"800\" \/>\n\t<meta property=\"og:image:type\" content=\"image\/png\" \/>\n<meta name=\"twitter:card\" content=\"summary_large_image\" \/>\n<meta name=\"twitter:site\" content=\"@bulegoazb\" \/>\n<script type=\"application\/ld+json\" class=\"yoast-schema-graph\">{\"@context\":\"https:\/\/schema.org\",\"@graph\":[{\"@type\":\"WebPage\",\"@id\":\"https:\/\/bulegoa.org\/eu\/erakusketaren-saioa-1977-2017\/\",\"url\":\"https:\/\/bulegoa.org\/eu\/erakusketaren-saioa-1977-2017\/\",\"name\":\"ERAKUSKETAREN SAIOA (1977-2017) - Bulegoa z\/b\",\"isPartOf\":{\"@id\":\"https:\/\/bulegoa.org\/#website\"},\"datePublished\":\"2020-05-09T10:33:34+00:00\",\"dateModified\":\"2025-09-30T08:00:24+00:00\",\"breadcrumb\":{\"@id\":\"https:\/\/bulegoa.org\/eu\/erakusketaren-saioa-1977-2017\/#breadcrumb\"},\"inLanguage\":\"eu-ES\",\"potentialAction\":[{\"@type\":\"ReadAction\",\"target\":[\"https:\/\/bulegoa.org\/eu\/erakusketaren-saioa-1977-2017\/\"]}]},{\"@type\":\"BreadcrumbList\",\"@id\":\"https:\/\/bulegoa.org\/eu\/erakusketaren-saioa-1977-2017\/#breadcrumb\",\"itemListElement\":[{\"@type\":\"ListItem\",\"position\":1,\"name\":\"Home\",\"item\":\"https:\/\/bulegoa.org\/eu\/\"},{\"@type\":\"ListItem\",\"position\":2,\"name\":\"ERAKUSKETAREN SAIOA (1977-2017)\"}]},{\"@type\":\"WebSite\",\"@id\":\"https:\/\/bulegoa.org\/#website\",\"url\":\"https:\/\/bulegoa.org\/\",\"name\":\"Bulegoa z\/b\",\"description\":\"\",\"potentialAction\":[{\"@type\":\"SearchAction\",\"target\":{\"@type\":\"EntryPoint\",\"urlTemplate\":\"https:\/\/bulegoa.org\/?s={search_term_string}\"},\"query-input\":\"required name=search_term_string\"}],\"inLanguage\":\"eu-ES\"}]}<\/script>\n<!-- \/ Yoast SEO plugin. -->","yoast_head_json":{"title":"ERAKUSKETAREN SAIOA (1977-2017) - Bulegoa z\/b","robots":{"index":"index","follow":"follow","max-snippet":"max-snippet:-1","max-image-preview":"max-image-preview:large","max-video-preview":"max-video-preview:-1"},"canonical":"https:\/\/bulegoa.org\/eu\/erakusketaren-saioa-1977-2017\/","og_locale":"eu_ES","og_type":"article","og_title":"ERAKUSKETAREN SAIOA (1977-2017) - Bulegoa z\/b","og_description":"Erakusketa bat espazio fisiko zehatz batean bildutako objektu-multzo bat da. Bisitatzen duenak bere espazio eta denborazko esparru bera betetzen duten formekin eta artefaktuekin egiten du topo. Horri esker, oinez ibili eta ibilbideak taxutu ditzake, eta bere gorputzak eta objektu horiek zuzenean topo egin dezakete \u2014bitartekotzarekin\u2014. Erakusketa bat esparru jakin horretatik hedatzen eta gainezka egiten duen [&hellip;]","og_url":"https:\/\/bulegoa.org\/eu\/erakusketaren-saioa-1977-2017\/","og_site_name":"Bulegoa z\/b","article_publisher":"https:\/\/www.facebook.com\/bulegoazb\/","article_modified_time":"2025-09-30T08:00:24+00:00","og_image":[{"width":800,"height":800,"url":"http:\/\/bulegoa.org\/web\/wp-content\/uploads\/2017\/06\/el-ensayo-de-la-exposicion.png","type":"image\/png"}],"twitter_card":"summary_large_image","twitter_site":"@bulegoazb","schema":{"@context":"https:\/\/schema.org","@graph":[{"@type":"WebPage","@id":"https:\/\/bulegoa.org\/eu\/erakusketaren-saioa-1977-2017\/","url":"https:\/\/bulegoa.org\/eu\/erakusketaren-saioa-1977-2017\/","name":"ERAKUSKETAREN SAIOA (1977-2017) - Bulegoa z\/b","isPartOf":{"@id":"https:\/\/bulegoa.org\/#website"},"datePublished":"2020-05-09T10:33:34+00:00","dateModified":"2025-09-30T08:00:24+00:00","breadcrumb":{"@id":"https:\/\/bulegoa.org\/eu\/erakusketaren-saioa-1977-2017\/#breadcrumb"},"inLanguage":"eu-ES","potentialAction":[{"@type":"ReadAction","target":["https:\/\/bulegoa.org\/eu\/erakusketaren-saioa-1977-2017\/"]}]},{"@type":"BreadcrumbList","@id":"https:\/\/bulegoa.org\/eu\/erakusketaren-saioa-1977-2017\/#breadcrumb","itemListElement":[{"@type":"ListItem","position":1,"name":"Home","item":"https:\/\/bulegoa.org\/eu\/"},{"@type":"ListItem","position":2,"name":"ERAKUSKETAREN SAIOA (1977-2017)"}]},{"@type":"WebSite","@id":"https:\/\/bulegoa.org\/#website","url":"https:\/\/bulegoa.org\/","name":"Bulegoa z\/b","description":"","potentialAction":[{"@type":"SearchAction","target":{"@type":"EntryPoint","urlTemplate":"https:\/\/bulegoa.org\/?s={search_term_string}"},"query-input":"required name=search_term_string"}],"inLanguage":"eu-ES"}]}},"_links":{"self":[{"href":"https:\/\/bulegoa.org\/eu\/wp-json\/wp\/v2\/pages\/1381"}],"collection":[{"href":"https:\/\/bulegoa.org\/eu\/wp-json\/wp\/v2\/pages"}],"about":[{"href":"https:\/\/bulegoa.org\/eu\/wp-json\/wp\/v2\/types\/page"}],"author":[{"embeddable":true,"href":"https:\/\/bulegoa.org\/eu\/wp-json\/wp\/v2\/users\/1"}],"replies":[{"embeddable":true,"href":"https:\/\/bulegoa.org\/eu\/wp-json\/wp\/v2\/comments?post=1381"}],"version-history":[{"count":7,"href":"https:\/\/bulegoa.org\/eu\/wp-json\/wp\/v2\/pages\/1381\/revisions"}],"predecessor-version":[{"id":23431,"href":"https:\/\/bulegoa.org\/eu\/wp-json\/wp\/v2\/pages\/1381\/revisions\/23431"}],"wp:featuredmedia":[{"embeddable":true,"href":"https:\/\/bulegoa.org\/eu\/wp-json\/wp\/v2\/media\/5375"}],"wp:attachment":[{"href":"https:\/\/bulegoa.org\/eu\/wp-json\/wp\/v2\/media?parent=1381"}],"curies":[{"name":"wp","href":"https:\/\/api.w.org\/{rel}","templated":true}]}}