{"id":1379,"date":"2017-06-01T12:33:34","date_gmt":"2017-06-01T10:33:34","guid":{"rendered":"https:\/\/bulegoa.org\/web\/aldiriak-etorkizuneko-liburua\/"},"modified":"2017-09-28T00:26:44","modified_gmt":"2017-09-27T22:26:44","slug":"etorkizuneko-liburua","status":"publish","type":"page","link":"https:\/\/bulegoa.org\/eu\/etorkizuneko-liburua\/","title":{"rendered":"Etorkizuneko liburua"},"content":{"rendered":"<p>Hona hemen Broodthaers-ek dituen bost argitalpenak: <em>Pense-B\u00eate<\/em> (1963-1964), <em>Un coup de d\u00e9s jamais n\u00b4abolira le hazard<\/em> (1969), <em>MTL<\/em> (1970-1972), <em>Un voyage on mer du nord<\/em> (1973) eta <em>L\u2019Angelus de Daumier<\/em> (1975). Liburuko alderdiak lantzen ditu haietako bakoitzak, adibidez, beste forma artistiko batzuekiko harremana (eskultura, poesia, erakusketa, zinema eta pintura) edo ekartzen dituen ekoizteko prozesuak (teknikoak eta materialak, instituzionalak eta hirugarrenekiko negoziaziokoak).<\/p>\n<p>Proiektuaren izenburuak aipuen kate bat du hizpide. <em>Etorkizuneko liburua<\/em> proiektuak Maurice Blanchotek 1959an argitaratutako liburu batetik hartu du izena, eta liburu horren erdigunean beste bat dago, St\u00e9phane Mallarm\u00e9-ren <em>Un coup de d\u00e9s jamais n\u00b4abolira le hazard<\/em> (1914), Broodthaersek 1969an izen bereko lan batean erantzundakoa. 1997an, Jacques Derridak objektu inprimatuaren etorkizunaz gogoeta egitea proposatu zuen \u201cEtorkizuneko liburua\u201d hitzaldian, garapen teknologikoak aldaketa sakonak iragarri baitzituen irakurketan eta idazkeran.<\/p>\n<p>Handik hamarkada batzuetara, behin aldaketak eginda, <em>Etorkizuneko liburua<\/em> proiektuak liburuaren performatibitatea aztertzea proposatzen du, besteak beste, irakurketa eta idazketaren, irudi eta testuaren, material eta immaterialaren, bizidun eta inertearen arteko harremanari erreparatuta. Era berean, zalantzan jarri nahi du aipagai duen etorkizunaren ideia: liburu bat, edozein liburu, berez, objektu finkoa da, beti zain eta beti zelatan, etorkizun izateari sekula ere ez utzita.<\/p>\n<p><em>Etorkizuneko liburua<\/em> abiatzeko, irakurketa-talde bat egongo da, zortzi saiorekin. Hilean behin izango dira saioak, 2015eko apiriletik 2016ko urtarrilera arte. Hainbat gonbidatuk proposamenak egingo dituzte, eta irakurketek lotura izango dute liburuarekin, praktika artistiko bide berezi gisa hartuta.<\/p>\n<p>Honako hauek eratzen dute Corpus sarea: Bulegoa z\/b (Bilbo), Contemporary Art Centre (Vilnius), KW Institute for Contemporary Art (Berlin), If I Can\u2019t Dance, I Don\u2019t Want To Be Part Of Your Revolution (Amsterdam), Playground (STUK Kunstencentrum &amp; M-Museum, Lovaina) eta Tate Modern (Londres).<\/p>\n<p><a href=\"http:\/\/www.corpus-network.org\" target=\"_blank\" rel=\"noopener\">Corpus<\/a> sareak Europar Batasuneko Europa Sortzailea programaren finantziazioa jaso du.<\/p>\n<p><img loading=\"lazy\" class=\"image image-_original \" title=\"\" src=\"https:\/\/bulegoa.org\/sites\/default\/files\/images\/eu_flag_creative_europe_co_funded_pos_[rgb]_right.jpg\" alt=\"\" width=\"302\" height=\"62\" \/><\/p>\n","protected":false},"excerpt":{"rendered":"<p>Hona hemen Broodthaers-ek dituen bost argitalpenak: Pense-B\u00eate (1963-1964), Un coup de d\u00e9s jamais n\u00b4abolira le hazard (1969), MTL (1970-1972), Un voyage on mer du nord (1973) eta L\u2019Angelus de Daumier (1975). Liburuko alderdiak lantzen ditu haietako bakoitzak, adibidez, beste forma artistiko batzuekiko harremana (eskultura, poesia, erakusketa, zinema eta pintura) edo ekartzen dituen ekoizteko prozesuak (teknikoak [&hellip;]<\/p>\n","protected":false},"author":1,"featured_media":5024,"parent":0,"menu_order":0,"comment_status":"closed","ping_status":"closed","template":"","meta":[],"acf":[],"yoast_head":"<!-- This site is optimized with the Yoast SEO plugin v20.4 - https:\/\/yoast.com\/wordpress\/plugins\/seo\/ -->\n<title>Etorkizuneko liburua - Bulegoa z\/b<\/title>\n<meta name=\"robots\" content=\"index, follow, max-snippet:-1, max-image-preview:large, max-video-preview:-1\" \/>\n<link rel=\"canonical\" href=\"https:\/\/bulegoa.org\/eu\/etorkizuneko-liburua\/\" \/>\n<meta property=\"og:locale\" content=\"eu_ES\" \/>\n<meta property=\"og:type\" content=\"article\" \/>\n<meta property=\"og:title\" content=\"Etorkizuneko liburua - Bulegoa z\/b\" \/>\n<meta property=\"og:description\" content=\"Hona hemen Broodthaers-ek dituen bost argitalpenak: Pense-B\u00eate (1963-1964), Un coup de d\u00e9s jamais n\u00b4abolira le hazard (1969), MTL (1970-1972), Un voyage on mer du nord (1973) eta L\u2019Angelus de Daumier (1975). Liburuko alderdiak lantzen ditu haietako bakoitzak, adibidez, beste forma artistiko batzuekiko harremana (eskultura, poesia, erakusketa, zinema eta pintura) edo ekartzen dituen ekoizteko prozesuak (teknikoak [&hellip;]\" \/>\n<meta property=\"og:url\" content=\"https:\/\/bulegoa.org\/eu\/etorkizuneko-liburua\/\" \/>\n<meta property=\"og:site_name\" content=\"Bulegoa z\/b\" \/>\n<meta property=\"article:publisher\" content=\"https:\/\/www.facebook.com\/bulegoazb\/\" \/>\n<meta property=\"article:modified_time\" content=\"2017-09-27T22:26:44+00:00\" \/>\n<meta property=\"og:image\" content=\"https:\/\/bulegoa.org\/web\/wp-content\/uploads\/2017\/06\/stone1.jpg\" \/>\n\t<meta property=\"og:image:width\" content=\"600\" \/>\n\t<meta property=\"og:image:height\" content=\"600\" \/>\n\t<meta property=\"og:image:type\" content=\"image\/jpeg\" \/>\n<meta name=\"twitter:card\" content=\"summary_large_image\" \/>\n<meta name=\"twitter:site\" content=\"@bulegoazb\" \/>\n<script type=\"application\/ld+json\" class=\"yoast-schema-graph\">{\"@context\":\"https:\/\/schema.org\",\"@graph\":[{\"@type\":\"WebPage\",\"@id\":\"https:\/\/bulegoa.org\/eu\/etorkizuneko-liburua\/\",\"url\":\"https:\/\/bulegoa.org\/eu\/etorkizuneko-liburua\/\",\"name\":\"Etorkizuneko liburua - Bulegoa z\/b\",\"isPartOf\":{\"@id\":\"https:\/\/bulegoa.org\/#website\"},\"datePublished\":\"2017-06-01T10:33:34+00:00\",\"dateModified\":\"2017-09-27T22:26:44+00:00\",\"breadcrumb\":{\"@id\":\"https:\/\/bulegoa.org\/eu\/etorkizuneko-liburua\/#breadcrumb\"},\"inLanguage\":\"eu-ES\",\"potentialAction\":[{\"@type\":\"ReadAction\",\"target\":[\"https:\/\/bulegoa.org\/eu\/etorkizuneko-liburua\/\"]}]},{\"@type\":\"BreadcrumbList\",\"@id\":\"https:\/\/bulegoa.org\/eu\/etorkizuneko-liburua\/#breadcrumb\",\"itemListElement\":[{\"@type\":\"ListItem\",\"position\":1,\"name\":\"Home\",\"item\":\"https:\/\/bulegoa.org\/eu\/\"},{\"@type\":\"ListItem\",\"position\":2,\"name\":\"Etorkizuneko liburua\"}]},{\"@type\":\"WebSite\",\"@id\":\"https:\/\/bulegoa.org\/#website\",\"url\":\"https:\/\/bulegoa.org\/\",\"name\":\"Bulegoa z\/b\",\"description\":\"\",\"potentialAction\":[{\"@type\":\"SearchAction\",\"target\":{\"@type\":\"EntryPoint\",\"urlTemplate\":\"https:\/\/bulegoa.org\/?s={search_term_string}\"},\"query-input\":\"required name=search_term_string\"}],\"inLanguage\":\"eu-ES\"}]}<\/script>\n<!-- \/ Yoast SEO plugin. -->","yoast_head_json":{"title":"Etorkizuneko liburua - Bulegoa z\/b","robots":{"index":"index","follow":"follow","max-snippet":"max-snippet:-1","max-image-preview":"max-image-preview:large","max-video-preview":"max-video-preview:-1"},"canonical":"https:\/\/bulegoa.org\/eu\/etorkizuneko-liburua\/","og_locale":"eu_ES","og_type":"article","og_title":"Etorkizuneko liburua - Bulegoa z\/b","og_description":"Hona hemen Broodthaers-ek dituen bost argitalpenak: Pense-B\u00eate (1963-1964), Un coup de d\u00e9s jamais n\u00b4abolira le hazard (1969), MTL (1970-1972), Un voyage on mer du nord (1973) eta L\u2019Angelus de Daumier (1975). Liburuko alderdiak lantzen ditu haietako bakoitzak, adibidez, beste forma artistiko batzuekiko harremana (eskultura, poesia, erakusketa, zinema eta pintura) edo ekartzen dituen ekoizteko prozesuak (teknikoak [&hellip;]","og_url":"https:\/\/bulegoa.org\/eu\/etorkizuneko-liburua\/","og_site_name":"Bulegoa z\/b","article_publisher":"https:\/\/www.facebook.com\/bulegoazb\/","article_modified_time":"2017-09-27T22:26:44+00:00","og_image":[{"width":600,"height":600,"url":"https:\/\/bulegoa.org\/web\/wp-content\/uploads\/2017\/06\/stone1.jpg","type":"image\/jpeg"}],"twitter_card":"summary_large_image","twitter_site":"@bulegoazb","schema":{"@context":"https:\/\/schema.org","@graph":[{"@type":"WebPage","@id":"https:\/\/bulegoa.org\/eu\/etorkizuneko-liburua\/","url":"https:\/\/bulegoa.org\/eu\/etorkizuneko-liburua\/","name":"Etorkizuneko liburua - Bulegoa z\/b","isPartOf":{"@id":"https:\/\/bulegoa.org\/#website"},"datePublished":"2017-06-01T10:33:34+00:00","dateModified":"2017-09-27T22:26:44+00:00","breadcrumb":{"@id":"https:\/\/bulegoa.org\/eu\/etorkizuneko-liburua\/#breadcrumb"},"inLanguage":"eu-ES","potentialAction":[{"@type":"ReadAction","target":["https:\/\/bulegoa.org\/eu\/etorkizuneko-liburua\/"]}]},{"@type":"BreadcrumbList","@id":"https:\/\/bulegoa.org\/eu\/etorkizuneko-liburua\/#breadcrumb","itemListElement":[{"@type":"ListItem","position":1,"name":"Home","item":"https:\/\/bulegoa.org\/eu\/"},{"@type":"ListItem","position":2,"name":"Etorkizuneko liburua"}]},{"@type":"WebSite","@id":"https:\/\/bulegoa.org\/#website","url":"https:\/\/bulegoa.org\/","name":"Bulegoa z\/b","description":"","potentialAction":[{"@type":"SearchAction","target":{"@type":"EntryPoint","urlTemplate":"https:\/\/bulegoa.org\/?s={search_term_string}"},"query-input":"required name=search_term_string"}],"inLanguage":"eu-ES"}]}},"_links":{"self":[{"href":"https:\/\/bulegoa.org\/eu\/wp-json\/wp\/v2\/pages\/1379"}],"collection":[{"href":"https:\/\/bulegoa.org\/eu\/wp-json\/wp\/v2\/pages"}],"about":[{"href":"https:\/\/bulegoa.org\/eu\/wp-json\/wp\/v2\/types\/page"}],"author":[{"embeddable":true,"href":"https:\/\/bulegoa.org\/eu\/wp-json\/wp\/v2\/users\/1"}],"replies":[{"embeddable":true,"href":"https:\/\/bulegoa.org\/eu\/wp-json\/wp\/v2\/comments?post=1379"}],"version-history":[{"count":5,"href":"https:\/\/bulegoa.org\/eu\/wp-json\/wp\/v2\/pages\/1379\/revisions"}],"predecessor-version":[{"id":5065,"href":"https:\/\/bulegoa.org\/eu\/wp-json\/wp\/v2\/pages\/1379\/revisions\/5065"}],"wp:featuredmedia":[{"embeddable":true,"href":"https:\/\/bulegoa.org\/eu\/wp-json\/wp\/v2\/media\/5024"}],"wp:attachment":[{"href":"https:\/\/bulegoa.org\/eu\/wp-json\/wp\/v2\/media?parent=1379"}],"curies":[{"name":"wp","href":"https:\/\/api.w.org\/{rel}","templated":true}]}}