{"id":1377,"date":"2017-05-12T12:33:34","date_gmt":"2017-05-12T10:33:34","guid":{"rendered":"https:\/\/bulegoa.org\/web\/aldiriak-denboren-polifonia\/"},"modified":"2023-01-24T11:51:54","modified_gmt":"2023-01-24T10:51:54","slug":"denboren-polifonia","status":"publish","type":"page","link":"https:\/\/bulegoa.org\/eu\/denboren-polifonia\/","title":{"rendered":"Denboren polifonia"},"content":{"rendered":"<blockquote><p>\u201cAurreko eguneko elkarrizketaren ondoren, buruan nuen artean izar itxurako gotorleku baten irudia, eta geometrikoki doi-doia zen plantaren gainean altxatzen ziren haren harresi garaiak. Hala ere, aurrez aurre nuena hormigoizko ore baxu bat zen, kanpoko hegaletan alde guztietatik biribilduta, izugarri konkorduna eta itxuragabea zirudiena: munstro baten bizkar zabala \u2013egin nuen gogoeta\u2013, azaleratzen, balea bat ur sakonetatik bezala (\u2026)\u201d.<\/p>\n<p>W.G. Sebald: <em>Austerlitz <\/em>(2001)<\/p><\/blockquote>\n<p><em>Denboren polifonia <\/em>proiektuak baldintza egokiak eskaintzen ditu Hondarribiko gotorlekuan bilera bat egiteko, 2013ko ekainaren 22ko 18:00etatik ekainaren 23ko 18:00etara. Bulegoa z\/b ekimenak egin du proiektua, Pedro G. Romerok komisariatutako <em>Bake-ituna<\/em>-ren <em>Kanpoaldeak <\/em>gunerako*.\u00a0Hogeita lau orduz denbora-pasa egotea eta horretaz hausnarketa egitea da proiektuaren xedea. Horretarako, hogeita lau laguni gonbit egin diegu, parte har dezaten eta jardunaldietako denbora-puska bat bete dezaten.<\/p>\n<p>Bilerako denboren eta egituraren banaketa in situ sortuko dugu, gonbidatuekin eta hurbiltzen diren lagunekin hitz egin ondoren. Horrez gain, gai hauek landuko ditugu: nola hautsi produkzio-sistemaren ordena normatibizatuarekin; nola egin gogoeta itxaronaldiaren eta gertaeraren aldiaren arteko dikotomiaz; nola sorrarazi iraupen-egoerak eta denbora galduak; nola egin hausnarketa hogeita lau orduko jardunaldi jarraitu bateko denbora-antolakuntzari buruz, denbora emankorraren eta alferrikako denboraren arteko zatiketak bereizezinak direnean.<\/p>\n<p>Hondarribiko Guadalupeko gotorlekuak dituen bereizgarriak kontuan izanik, oso agertoki berezia da <em>Denboren polifonia<\/em> proiektuak proposatutako bilerari begira: goialde batean eta mugaldean dago kotatuta; aski bakartuta dago, hirigunetik urrunduta; anakronikoa eta alferrikakoa da jatorriz, zegokion garaia baino lehen; itxura ez-ohikoa du, zati batean lurperatuta eta landarez estalita egonda; gotorlekuaren irudia literalegia da eta muga, barnealdea eta kanpoaldea, berezkoa eta bestea bezalako ideiekin du lotura.<\/p>\n<p>Hondarribiko Guadalupeko gotorlekuaren historia lagungarria da bereizgarri horiek azaltzeko. 1900. urtean eraiki zuten multzoa, \u201clubakitutako zelaiaren\u201d sistemari jarraiki. Armaz hornitutako gotorleku iraunkorren multzo bat da, lurraldeko toki gailenetan dago kokatuta, eta hurbilean zeuden militarrei laguntza ematea zen bere betekizuna. Eraikina, hasieran, gotorlekuen lerro baten barruan sartuta zegoen. Arrazoi ekonomikoak zirela-eta, hiru gotorleku baizik ez zuten eraiki. Gotorleku honen bidez, Gipuzkoako lurraldea babestu nahi zuten izan zitzakeen mehatxuetatik, adibidez, mugaz bestaldetik irits zitezkeen inbasioetatik edo lurralde barruan karlistek egin zitzaketen altxamenduetatik.<\/p>\n<p>XX. mendearen hasieran sortu zen Hondarribiko Guadalupeko gotorlekua, baina ez zen bere mendeko umea izan, aurreko mendekoa baizik. Multzo arkitektonikoa sorreratik bertatik izan zen anakronikoa eta zaharkitua, eta ez zuen balio izan diseinatu zutenean zituen zereginak betetzeko. Izan ere, aurreikusi zituzten bi gatazka-egoeretatik bat ere ez zen gertatu. Bestetik, \u201clubakitutako zelaiaren\u201d diseinua eta eraikuntzako teknika ez ziren gai izan XX. mendeko gerrek zuten ikuskera berriari erantzuteko. Hondarribiko Guadalupeko gotorlekua altxatu zuten unean, Europako beste toki askotan teknika eta material berriak baliatzen hasiak ziren eraikuntzan (hormigoi armatua, altzairuko kanpaiak, lurpeko babeslekuak), eta teknika eta material horiek bateragarriak izan ziren Lehen Mundu Gerran mugaz bestaldean sakonki saiatu zuten gerra-ikuskera berriarekin.<\/p>\n<p>Gotorlekuak sorreraz zuen anakronismoari gaur egun duen denboraz kanpo izaera gehitzen zaio. Izaera hori erdi utzita egoteagatik eta haren itxura ez-ohikoagatik datorkio.\u00a0Izan ere, naturak eta landareek lurpean dagoen eraikinaren zatia estaltzen dute, eta, ondorioz, paisaia zapala eta gatzgabea sortzen da. Arretaz begiratuz gero, berehala hasiko dira sortzen eta azaltzen denborak igarotzean lausotu dituen formak.<\/p>\n<p>Bilera egiteko hautatu ditugun lekuak gotorlekutik kanpo daude, ateetan: guardien taldearen gelak eta sarrerako zelaia. Hondarribiko alardea bertan egiten da urtero. Bi toki horietan, era askotako jarduerak egin daitezke, adibidez, irakurraldiak, proiekzioak, ibilaldiak, partekatutako hausnarketak edo eskulturen eta beste objektu artistiko batzuen instalazio iragankorrak.<em> Denboren polifonia<\/em> proiektuak jardunaldi jarraitua egin nahi du, une batez denbora eten ahal izateko, konbentziozko formarik hartu gabe.<\/p>\n<p>Hona hemen <em>Denboren polifonia<\/em> proiektuan parte hartzera gonbidatutakoak zein diren: Elena Aitzkoa, Lorea Alfaro, ANTespacio (Laura D\u00edez, Melodie Mart\u00edn), Ibon Aranberri, Jes\u00fas Arpal Moya, Jes\u00fas Arpal Poblador, Aimar Arriola, Josu Bilbao Ugalde, June Crespo, Marion Cruza, Oier Iruretagoiena, Gabriela Kraviez eta Juan P\u00e9rez Agirregoikoa, Jon Mantzisidor, Alex Mendizabal, Musta Props, Mikel Ochoteco, \u00c1ngela Palacios, Sarah Rasines, Irantzu Sanzo, Marcos Urquijo, Cristian Villavicencio, Esteban Zamora (Kaxilda).<\/p>\n<p><em>*<\/em><em>Bake-ituna<\/em> Donostia 2016 Europako Kultur Hiriburutzaren proiektua da.<em> 1813. Donostiaren setioa, sutea eta berreraikitzea,<\/em> bere lehen aurkezpena, DSS2016 Fundazioak eta San Telmo Museoak egin dute, ondorengoen koprodukzioarekin: Donostiako Untzi Museoa eta Bakearen eta Giza Eskubideen Etxea, eta Ormaiztegiko Zumalakarregi Museoa; eta ondorengoen laguntzarekin: Baionako Euskal Museoa, Madrilgo Kalkografia eta Liburutegi Nazionala, Prado Museoa eta Reina Sofia Arte Zentro Museo Nazionala.<\/p>\n<p><strong>Ordutegia: 2013ko ekainaren 22ko 18:00etatik ekainaren 23ko 18:00etara.<br \/>\nTokia: Hondarribiko Guadalupe gotorlekuko guardien taldeko gelak, gotorlekuaren sarrerako zelaia eta ingurumariak.<\/strong><\/p>\n<p>Argibide gehiago nahi izanez gero, idatzi helbide honetara: <a href=\"mailto:bulegoa@bulegoa.org\">bulegoa@bulegoa.org<\/a><\/p>\n<p>Koproduktoreak:<\/p>\n<p><img loading=\"lazy\" class=\"image image-preview alignleft\" title=\"\" src=\"https:\/\/bulegoa.org\/sites\/default\/files\/images\/donostia2016-tx.jpg\" alt=\"\" width=\"211\" height=\"60\" \/>\u00a0<img loading=\"lazy\" class=\"image image-preview alignleft\" title=\"\" src=\"https:\/\/bulegoa.org\/sites\/default\/files\/images\/santelmo-tx.jpg\" alt=\"\" width=\"110\" height=\"70\" \/> <img loading=\"lazy\" class=\"image image-preview alignleft\" title=\"\" src=\"https:\/\/bulegoa.org\/sites\/default\/files\/images\/untzimuseoa-tx.jpg\" alt=\"\" width=\"176\" height=\"70\" \/>\u00a0<img loading=\"lazy\" class=\"image image-preview alignleft\" title=\"\" src=\"https:\/\/bulegoa.org\/sites\/default\/files\/images\/museozumalakarregi-tx.jpg\" alt=\"\" width=\"184\" height=\"75\" \/>\u00a0<img loading=\"lazy\" class=\"image image-preview alignleft\" title=\"\" src=\"https:\/\/bulegoa.org\/sites\/default\/files\/images\/baionako_euskal_museoa-tx.jpg\" alt=\"\" width=\"90\" height=\"80\" \/><\/p>\n<p>Erakundeak:<\/p>\n<p><img loading=\"lazy\" class=\"image image-preview alignleft\" title=\"\" src=\"https:\/\/bulegoa.org\/sites\/default\/files\/images\/donostiako_udala-tx.jpg\" alt=\"\" width=\"199\" height=\"80\" \/><img loading=\"lazy\" class=\"image image-preview alignleft\" title=\"\" src=\"https:\/\/bulegoa.org\/sites\/default\/files\/images\/gipuzkoako_foru_aldundia-tx.jpg\" alt=\"\" width=\"144\" height=\"70\" \/><img loading=\"lazy\" class=\"image image-preview alignleft\" title=\"\" src=\"https:\/\/bulegoa.org\/sites\/default\/files\/images\/eusko_jaurlaritza-tx.jpg\" alt=\"\" width=\"172\" height=\"65\" \/><img loading=\"lazy\" class=\"image image-preview alignleft\" title=\"\" src=\"https:\/\/bulegoa.org\/sites\/default\/files\/images\/secretaria_de_estado_de_cultura-tx.jpg\" alt=\"\" width=\"293\" height=\"70\" \/> <img loading=\"lazy\" class=\"image image-preview alignleft\" title=\"\" src=\"https:\/\/bulegoa.org\/sites\/default\/files\/images\/bayonne.jpg\" alt=\"\" width=\"85\" height=\"75\" \/><img loading=\"lazy\" class=\"image image-preview alignleft\" title=\"\" src=\"https:\/\/bulegoa.org\/sites\/default\/files\/images\/donostiakulturacom-tx.jpg\" alt=\"\" width=\"199\" height=\"60\" \/><img loading=\"lazy\" class=\"image image-preview alignleft\" title=\"\" src=\"https:\/\/bulegoa.org\/sites\/default\/files\/images\/europakokulturhiriburua.jpg\" alt=\"\" width=\"175\" height=\"85\" \/><\/p>\n","protected":false},"excerpt":{"rendered":"<p>\u201cAurreko eguneko elkarrizketaren ondoren, buruan nuen artean izar itxurako gotorleku baten irudia, eta geometrikoki doi-doia zen plantaren gainean altxatzen ziren haren harresi garaiak. Hala ere, aurrez aurre nuena hormigoizko ore baxu bat zen, kanpoko hegaletan alde guztietatik biribilduta, izugarri konkorduna eta itxuragabea zirudiena: munstro baten bizkar zabala \u2013egin nuen gogoeta\u2013, azaleratzen, balea bat ur sakonetatik [&hellip;]<\/p>\n","protected":false},"author":1,"featured_media":18825,"parent":0,"menu_order":0,"comment_status":"closed","ping_status":"closed","template":"","meta":[],"acf":[],"yoast_head":"<!-- This site is optimized with the Yoast SEO plugin v20.4 - https:\/\/yoast.com\/wordpress\/plugins\/seo\/ -->\n<title>Denboren polifonia - Bulegoa z\/b<\/title>\n<meta name=\"robots\" content=\"index, follow, max-snippet:-1, max-image-preview:large, max-video-preview:-1\" \/>\n<link rel=\"canonical\" href=\"https:\/\/bulegoa.org\/eu\/denboren-polifonia\/\" \/>\n<meta property=\"og:locale\" content=\"eu_ES\" \/>\n<meta property=\"og:type\" content=\"article\" \/>\n<meta property=\"og:title\" content=\"Denboren polifonia - Bulegoa z\/b\" \/>\n<meta property=\"og:description\" content=\"\u201cAurreko eguneko elkarrizketaren ondoren, buruan nuen artean izar itxurako gotorleku baten irudia, eta geometrikoki doi-doia zen plantaren gainean altxatzen ziren haren harresi garaiak. Hala ere, aurrez aurre nuena hormigoizko ore baxu bat zen, kanpoko hegaletan alde guztietatik biribilduta, izugarri konkorduna eta itxuragabea zirudiena: munstro baten bizkar zabala \u2013egin nuen gogoeta\u2013, azaleratzen, balea bat ur sakonetatik [&hellip;]\" \/>\n<meta property=\"og:url\" content=\"https:\/\/bulegoa.org\/eu\/denboren-polifonia\/\" \/>\n<meta property=\"og:site_name\" content=\"Bulegoa z\/b\" \/>\n<meta property=\"article:publisher\" content=\"https:\/\/www.facebook.com\/bulegoazb\/\" \/>\n<meta property=\"article:modified_time\" content=\"2023-01-24T10:51:54+00:00\" \/>\n<meta property=\"og:image\" content=\"http:\/\/bulegoa.org\/web\/wp-content\/uploads\/2023\/01\/polifonia_de_tiempos_01-7.jpg\" \/>\n\t<meta property=\"og:image:width\" content=\"640\" \/>\n\t<meta property=\"og:image:height\" content=\"426\" \/>\n\t<meta property=\"og:image:type\" content=\"image\/jpeg\" \/>\n<meta name=\"twitter:card\" content=\"summary_large_image\" \/>\n<meta name=\"twitter:site\" content=\"@bulegoazb\" \/>\n<script type=\"application\/ld+json\" class=\"yoast-schema-graph\">{\"@context\":\"https:\/\/schema.org\",\"@graph\":[{\"@type\":\"WebPage\",\"@id\":\"https:\/\/bulegoa.org\/eu\/denboren-polifonia\/\",\"url\":\"https:\/\/bulegoa.org\/eu\/denboren-polifonia\/\",\"name\":\"Denboren polifonia - Bulegoa z\/b\",\"isPartOf\":{\"@id\":\"https:\/\/bulegoa.org\/#website\"},\"datePublished\":\"2017-05-12T10:33:34+00:00\",\"dateModified\":\"2023-01-24T10:51:54+00:00\",\"breadcrumb\":{\"@id\":\"https:\/\/bulegoa.org\/eu\/denboren-polifonia\/#breadcrumb\"},\"inLanguage\":\"eu-ES\",\"potentialAction\":[{\"@type\":\"ReadAction\",\"target\":[\"https:\/\/bulegoa.org\/eu\/denboren-polifonia\/\"]}]},{\"@type\":\"BreadcrumbList\",\"@id\":\"https:\/\/bulegoa.org\/eu\/denboren-polifonia\/#breadcrumb\",\"itemListElement\":[{\"@type\":\"ListItem\",\"position\":1,\"name\":\"Home\",\"item\":\"https:\/\/bulegoa.org\/eu\/\"},{\"@type\":\"ListItem\",\"position\":2,\"name\":\"Denboren polifonia\"}]},{\"@type\":\"WebSite\",\"@id\":\"https:\/\/bulegoa.org\/#website\",\"url\":\"https:\/\/bulegoa.org\/\",\"name\":\"Bulegoa z\/b\",\"description\":\"\",\"potentialAction\":[{\"@type\":\"SearchAction\",\"target\":{\"@type\":\"EntryPoint\",\"urlTemplate\":\"https:\/\/bulegoa.org\/?s={search_term_string}\"},\"query-input\":\"required name=search_term_string\"}],\"inLanguage\":\"eu-ES\"}]}<\/script>\n<!-- \/ Yoast SEO plugin. -->","yoast_head_json":{"title":"Denboren polifonia - Bulegoa z\/b","robots":{"index":"index","follow":"follow","max-snippet":"max-snippet:-1","max-image-preview":"max-image-preview:large","max-video-preview":"max-video-preview:-1"},"canonical":"https:\/\/bulegoa.org\/eu\/denboren-polifonia\/","og_locale":"eu_ES","og_type":"article","og_title":"Denboren polifonia - Bulegoa z\/b","og_description":"\u201cAurreko eguneko elkarrizketaren ondoren, buruan nuen artean izar itxurako gotorleku baten irudia, eta geometrikoki doi-doia zen plantaren gainean altxatzen ziren haren harresi garaiak. Hala ere, aurrez aurre nuena hormigoizko ore baxu bat zen, kanpoko hegaletan alde guztietatik biribilduta, izugarri konkorduna eta itxuragabea zirudiena: munstro baten bizkar zabala \u2013egin nuen gogoeta\u2013, azaleratzen, balea bat ur sakonetatik [&hellip;]","og_url":"https:\/\/bulegoa.org\/eu\/denboren-polifonia\/","og_site_name":"Bulegoa z\/b","article_publisher":"https:\/\/www.facebook.com\/bulegoazb\/","article_modified_time":"2023-01-24T10:51:54+00:00","og_image":[{"width":640,"height":426,"url":"http:\/\/bulegoa.org\/web\/wp-content\/uploads\/2023\/01\/polifonia_de_tiempos_01-7.jpg","type":"image\/jpeg"}],"twitter_card":"summary_large_image","twitter_site":"@bulegoazb","schema":{"@context":"https:\/\/schema.org","@graph":[{"@type":"WebPage","@id":"https:\/\/bulegoa.org\/eu\/denboren-polifonia\/","url":"https:\/\/bulegoa.org\/eu\/denboren-polifonia\/","name":"Denboren polifonia - Bulegoa z\/b","isPartOf":{"@id":"https:\/\/bulegoa.org\/#website"},"datePublished":"2017-05-12T10:33:34+00:00","dateModified":"2023-01-24T10:51:54+00:00","breadcrumb":{"@id":"https:\/\/bulegoa.org\/eu\/denboren-polifonia\/#breadcrumb"},"inLanguage":"eu-ES","potentialAction":[{"@type":"ReadAction","target":["https:\/\/bulegoa.org\/eu\/denboren-polifonia\/"]}]},{"@type":"BreadcrumbList","@id":"https:\/\/bulegoa.org\/eu\/denboren-polifonia\/#breadcrumb","itemListElement":[{"@type":"ListItem","position":1,"name":"Home","item":"https:\/\/bulegoa.org\/eu\/"},{"@type":"ListItem","position":2,"name":"Denboren polifonia"}]},{"@type":"WebSite","@id":"https:\/\/bulegoa.org\/#website","url":"https:\/\/bulegoa.org\/","name":"Bulegoa z\/b","description":"","potentialAction":[{"@type":"SearchAction","target":{"@type":"EntryPoint","urlTemplate":"https:\/\/bulegoa.org\/?s={search_term_string}"},"query-input":"required name=search_term_string"}],"inLanguage":"eu-ES"}]}},"_links":{"self":[{"href":"https:\/\/bulegoa.org\/eu\/wp-json\/wp\/v2\/pages\/1377"}],"collection":[{"href":"https:\/\/bulegoa.org\/eu\/wp-json\/wp\/v2\/pages"}],"about":[{"href":"https:\/\/bulegoa.org\/eu\/wp-json\/wp\/v2\/types\/page"}],"author":[{"embeddable":true,"href":"https:\/\/bulegoa.org\/eu\/wp-json\/wp\/v2\/users\/1"}],"replies":[{"embeddable":true,"href":"https:\/\/bulegoa.org\/eu\/wp-json\/wp\/v2\/comments?post=1377"}],"version-history":[{"count":5,"href":"https:\/\/bulegoa.org\/eu\/wp-json\/wp\/v2\/pages\/1377\/revisions"}],"predecessor-version":[{"id":18858,"href":"https:\/\/bulegoa.org\/eu\/wp-json\/wp\/v2\/pages\/1377\/revisions\/18858"}],"wp:featuredmedia":[{"embeddable":true,"href":"https:\/\/bulegoa.org\/eu\/wp-json\/wp\/v2\/media\/18825"}],"wp:attachment":[{"href":"https:\/\/bulegoa.org\/eu\/wp-json\/wp\/v2\/media?parent=1377"}],"curies":[{"name":"wp","href":"https:\/\/api.w.org\/{rel}","templated":true}]}}