{"id":1372,"date":"2017-05-12T12:33:34","date_gmt":"2017-05-12T10:33:34","guid":{"rendered":"https:\/\/bulegoa.org\/web\/aldiriak-el-contrato\/"},"modified":"2017-09-28T00:29:18","modified_gmt":"2017-09-27T22:29:18","slug":"el-contrato","status":"publish","type":"page","link":"https:\/\/bulegoa.org\/eu\/el-contrato\/","title":{"rendered":"EL CONTRATO"},"content":{"rendered":"<p>EL CONTRATOk, abiaburu gisa, sakon ikertu nahi zuen modernitatetik gaurdaino oro har onartutako akordioek nola baldintzatzen duten humanitateetan sartutako praktiken bilakaera, hala nola, artearenak, historiarenak edo teoria sozialarenak. Kontua zen ea finkatuta dauden kontratu horiek berriz negoziatu ahal diren, maiz adostasunak berez dakarren axolagabetasunean erori gabe; ea era kritikoan aztertu ahal den ituna egiteko beharra, bi aldeen arteko nahitaezko akordiorik egin beharrik gabe.<\/p>\n<p>EL CONTRATO proiektuko lehen irakurketa-taldearen saioek berriz aztertu nahi zituzten Bulegoa z\/b ekimenaren proiektu orokorra finkatzen duten lau arlo nagusiak: soziologia, komisariotza, kritika eta koreografia. Irakurketa-taldean, era askotako dokumentuak landu ditugu: saiakerak, testu historikoak, epaile-aktak, hitzaldiak, poemak, prosa, filmen kritikak, albisteak, elkarrizketak, filmak edota audio-erregistroak. Saioetan, ozen irakurri dugu, eztabaida egin dugu, eta taldeko idazketako ariketak ere egin ditugu.<\/p>\n<p>EL CONTRATO erakusketak hamabi atal izan zituen, egin genituen irakurketa-saioak ere hamabi izan baitziren. Taldean izandako eztabaiden emaitza ziren saioak: Kontratu soziala eszenaratzea, Gorputzen arteko kontratua, Ekoizteko moldeei buruzko kontratua, Kontratua gailu gisa, Kontratua desmuntatzea, Teoria eta praktikaren arteko kontratua, Kontratua desklasifikatzea, Idatzizko eta ahozko kontratua, Kontratu pedagogikoa, Kontratuaren performatibitatea, Artxiboa kontratu gisa eta Kontratua pentsatzearekin.<\/p>\n<p>EL CONTRATO proiektua garatu bitartean, hogeita hamar bat artistaren lana biltzeaz gain, hainbat jarduera izan genituen Erakusketa Aretoan, adibidez, hitzaldiak, performanceak, zinema-programa eta irakurketa-talde berria. Bigarren irakurketa-talde honetako zazpi saioak EL CONTRATOn parte hartutako artistek proposatu zituzten, erakusketan aurkeztu zituzten lanak oinarritzat hartuta. Azken honek harremanetan jarri zituen artearen baliabide desberdinak \u2013pintura, zinema, eskultura, argazkigintza, poesia, audioa, antzerkia edota dantza\u2013 erakusketa eta eszenaren espazioan onartutako protokoloekin, zalantzan jartzeko edo berresteko.<\/p>\n<p>Hona hemen parte hartu zutenak: Eulalia Abaitua, Lawrence Abu Hamdan, Agentzia, Elena Aitzkoa, Mal\u00fas Arbide, BADco, Ricardo Basbaum, Josu Bilbao, Kajsa Dahlberg, Jon Mikel Euba, Luca Frei, EL CONTRATO irakurketa taldea, Arne Hendriks, Joost Janmaat eta Jasper van den Berg (Academy of Work), I\u00f1aki Imaz, Jeleton, Teresa Lanceta, Karl Larsson, Arantxa Mart\u00ednez, Asier Mendizabal, Adriana Monti, Rabih Mrou\u00e9, Carme Nogueira, Anxela Caram\u00e9s eta Uqui Permui (Contenedor de feminismos), Itziar Okariz, Catarina Sim\u00e3o, Daniel Steegmann Mangran\u00e9, Gertrude Stein, Teatro Ojo, Wendelien van Oldenborgh. Luca Frei arduratu zen obrak aretoan biltzen zituen egitura diseinatzeaz, eta Gorka Eizagirrek erakusketako 12 posterrak diseinatu zituen.<\/p>\n<p>( <a title=\"http:\/\/www.alhondigabilbao.com\" href=\"http:\/\/www.alhondigabilbao.com\">http:\/\/www.alhondigabilbao.com<\/a> )<\/p>\n<p><span class=\"inline inline-left\"><span class=\"inline inline-left\"><img loading=\"lazy\" class=\"image image-thumbnail \" title=\"\" src=\"https:\/\/bulegoa.org\/sites\/default\/files\/images\/image001.png\" alt=\"\" width=\"147\" height=\"147\" \/><\/span><br \/>\n<\/span><\/p>\n","protected":false},"excerpt":{"rendered":"<p>EL CONTRATOk, abiaburu gisa, sakon ikertu nahi zuen modernitatetik gaurdaino oro har onartutako akordioek nola baldintzatzen duten humanitateetan sartutako praktiken bilakaera, hala nola, artearenak, historiarenak edo teoria sozialarenak. Kontua zen ea finkatuta dauden kontratu horiek berriz negoziatu ahal diren, maiz adostasunak berez dakarren axolagabetasunean erori gabe; ea era kritikoan aztertu ahal den ituna egiteko beharra, [&hellip;]<\/p>\n","protected":false},"author":1,"featured_media":0,"parent":0,"menu_order":0,"comment_status":"closed","ping_status":"closed","template":"","meta":[],"acf":[],"yoast_head":"<!-- This site is optimized with the Yoast SEO plugin v20.4 - https:\/\/yoast.com\/wordpress\/plugins\/seo\/ -->\n<title>EL CONTRATO - Bulegoa z\/b<\/title>\n<meta name=\"robots\" content=\"index, follow, max-snippet:-1, max-image-preview:large, max-video-preview:-1\" \/>\n<link rel=\"canonical\" href=\"https:\/\/bulegoa.org\/eu\/el-contrato\/\" \/>\n<meta property=\"og:locale\" content=\"eu_ES\" \/>\n<meta property=\"og:type\" content=\"article\" \/>\n<meta property=\"og:title\" content=\"EL CONTRATO - Bulegoa z\/b\" \/>\n<meta property=\"og:description\" content=\"EL CONTRATOk, abiaburu gisa, sakon ikertu nahi zuen modernitatetik gaurdaino oro har onartutako akordioek nola baldintzatzen duten humanitateetan sartutako praktiken bilakaera, hala nola, artearenak, historiarenak edo teoria sozialarenak. Kontua zen ea finkatuta dauden kontratu horiek berriz negoziatu ahal diren, maiz adostasunak berez dakarren axolagabetasunean erori gabe; ea era kritikoan aztertu ahal den ituna egiteko beharra, [&hellip;]\" \/>\n<meta property=\"og:url\" content=\"https:\/\/bulegoa.org\/eu\/el-contrato\/\" \/>\n<meta property=\"og:site_name\" content=\"Bulegoa z\/b\" \/>\n<meta property=\"article:publisher\" content=\"https:\/\/www.facebook.com\/bulegoazb\/\" \/>\n<meta property=\"article:modified_time\" content=\"2017-09-27T22:29:18+00:00\" \/>\n<meta property=\"og:image\" content=\"https:\/\/bulegoa.org\/sites\/default\/files\/images\/image001.png\" \/>\n<meta name=\"twitter:card\" content=\"summary_large_image\" \/>\n<meta name=\"twitter:site\" content=\"@bulegoazb\" \/>\n<script type=\"application\/ld+json\" class=\"yoast-schema-graph\">{\"@context\":\"https:\/\/schema.org\",\"@graph\":[{\"@type\":\"WebPage\",\"@id\":\"https:\/\/bulegoa.org\/eu\/el-contrato\/\",\"url\":\"https:\/\/bulegoa.org\/eu\/el-contrato\/\",\"name\":\"EL CONTRATO - Bulegoa z\/b\",\"isPartOf\":{\"@id\":\"https:\/\/bulegoa.org\/#website\"},\"datePublished\":\"2017-05-12T10:33:34+00:00\",\"dateModified\":\"2017-09-27T22:29:18+00:00\",\"breadcrumb\":{\"@id\":\"https:\/\/bulegoa.org\/eu\/el-contrato\/#breadcrumb\"},\"inLanguage\":\"eu-ES\",\"potentialAction\":[{\"@type\":\"ReadAction\",\"target\":[\"https:\/\/bulegoa.org\/eu\/el-contrato\/\"]}]},{\"@type\":\"BreadcrumbList\",\"@id\":\"https:\/\/bulegoa.org\/eu\/el-contrato\/#breadcrumb\",\"itemListElement\":[{\"@type\":\"ListItem\",\"position\":1,\"name\":\"Home\",\"item\":\"https:\/\/bulegoa.org\/eu\/\"},{\"@type\":\"ListItem\",\"position\":2,\"name\":\"EL CONTRATO\"}]},{\"@type\":\"WebSite\",\"@id\":\"https:\/\/bulegoa.org\/#website\",\"url\":\"https:\/\/bulegoa.org\/\",\"name\":\"Bulegoa z\/b\",\"description\":\"\",\"potentialAction\":[{\"@type\":\"SearchAction\",\"target\":{\"@type\":\"EntryPoint\",\"urlTemplate\":\"https:\/\/bulegoa.org\/?s={search_term_string}\"},\"query-input\":\"required name=search_term_string\"}],\"inLanguage\":\"eu-ES\"}]}<\/script>\n<!-- \/ Yoast SEO plugin. -->","yoast_head_json":{"title":"EL CONTRATO - Bulegoa z\/b","robots":{"index":"index","follow":"follow","max-snippet":"max-snippet:-1","max-image-preview":"max-image-preview:large","max-video-preview":"max-video-preview:-1"},"canonical":"https:\/\/bulegoa.org\/eu\/el-contrato\/","og_locale":"eu_ES","og_type":"article","og_title":"EL CONTRATO - Bulegoa z\/b","og_description":"EL CONTRATOk, abiaburu gisa, sakon ikertu nahi zuen modernitatetik gaurdaino oro har onartutako akordioek nola baldintzatzen duten humanitateetan sartutako praktiken bilakaera, hala nola, artearenak, historiarenak edo teoria sozialarenak. Kontua zen ea finkatuta dauden kontratu horiek berriz negoziatu ahal diren, maiz adostasunak berez dakarren axolagabetasunean erori gabe; ea era kritikoan aztertu ahal den ituna egiteko beharra, [&hellip;]","og_url":"https:\/\/bulegoa.org\/eu\/el-contrato\/","og_site_name":"Bulegoa z\/b","article_publisher":"https:\/\/www.facebook.com\/bulegoazb\/","article_modified_time":"2017-09-27T22:29:18+00:00","og_image":[{"url":"https:\/\/bulegoa.org\/sites\/default\/files\/images\/image001.png"}],"twitter_card":"summary_large_image","twitter_site":"@bulegoazb","schema":{"@context":"https:\/\/schema.org","@graph":[{"@type":"WebPage","@id":"https:\/\/bulegoa.org\/eu\/el-contrato\/","url":"https:\/\/bulegoa.org\/eu\/el-contrato\/","name":"EL CONTRATO - Bulegoa z\/b","isPartOf":{"@id":"https:\/\/bulegoa.org\/#website"},"datePublished":"2017-05-12T10:33:34+00:00","dateModified":"2017-09-27T22:29:18+00:00","breadcrumb":{"@id":"https:\/\/bulegoa.org\/eu\/el-contrato\/#breadcrumb"},"inLanguage":"eu-ES","potentialAction":[{"@type":"ReadAction","target":["https:\/\/bulegoa.org\/eu\/el-contrato\/"]}]},{"@type":"BreadcrumbList","@id":"https:\/\/bulegoa.org\/eu\/el-contrato\/#breadcrumb","itemListElement":[{"@type":"ListItem","position":1,"name":"Home","item":"https:\/\/bulegoa.org\/eu\/"},{"@type":"ListItem","position":2,"name":"EL CONTRATO"}]},{"@type":"WebSite","@id":"https:\/\/bulegoa.org\/#website","url":"https:\/\/bulegoa.org\/","name":"Bulegoa z\/b","description":"","potentialAction":[{"@type":"SearchAction","target":{"@type":"EntryPoint","urlTemplate":"https:\/\/bulegoa.org\/?s={search_term_string}"},"query-input":"required name=search_term_string"}],"inLanguage":"eu-ES"}]}},"_links":{"self":[{"href":"https:\/\/bulegoa.org\/eu\/wp-json\/wp\/v2\/pages\/1372"}],"collection":[{"href":"https:\/\/bulegoa.org\/eu\/wp-json\/wp\/v2\/pages"}],"about":[{"href":"https:\/\/bulegoa.org\/eu\/wp-json\/wp\/v2\/types\/page"}],"author":[{"embeddable":true,"href":"https:\/\/bulegoa.org\/eu\/wp-json\/wp\/v2\/users\/1"}],"replies":[{"embeddable":true,"href":"https:\/\/bulegoa.org\/eu\/wp-json\/wp\/v2\/comments?post=1372"}],"version-history":[{"count":3,"href":"https:\/\/bulegoa.org\/eu\/wp-json\/wp\/v2\/pages\/1372\/revisions"}],"predecessor-version":[{"id":4772,"href":"https:\/\/bulegoa.org\/eu\/wp-json\/wp\/v2\/pages\/1372\/revisions\/4772"}],"wp:attachment":[{"href":"https:\/\/bulegoa.org\/eu\/wp-json\/wp\/v2\/media?parent=1372"}],"curies":[{"name":"wp","href":"https:\/\/api.w.org\/{rel}","templated":true}]}}