{"id":1370,"date":"2017-05-12T12:33:34","date_gmt":"2017-05-12T10:33:34","guid":{"rendered":"https:\/\/bulegoa.org\/web\/aldiriak-bat-bi-hiru-lau-horma\/"},"modified":"2017-09-28T00:28:51","modified_gmt":"2017-09-27T22:28:51","slug":"bat-bi-hiru-lau-horma","status":"publish","type":"page","link":"https:\/\/bulegoa.org\/eu\/bat-bi-hiru-lau-horma\/","title":{"rendered":"Bat, bi, hiru, lau horma"},"content":{"rendered":"<p>Proiektuaren egileak: Mar Villaespesa eta BNV producciones, ondokoekin elkarrizketan: Bulegoa Z\/B, Fundaci\u00f3n Rodr\u00edguez, Valent\u00edn Roma eta Laura Traf\u00ed-Prats. <strong>Urriaren 8tik apirilaren 8ra ARTIUM,<\/strong> Gasteizko Arte Garaikideko Euskal Zentro-Museoan.<\/p>\n<p>Artelan batek ez du bere edukiagatik bakarrik balio, baita sortze ekintzaz harago dituen ahalbideengatik ere. Uste horretatik abiaturik eta lehengoratze hitzaren etimologiari jarraituz garatu da <em>Egonaldiak. ARTIUM Bildumaren inguruko lehengoratze jarduerak,<\/em> Bilduma osatzen duten lan seinalatu batzuei beren ahalmena itzultzeko asmoz.<\/p>\n<p>Erakusketaren kontakizuna <strong>lau Egonaldi**<\/strong> eratu dituen elkarrizketa batean oinarritzen da, lau komisariotza lanetan, artelan batzuen, ekintza batzuen, lantegi-mintegi baten, antzerki emanaldien eta laborategi baten inguruan. Aipatutako lanak eta haien berpizteak ARTIUMen Ekialde-Behekoa aretoan aurkeztuko dira, aldi berean lanerako gune eta makina izango dena.<\/p>\n<p>Walter Benjaminengandik hasita, artela sortzeko baldintza estetikoei buruzko mintzaldiak distantzia, hurbiltasun, erreproduzigarritasun, egiletza, balio\u2026 kontzeptuak izaten dituzte aipagai. <em>Egonaldiak. ARTIUM Bildumaren inguruko lehengoratze jarduerak<\/em> erakusketan estrategia horiek erabili dira, eta \u00abbirfuntzionalizatze\u00bb kontzeptu brechtiarra, asmoa ez baita artea ekoitzeko gailua hornitzea, eraldatzen saiatzea baizik.<\/p>\n<p>Bulegoa Z\/B-ren <strong>3. Egonaldia<\/strong>. <em>Bat, bi, hiru, lau hormak<\/em> objektu bera baldintza desberdinetan behatzeko bi ariketa proposatzen ditu. Artium Bildumako obra esanguratsu baten \u2014Jorge Oteizaren <em>Homenaje a Vel\u00e1zquez<\/em> (1958)\u2014 bi eszenaratzetatik abiatuta, gonbit bat egiten zaio ikusleari, objektu artistiko bat espazioan aurkezteko ekintzari eta ekintza horrek dakartzan harreman motei datxezkien esanahiak esploratzeko eta ustiatzeko.<\/p>\n<p><a href=\"https:\/\/bulegoa.org\/web\/wp-content\/uploads\/2017\/05\/libreto_1234_paredes_2012.pdf\" target=\"_blank\" rel=\"noopener\">DESKARGATU LIBURUXKA<\/a><\/p>\n<p>*<br \/>\n<em>Bat, bi, hiru, lau horma<\/em> Bulegoa Z\/B-ren <em>Glosarioari<\/em> lotuta dago.<\/p>\n<p><strong>**<br \/>\n1. Egonaldia.<\/strong> <em>Egia muturrean dago.<\/em> Valent\u00edn Roma<br \/>\n<strong>2. Egonaldia.<\/strong> <em>CMVAC-rako ekintza batzuk.<\/em> Fundaci\u00f3n Rodr\u00edguez<br \/>\n<strong>3. Egonaldia.<\/strong> <em>Bat, bi, hiru, lau horma.<\/em> Bulegoa Z\/B<br \/>\n<strong>4. Egonaldia.<\/strong> <em>Kontroletik kanpo: irudi ezeztatuen laborategia.<\/em> Laura Traf\u00ed-Prats<\/p>\n<h4><span id=\"result_box\" class=\"short_text\" lang=\"eu\"><span class=\"\">Jarrera teatrala<\/span><\/span><\/h4>\n<p>Eskultura bat, <em>Homenaje a Vel\u00e1zquez<\/em> (Jorge Oteiza, 1958), erakusketa baten testuingurutik atera eta antzerkiaren testuingurura eraman da. Leku batetik bestera aldatzeak erakusketa aretoan ohikoa ez den zerbaiti bide ematen dio: eskultura bati ordubete luzez begira egotea ikuslea antzerkiaren arauen mende jarriz.<\/p>\n<p>Bulegoa z\/b-k zuzendutako lan eszenikoa <em>Egonaldiak. ARTIUM bildumaren inguruko lehengoratze jarduerak <\/em>proiektuaren barruan dago. <em>Egonaldiak<\/em> Mar Villaespesak eta BNV Producciones-ek komisariatu dute, ondokoekin elkarrizketan: Bulegoa z\/b, Fundaci\u00f3n Rodr\u00edguez, Valent\u00edn Roma, Laura Traf\u00ed-Prats.<\/p>\n<p>Jatorrizko testuak: Peter Friedl (Idaztea\/Irakurtzea), Carla Zaccagnini (Itzulpengintza), Bojana Cvejic (Teatraltasuna), Xavier Le Roy (Forma)<\/p>\n<p>Antzerki-gunearen diseinua: Gorka Eizagirre<\/p>\n<p>Argiteriaren diseinua: \u00d3scar Grijalba<\/p>\n<p>Off-eko ahotsa: Matxalen de Pedro Larrea, Igor de Quadra<\/p>\n<p><strong>Emanaldiak: Otsailak 11 eta 25, 19:00etan euskeraz, 21:00etan gaztelaniaz<\/strong><\/p>\n<p><strong>Lekua: Gasteizko ARTIUM museoko Ekialde-Behekoa aretoan Doako jarduera. Toki mugatua<\/strong><\/p>\n<p>* <em>Bat, bi, hiru, lau horma<\/em> Bulegoa z\/b-ren <a href=\"https:\/\/bulegoa.org\/eu\/glosarioa\"><strong>Glosarioari<\/strong><\/a> lotuta dago.<\/p>\n<p>Argibide gehiago: <a href=\"http:\/\/www.artium.org\" target=\"_blank\" rel=\"noopener noreferrer\">www.artium.org<\/a><\/p>\n","protected":false},"excerpt":{"rendered":"<p>Proiektuaren egileak: Mar Villaespesa eta BNV producciones, ondokoekin elkarrizketan: Bulegoa Z\/B, Fundaci\u00f3n Rodr\u00edguez, Valent\u00edn Roma eta Laura Traf\u00ed-Prats. Urriaren 8tik apirilaren 8ra ARTIUM, Gasteizko Arte Garaikideko Euskal Zentro-Museoan. Artelan batek ez du bere edukiagatik bakarrik balio, baita sortze ekintzaz harago dituen ahalbideengatik ere. Uste horretatik abiaturik eta lehengoratze hitzaren etimologiari jarraituz garatu da Egonaldiak. ARTIUM [&hellip;]<\/p>\n","protected":false},"author":1,"featured_media":3006,"parent":0,"menu_order":0,"comment_status":"closed","ping_status":"closed","template":"","meta":[],"acf":[],"yoast_head":"<!-- This site is optimized with the Yoast SEO plugin v20.4 - https:\/\/yoast.com\/wordpress\/plugins\/seo\/ -->\n<title>Bat, bi, hiru, lau horma - Bulegoa z\/b<\/title>\n<meta name=\"robots\" content=\"index, follow, max-snippet:-1, max-image-preview:large, max-video-preview:-1\" \/>\n<link rel=\"canonical\" href=\"https:\/\/bulegoa.org\/eu\/bat-bi-hiru-lau-horma\/\" \/>\n<meta property=\"og:locale\" content=\"eu_ES\" \/>\n<meta property=\"og:type\" content=\"article\" \/>\n<meta property=\"og:title\" content=\"Bat, bi, hiru, lau horma - Bulegoa z\/b\" \/>\n<meta property=\"og:description\" content=\"Proiektuaren egileak: Mar Villaespesa eta BNV producciones, ondokoekin elkarrizketan: Bulegoa Z\/B, Fundaci\u00f3n Rodr\u00edguez, Valent\u00edn Roma eta Laura Traf\u00ed-Prats. Urriaren 8tik apirilaren 8ra ARTIUM, Gasteizko Arte Garaikideko Euskal Zentro-Museoan. Artelan batek ez du bere edukiagatik bakarrik balio, baita sortze ekintzaz harago dituen ahalbideengatik ere. Uste horretatik abiaturik eta lehengoratze hitzaren etimologiari jarraituz garatu da Egonaldiak. ARTIUM [&hellip;]\" \/>\n<meta property=\"og:url\" content=\"https:\/\/bulegoa.org\/eu\/bat-bi-hiru-lau-horma\/\" \/>\n<meta property=\"og:site_name\" content=\"Bulegoa z\/b\" \/>\n<meta property=\"article:publisher\" content=\"https:\/\/www.facebook.com\/bulegoazb\/\" \/>\n<meta property=\"article:modified_time\" content=\"2017-09-27T22:28:51+00:00\" \/>\n<meta property=\"og:image\" content=\"https:\/\/bulegoa.org\/web\/wp-content\/uploads\/2017\/07\/1234_01_4.jpg\" \/>\n\t<meta property=\"og:image:width\" content=\"640\" \/>\n\t<meta property=\"og:image:height\" content=\"426\" \/>\n\t<meta property=\"og:image:type\" content=\"image\/jpeg\" \/>\n<meta name=\"twitter:card\" content=\"summary_large_image\" \/>\n<meta name=\"twitter:site\" content=\"@bulegoazb\" \/>\n<script type=\"application\/ld+json\" class=\"yoast-schema-graph\">{\"@context\":\"https:\/\/schema.org\",\"@graph\":[{\"@type\":\"WebPage\",\"@id\":\"https:\/\/bulegoa.org\/eu\/bat-bi-hiru-lau-horma\/\",\"url\":\"https:\/\/bulegoa.org\/eu\/bat-bi-hiru-lau-horma\/\",\"name\":\"Bat, bi, hiru, lau horma - Bulegoa z\/b\",\"isPartOf\":{\"@id\":\"https:\/\/bulegoa.org\/#website\"},\"datePublished\":\"2017-05-12T10:33:34+00:00\",\"dateModified\":\"2017-09-27T22:28:51+00:00\",\"breadcrumb\":{\"@id\":\"https:\/\/bulegoa.org\/eu\/bat-bi-hiru-lau-horma\/#breadcrumb\"},\"inLanguage\":\"eu-ES\",\"potentialAction\":[{\"@type\":\"ReadAction\",\"target\":[\"https:\/\/bulegoa.org\/eu\/bat-bi-hiru-lau-horma\/\"]}]},{\"@type\":\"BreadcrumbList\",\"@id\":\"https:\/\/bulegoa.org\/eu\/bat-bi-hiru-lau-horma\/#breadcrumb\",\"itemListElement\":[{\"@type\":\"ListItem\",\"position\":1,\"name\":\"Home\",\"item\":\"https:\/\/bulegoa.org\/eu\/\"},{\"@type\":\"ListItem\",\"position\":2,\"name\":\"Bat, bi, hiru, lau horma\"}]},{\"@type\":\"WebSite\",\"@id\":\"https:\/\/bulegoa.org\/#website\",\"url\":\"https:\/\/bulegoa.org\/\",\"name\":\"Bulegoa z\/b\",\"description\":\"\",\"potentialAction\":[{\"@type\":\"SearchAction\",\"target\":{\"@type\":\"EntryPoint\",\"urlTemplate\":\"https:\/\/bulegoa.org\/?s={search_term_string}\"},\"query-input\":\"required name=search_term_string\"}],\"inLanguage\":\"eu-ES\"}]}<\/script>\n<!-- \/ Yoast SEO plugin. -->","yoast_head_json":{"title":"Bat, bi, hiru, lau horma - Bulegoa z\/b","robots":{"index":"index","follow":"follow","max-snippet":"max-snippet:-1","max-image-preview":"max-image-preview:large","max-video-preview":"max-video-preview:-1"},"canonical":"https:\/\/bulegoa.org\/eu\/bat-bi-hiru-lau-horma\/","og_locale":"eu_ES","og_type":"article","og_title":"Bat, bi, hiru, lau horma - Bulegoa z\/b","og_description":"Proiektuaren egileak: Mar Villaespesa eta BNV producciones, ondokoekin elkarrizketan: Bulegoa Z\/B, Fundaci\u00f3n Rodr\u00edguez, Valent\u00edn Roma eta Laura Traf\u00ed-Prats. Urriaren 8tik apirilaren 8ra ARTIUM, Gasteizko Arte Garaikideko Euskal Zentro-Museoan. Artelan batek ez du bere edukiagatik bakarrik balio, baita sortze ekintzaz harago dituen ahalbideengatik ere. Uste horretatik abiaturik eta lehengoratze hitzaren etimologiari jarraituz garatu da Egonaldiak. ARTIUM [&hellip;]","og_url":"https:\/\/bulegoa.org\/eu\/bat-bi-hiru-lau-horma\/","og_site_name":"Bulegoa z\/b","article_publisher":"https:\/\/www.facebook.com\/bulegoazb\/","article_modified_time":"2017-09-27T22:28:51+00:00","og_image":[{"width":640,"height":426,"url":"https:\/\/bulegoa.org\/web\/wp-content\/uploads\/2017\/07\/1234_01_4.jpg","type":"image\/jpeg"}],"twitter_card":"summary_large_image","twitter_site":"@bulegoazb","schema":{"@context":"https:\/\/schema.org","@graph":[{"@type":"WebPage","@id":"https:\/\/bulegoa.org\/eu\/bat-bi-hiru-lau-horma\/","url":"https:\/\/bulegoa.org\/eu\/bat-bi-hiru-lau-horma\/","name":"Bat, bi, hiru, lau horma - Bulegoa z\/b","isPartOf":{"@id":"https:\/\/bulegoa.org\/#website"},"datePublished":"2017-05-12T10:33:34+00:00","dateModified":"2017-09-27T22:28:51+00:00","breadcrumb":{"@id":"https:\/\/bulegoa.org\/eu\/bat-bi-hiru-lau-horma\/#breadcrumb"},"inLanguage":"eu-ES","potentialAction":[{"@type":"ReadAction","target":["https:\/\/bulegoa.org\/eu\/bat-bi-hiru-lau-horma\/"]}]},{"@type":"BreadcrumbList","@id":"https:\/\/bulegoa.org\/eu\/bat-bi-hiru-lau-horma\/#breadcrumb","itemListElement":[{"@type":"ListItem","position":1,"name":"Home","item":"https:\/\/bulegoa.org\/eu\/"},{"@type":"ListItem","position":2,"name":"Bat, bi, hiru, lau horma"}]},{"@type":"WebSite","@id":"https:\/\/bulegoa.org\/#website","url":"https:\/\/bulegoa.org\/","name":"Bulegoa z\/b","description":"","potentialAction":[{"@type":"SearchAction","target":{"@type":"EntryPoint","urlTemplate":"https:\/\/bulegoa.org\/?s={search_term_string}"},"query-input":"required name=search_term_string"}],"inLanguage":"eu-ES"}]}},"_links":{"self":[{"href":"https:\/\/bulegoa.org\/eu\/wp-json\/wp\/v2\/pages\/1370"}],"collection":[{"href":"https:\/\/bulegoa.org\/eu\/wp-json\/wp\/v2\/pages"}],"about":[{"href":"https:\/\/bulegoa.org\/eu\/wp-json\/wp\/v2\/types\/page"}],"author":[{"embeddable":true,"href":"https:\/\/bulegoa.org\/eu\/wp-json\/wp\/v2\/users\/1"}],"replies":[{"embeddable":true,"href":"https:\/\/bulegoa.org\/eu\/wp-json\/wp\/v2\/comments?post=1370"}],"version-history":[{"count":5,"href":"https:\/\/bulegoa.org\/eu\/wp-json\/wp\/v2\/pages\/1370\/revisions"}],"predecessor-version":[{"id":4759,"href":"https:\/\/bulegoa.org\/eu\/wp-json\/wp\/v2\/pages\/1370\/revisions\/4759"}],"wp:featuredmedia":[{"embeddable":true,"href":"https:\/\/bulegoa.org\/eu\/wp-json\/wp\/v2\/media\/3006"}],"wp:attachment":[{"href":"https:\/\/bulegoa.org\/eu\/wp-json\/wp\/v2\/media?parent=1370"}],"curies":[{"name":"wp","href":"https:\/\/api.w.org\/{rel}","templated":true}]}}