{"id":1077,"date":"2017-04-21T18:12:48","date_gmt":"2017-04-21T16:12:48","guid":{"rendered":"https:\/\/bulegoa.org\/web\/?page_id=1077\/"},"modified":"2025-10-08T18:01:17","modified_gmt":"2025-10-08T16:01:17","slug":"zer-garen","status":"publish","type":"page","link":"https:\/\/bulegoa.org\/eu\/zer-garen\/","title":{"rendered":"Zer garen"},"content":{"rendered":"<p><img loading=\"lazy\" class=\"aligncenter wp-image-2061 size-full\" src=\"http:\/\/bulegoa.org\/web\/wp-content\/uploads\/2017\/04\/portada-bulegoa.jpg\" alt=\"Bulegoa z\/b\" width=\"100%\" height=\"auto\" srcset=\"https:\/\/bulegoa.org\/web\/wp-content\/uploads\/2017\/04\/portada-bulegoa.jpg 1200w, https:\/\/bulegoa.org\/web\/wp-content\/uploads\/2017\/04\/portada-bulegoa-600x215.jpg 600w, https:\/\/bulegoa.org\/web\/wp-content\/uploads\/2017\/04\/portada-bulegoa-768x275.jpg 768w, https:\/\/bulegoa.org\/web\/wp-content\/uploads\/2017\/04\/portada-bulegoa-1000x358.jpg 1000w, https:\/\/bulegoa.org\/web\/wp-content\/uploads\/2017\/04\/portada-bulegoa-400x143.jpg 400w\" sizes=\"(max-width: 1200px) 100vw, 1200px\" \/><\/p>\n<p><b>Bulegoa zenbaki barik <\/b>Bilboko Solokoetxe auzoan dagoen arte- eta jakintza-arloko bulego bat da. Ekimen hau interes partekatu baten inguruan sortu zen, besteak beste, pedagogia kritikoek, ezagutza kokatuek eta metodologia kolaboratiboek, feminismoek eta ikuspegi dekoloniala, historizazio-prozesuak, eraldaketa sozialek artearekin duten harremanak eta itzulpen kulturalak piztutako interesaren inguruan.<\/p>\n<p>Bulegoa z\/b\u00a0praktika eta teoria gurutzatzeko tokia da, eta ekoiztea, eztabaidatzea, ideiak trukatzea eta proiektu artistikoak gauzatzea ditu ardatz. Helburu horiek betetzeko, mintegiak, aurkezpenak, proiekzioak, performanceak, hitzaldiak, elkarrizketak eta beste jarduera batzuk antolatzen ditu.<\/p>\n<p>Beatriz Cavia, Miren Jaio eta Leire Vergara dira Bulegoa z\/b ekimeneko partaideak. 2010ean bulegoa sortu zuten Isabel de Naver\u00e1nekin batera, zeinak 2018ra arte lan egin duen haiekin. Silvia Coppola produkzio-lanez arduratzen da eta Auria Etxeandia, berriz, komunikazio-lanez. Aurretik, Jes\u00fas Arpal Moya, Alexi Hofer, Adriana Laespada, Andrea Rodrigo eta Natalia Barberiak bete zituzten eginkizun horiek. Maialen Olite, Cristina Souto Pita, Juana Esparza, Irene Landa, Cecilia Hern\u00e1ndez, Elena Aguado, Sara Padilla Grimalt, Silvia Coppola, Daniel Aranda, eta Abel Jaramillok graduondoko praktikak egin zituzten Bulegoa z\/b-n.<\/p>\n<p>Bulegoa z\/b-ren aholku-batzordea hauek eratzen dute: Elena Casado, Guadalupe Echevarr\u00eda (1948-2023), Yaiza Hern\u00e1ndez, Itziar Okariz eta Ana Vujanovi\u0107.<\/p>\n<p><img loading=\"lazy\" class=\"wp-image-21022 aligncenter\" src=\"http:\/\/bulegoa.org\/web\/wp-content\/uploads\/2024\/04\/logos-que-somos-1-1.jpg\" alt=\"\" width=\"1079\" height=\"674\" srcset=\"https:\/\/bulegoa.org\/web\/wp-content\/uploads\/2024\/04\/logos-que-somos-1-1.jpg 1440w, https:\/\/bulegoa.org\/web\/wp-content\/uploads\/2024\/04\/logos-que-somos-1-1-768x480.jpg 768w, https:\/\/bulegoa.org\/web\/wp-content\/uploads\/2024\/04\/logos-que-somos-1-1-400x250.jpg 400w\" sizes=\"(max-width: 1079px) 100vw, 1079px\" \/><\/p>\n","protected":false},"excerpt":{"rendered":"<p>Bulegoa zenbaki barik Bilboko Solokoetxe auzoan dagoen arte- eta jakintza-arloko bulego bat da. Ekimen hau interes partekatu baten inguruan sortu zen, besteak beste, pedagogia kritikoek, ezagutza kokatuek eta metodologia kolaboratiboek, feminismoek eta ikuspegi dekoloniala, historizazio-prozesuak, eraldaketa sozialek artearekin duten harremanak eta itzulpen kulturalak piztutako interesaren inguruan. Bulegoa z\/b\u00a0praktika eta teoria gurutzatzeko tokia da, eta ekoiztea, [&hellip;]<\/p>\n","protected":false},"author":1,"featured_media":0,"parent":0,"menu_order":0,"comment_status":"closed","ping_status":"closed","template":"","meta":[],"acf":[],"yoast_head":"<!-- This site is optimized with the Yoast SEO plugin v20.4 - https:\/\/yoast.com\/wordpress\/plugins\/seo\/ -->\n<title>Zer garen - Bulegoa z\/b<\/title>\n<meta name=\"robots\" content=\"index, follow, max-snippet:-1, max-image-preview:large, max-video-preview:-1\" \/>\n<link rel=\"canonical\" href=\"https:\/\/bulegoa.org\/eu\/zer-garen\/\" \/>\n<meta property=\"og:locale\" content=\"eu_ES\" \/>\n<meta property=\"og:type\" content=\"article\" \/>\n<meta property=\"og:title\" content=\"Zer garen - Bulegoa z\/b\" \/>\n<meta property=\"og:description\" content=\"Bulegoa zenbaki barik Bilboko Solokoetxe auzoan dagoen arte- eta jakintza-arloko bulego bat da. Ekimen hau interes partekatu baten inguruan sortu zen, besteak beste, pedagogia kritikoek, ezagutza kokatuek eta metodologia kolaboratiboek, feminismoek eta ikuspegi dekoloniala, historizazio-prozesuak, eraldaketa sozialek artearekin duten harremanak eta itzulpen kulturalak piztutako interesaren inguruan. Bulegoa z\/b\u00a0praktika eta teoria gurutzatzeko tokia da, eta ekoiztea, [&hellip;]\" \/>\n<meta property=\"og:url\" content=\"https:\/\/bulegoa.org\/eu\/zer-garen\/\" \/>\n<meta property=\"og:site_name\" content=\"Bulegoa z\/b\" \/>\n<meta property=\"article:publisher\" content=\"https:\/\/www.facebook.com\/bulegoazb\/\" \/>\n<meta property=\"article:modified_time\" content=\"2025-10-08T16:01:17+00:00\" \/>\n<meta property=\"og:image\" content=\"http:\/\/bulegoa.org\/web\/wp-content\/uploads\/2017\/04\/portada-bulegoa.jpg\" \/>\n<meta name=\"twitter:card\" content=\"summary_large_image\" \/>\n<meta name=\"twitter:site\" content=\"@bulegoazb\" \/>\n<script type=\"application\/ld+json\" class=\"yoast-schema-graph\">{\"@context\":\"https:\/\/schema.org\",\"@graph\":[{\"@type\":\"WebPage\",\"@id\":\"https:\/\/bulegoa.org\/eu\/zer-garen\/\",\"url\":\"https:\/\/bulegoa.org\/eu\/zer-garen\/\",\"name\":\"Zer garen - Bulegoa z\/b\",\"isPartOf\":{\"@id\":\"https:\/\/bulegoa.org\/#website\"},\"datePublished\":\"2017-04-21T16:12:48+00:00\",\"dateModified\":\"2025-10-08T16:01:17+00:00\",\"breadcrumb\":{\"@id\":\"https:\/\/bulegoa.org\/eu\/zer-garen\/#breadcrumb\"},\"inLanguage\":\"eu-ES\",\"potentialAction\":[{\"@type\":\"ReadAction\",\"target\":[\"https:\/\/bulegoa.org\/eu\/zer-garen\/\"]}]},{\"@type\":\"BreadcrumbList\",\"@id\":\"https:\/\/bulegoa.org\/eu\/zer-garen\/#breadcrumb\",\"itemListElement\":[{\"@type\":\"ListItem\",\"position\":1,\"name\":\"Home\",\"item\":\"https:\/\/bulegoa.org\/eu\/\"},{\"@type\":\"ListItem\",\"position\":2,\"name\":\"Zer garen\"}]},{\"@type\":\"WebSite\",\"@id\":\"https:\/\/bulegoa.org\/#website\",\"url\":\"https:\/\/bulegoa.org\/\",\"name\":\"Bulegoa z\/b\",\"description\":\"\",\"potentialAction\":[{\"@type\":\"SearchAction\",\"target\":{\"@type\":\"EntryPoint\",\"urlTemplate\":\"https:\/\/bulegoa.org\/?s={search_term_string}\"},\"query-input\":\"required name=search_term_string\"}],\"inLanguage\":\"eu-ES\"}]}<\/script>\n<!-- \/ Yoast SEO plugin. -->","yoast_head_json":{"title":"Zer garen - Bulegoa z\/b","robots":{"index":"index","follow":"follow","max-snippet":"max-snippet:-1","max-image-preview":"max-image-preview:large","max-video-preview":"max-video-preview:-1"},"canonical":"https:\/\/bulegoa.org\/eu\/zer-garen\/","og_locale":"eu_ES","og_type":"article","og_title":"Zer garen - Bulegoa z\/b","og_description":"Bulegoa zenbaki barik Bilboko Solokoetxe auzoan dagoen arte- eta jakintza-arloko bulego bat da. Ekimen hau interes partekatu baten inguruan sortu zen, besteak beste, pedagogia kritikoek, ezagutza kokatuek eta metodologia kolaboratiboek, feminismoek eta ikuspegi dekoloniala, historizazio-prozesuak, eraldaketa sozialek artearekin duten harremanak eta itzulpen kulturalak piztutako interesaren inguruan. Bulegoa z\/b\u00a0praktika eta teoria gurutzatzeko tokia da, eta ekoiztea, [&hellip;]","og_url":"https:\/\/bulegoa.org\/eu\/zer-garen\/","og_site_name":"Bulegoa z\/b","article_publisher":"https:\/\/www.facebook.com\/bulegoazb\/","article_modified_time":"2025-10-08T16:01:17+00:00","og_image":[{"url":"http:\/\/bulegoa.org\/web\/wp-content\/uploads\/2017\/04\/portada-bulegoa.jpg"}],"twitter_card":"summary_large_image","twitter_site":"@bulegoazb","schema":{"@context":"https:\/\/schema.org","@graph":[{"@type":"WebPage","@id":"https:\/\/bulegoa.org\/eu\/zer-garen\/","url":"https:\/\/bulegoa.org\/eu\/zer-garen\/","name":"Zer garen - Bulegoa z\/b","isPartOf":{"@id":"https:\/\/bulegoa.org\/#website"},"datePublished":"2017-04-21T16:12:48+00:00","dateModified":"2025-10-08T16:01:17+00:00","breadcrumb":{"@id":"https:\/\/bulegoa.org\/eu\/zer-garen\/#breadcrumb"},"inLanguage":"eu-ES","potentialAction":[{"@type":"ReadAction","target":["https:\/\/bulegoa.org\/eu\/zer-garen\/"]}]},{"@type":"BreadcrumbList","@id":"https:\/\/bulegoa.org\/eu\/zer-garen\/#breadcrumb","itemListElement":[{"@type":"ListItem","position":1,"name":"Home","item":"https:\/\/bulegoa.org\/eu\/"},{"@type":"ListItem","position":2,"name":"Zer garen"}]},{"@type":"WebSite","@id":"https:\/\/bulegoa.org\/#website","url":"https:\/\/bulegoa.org\/","name":"Bulegoa z\/b","description":"","potentialAction":[{"@type":"SearchAction","target":{"@type":"EntryPoint","urlTemplate":"https:\/\/bulegoa.org\/?s={search_term_string}"},"query-input":"required name=search_term_string"}],"inLanguage":"eu-ES"}]}},"_links":{"self":[{"href":"https:\/\/bulegoa.org\/eu\/wp-json\/wp\/v2\/pages\/1077"}],"collection":[{"href":"https:\/\/bulegoa.org\/eu\/wp-json\/wp\/v2\/pages"}],"about":[{"href":"https:\/\/bulegoa.org\/eu\/wp-json\/wp\/v2\/types\/page"}],"author":[{"embeddable":true,"href":"https:\/\/bulegoa.org\/eu\/wp-json\/wp\/v2\/users\/1"}],"replies":[{"embeddable":true,"href":"https:\/\/bulegoa.org\/eu\/wp-json\/wp\/v2\/comments?post=1077"}],"version-history":[{"count":7,"href":"https:\/\/bulegoa.org\/eu\/wp-json\/wp\/v2\/pages\/1077\/revisions"}],"predecessor-version":[{"id":23469,"href":"https:\/\/bulegoa.org\/eu\/wp-json\/wp\/v2\/pages\/1077\/revisions\/23469"}],"wp:attachment":[{"href":"https:\/\/bulegoa.org\/eu\/wp-json\/wp\/v2\/media?parent=1077"}],"curies":[{"name":"wp","href":"https:\/\/api.w.org\/{rel}","templated":true}]}}