{"id":4908,"date":"2016-07-15T13:26:19","date_gmt":"2016-07-15T11:26:19","guid":{"rendered":"https:\/\/bulegoa.org\/web\/?page_id=4908\/"},"modified":"2018-03-08T00:40:21","modified_gmt":"2018-03-07T23:40:21","slug":"reading-sessions","status":"publish","type":"page","link":"https:\/\/bulegoa.org\/en\/the-book-to-come\/reading-group\/reading-sessions\/","title":{"rendered":"Reading sessions"},"content":{"rendered":"<p class=\"p1\"><span class=\"s1\">Two sessions moderated by members of the reading group were organized between April 2015 and February 2017, and a further eleven sessions were directed by Filiep Tacq, M\u00f3nica Carballas, Discoteca Flaming Star, Isidoro Valc\u00e1rcel Medina, Menchu Guti\u00e9rrez, Karl Larsson, Olivier Foulon, Oriol Vilanova, Esperanza Collado, Pedro G. Romero and Amaia Urra.<\/span><\/p>\n<p class=\"p1\"><span class=\"s1\">Each guest was asked to dialogue with one or more of the five chosen books by Marcel Broodthaers. <\/span><\/p>\n","protected":false},"excerpt":{"rendered":"<p>Two sessions moderated by members of the reading group were organized between April 2015 and February 2017, and a further eleven sessions were directed by Filiep Tacq, M\u00f3nica Carballas, Discoteca Flaming Star, Isidoro Valc\u00e1rcel Medina, Menchu Guti\u00e9rrez, Karl Larsson, Olivier Foulon, Oriol Vilanova, Esperanza Collado, Pedro G. Romero and Amaia Urra. Each guest was asked [&hellip;]<\/p>\n","protected":false},"author":1,"featured_media":0,"parent":4901,"menu_order":0,"comment_status":"closed","ping_status":"closed","template":"","meta":[],"acf":[],"yoast_head":"<!-- This site is optimized with the Yoast SEO plugin v20.4 - https:\/\/yoast.com\/wordpress\/plugins\/seo\/ -->\n<title>Reading sessions - Bulegoa<\/title>\n<meta name=\"robots\" content=\"index, follow, max-snippet:-1, max-image-preview:large, max-video-preview:-1\" \/>\n<link rel=\"canonical\" href=\"https:\/\/bulegoa.org\/en\/the-book-to-come\/reading-group\/reading-sessions\/\" \/>\n<meta property=\"og:locale\" content=\"en_US\" \/>\n<meta property=\"og:type\" content=\"article\" \/>\n<meta property=\"og:title\" content=\"Reading sessions - Bulegoa\" \/>\n<meta property=\"og:description\" content=\"Two sessions moderated by members of the reading group were organized between April 2015 and February 2017, and a further eleven sessions were directed by Filiep Tacq, M\u00f3nica Carballas, Discoteca Flaming Star, Isidoro Valc\u00e1rcel Medina, Menchu Guti\u00e9rrez, Karl Larsson, Olivier Foulon, Oriol Vilanova, Esperanza Collado, Pedro G. Romero and Amaia Urra. Each guest was asked [&hellip;]\" \/>\n<meta property=\"og:url\" content=\"https:\/\/bulegoa.org\/en\/the-book-to-come\/reading-group\/reading-sessions\/\" \/>\n<meta property=\"og:site_name\" content=\"Bulegoa\" \/>\n<meta property=\"article:publisher\" content=\"https:\/\/www.facebook.com\/bulegoazb\/\" \/>\n<meta property=\"article:modified_time\" content=\"2018-03-07T23:40:21+00:00\" \/>\n<meta property=\"og:image\" content=\"https:\/\/bulegoa.org\/web\/wp-content\/uploads\/2017\/04\/portada-bulegoa.jpg\" \/>\n\t<meta property=\"og:image:width\" content=\"1200\" \/>\n\t<meta property=\"og:image:height\" content=\"430\" \/>\n\t<meta property=\"og:image:type\" content=\"image\/jpeg\" \/>\n<meta name=\"twitter:card\" content=\"summary_large_image\" \/>\n<meta name=\"twitter:site\" content=\"@bulegoazb\" \/>\n<script type=\"application\/ld+json\" class=\"yoast-schema-graph\">{\"@context\":\"https:\/\/schema.org\",\"@graph\":[{\"@type\":\"WebPage\",\"@id\":\"https:\/\/bulegoa.org\/en\/the-book-to-come\/reading-group\/reading-sessions\/\",\"url\":\"https:\/\/bulegoa.org\/en\/the-book-to-come\/reading-group\/reading-sessions\/\",\"name\":\"Reading sessions - Bulegoa\",\"isPartOf\":{\"@id\":\"https:\/\/bulegoa.org\/#website\"},\"datePublished\":\"2016-07-15T11:26:19+00:00\",\"dateModified\":\"2018-03-07T23:40:21+00:00\",\"breadcrumb\":{\"@id\":\"https:\/\/bulegoa.org\/en\/the-book-to-come\/reading-group\/reading-sessions\/#breadcrumb\"},\"inLanguage\":\"en-US\",\"potentialAction\":[{\"@type\":\"ReadAction\",\"target\":[\"https:\/\/bulegoa.org\/en\/the-book-to-come\/reading-group\/reading-sessions\/\"]}]},{\"@type\":\"BreadcrumbList\",\"@id\":\"https:\/\/bulegoa.org\/en\/the-book-to-come\/reading-group\/reading-sessions\/#breadcrumb\",\"itemListElement\":[{\"@type\":\"ListItem\",\"position\":1,\"name\":\"Home\",\"item\":\"https:\/\/bulegoa.org\/en\/\"},{\"@type\":\"ListItem\",\"position\":2,\"name\":\"The Book to Come\",\"item\":\"https:\/\/bulegoa.org\/en\/the-book-to-come\/\"},{\"@type\":\"ListItem\",\"position\":3,\"name\":\"Reading group\",\"item\":\"https:\/\/bulegoa.org\/en\/the-book-to-come\/reading-group\/\"},{\"@type\":\"ListItem\",\"position\":4,\"name\":\"Reading sessions\"}]},{\"@type\":\"WebSite\",\"@id\":\"https:\/\/bulegoa.org\/#website\",\"url\":\"https:\/\/bulegoa.org\/\",\"name\":\"Bulegoa\",\"description\":\"\",\"potentialAction\":[{\"@type\":\"SearchAction\",\"target\":{\"@type\":\"EntryPoint\",\"urlTemplate\":\"https:\/\/bulegoa.org\/?s={search_term_string}\"},\"query-input\":\"required name=search_term_string\"}],\"inLanguage\":\"en-US\"}]}<\/script>\n<!-- \/ Yoast SEO plugin. -->","yoast_head_json":{"title":"Reading sessions - Bulegoa","robots":{"index":"index","follow":"follow","max-snippet":"max-snippet:-1","max-image-preview":"max-image-preview:large","max-video-preview":"max-video-preview:-1"},"canonical":"https:\/\/bulegoa.org\/en\/the-book-to-come\/reading-group\/reading-sessions\/","og_locale":"en_US","og_type":"article","og_title":"Reading sessions - Bulegoa","og_description":"Two sessions moderated by members of the reading group were organized between April 2015 and February 2017, and a further eleven sessions were directed by Filiep Tacq, M\u00f3nica Carballas, Discoteca Flaming Star, Isidoro Valc\u00e1rcel Medina, Menchu Guti\u00e9rrez, Karl Larsson, Olivier Foulon, Oriol Vilanova, Esperanza Collado, Pedro G. Romero and Amaia Urra. Each guest was asked [&hellip;]","og_url":"https:\/\/bulegoa.org\/en\/the-book-to-come\/reading-group\/reading-sessions\/","og_site_name":"Bulegoa","article_publisher":"https:\/\/www.facebook.com\/bulegoazb\/","article_modified_time":"2018-03-07T23:40:21+00:00","og_image":[{"width":1200,"height":430,"url":"https:\/\/bulegoa.org\/web\/wp-content\/uploads\/2017\/04\/portada-bulegoa.jpg","type":"image\/jpeg"}],"twitter_card":"summary_large_image","twitter_site":"@bulegoazb","schema":{"@context":"https:\/\/schema.org","@graph":[{"@type":"WebPage","@id":"https:\/\/bulegoa.org\/en\/the-book-to-come\/reading-group\/reading-sessions\/","url":"https:\/\/bulegoa.org\/en\/the-book-to-come\/reading-group\/reading-sessions\/","name":"Reading sessions - Bulegoa","isPartOf":{"@id":"https:\/\/bulegoa.org\/#website"},"datePublished":"2016-07-15T11:26:19+00:00","dateModified":"2018-03-07T23:40:21+00:00","breadcrumb":{"@id":"https:\/\/bulegoa.org\/en\/the-book-to-come\/reading-group\/reading-sessions\/#breadcrumb"},"inLanguage":"en-US","potentialAction":[{"@type":"ReadAction","target":["https:\/\/bulegoa.org\/en\/the-book-to-come\/reading-group\/reading-sessions\/"]}]},{"@type":"BreadcrumbList","@id":"https:\/\/bulegoa.org\/en\/the-book-to-come\/reading-group\/reading-sessions\/#breadcrumb","itemListElement":[{"@type":"ListItem","position":1,"name":"Home","item":"https:\/\/bulegoa.org\/en\/"},{"@type":"ListItem","position":2,"name":"The Book to Come","item":"https:\/\/bulegoa.org\/en\/the-book-to-come\/"},{"@type":"ListItem","position":3,"name":"Reading group","item":"https:\/\/bulegoa.org\/en\/the-book-to-come\/reading-group\/"},{"@type":"ListItem","position":4,"name":"Reading sessions"}]},{"@type":"WebSite","@id":"https:\/\/bulegoa.org\/#website","url":"https:\/\/bulegoa.org\/","name":"Bulegoa","description":"","potentialAction":[{"@type":"SearchAction","target":{"@type":"EntryPoint","urlTemplate":"https:\/\/bulegoa.org\/?s={search_term_string}"},"query-input":"required name=search_term_string"}],"inLanguage":"en-US"}]}},"_links":{"self":[{"href":"https:\/\/bulegoa.org\/en\/wp-json\/wp\/v2\/pages\/4908"}],"collection":[{"href":"https:\/\/bulegoa.org\/en\/wp-json\/wp\/v2\/pages"}],"about":[{"href":"https:\/\/bulegoa.org\/en\/wp-json\/wp\/v2\/types\/page"}],"author":[{"embeddable":true,"href":"https:\/\/bulegoa.org\/en\/wp-json\/wp\/v2\/users\/1"}],"replies":[{"embeddable":true,"href":"https:\/\/bulegoa.org\/en\/wp-json\/wp\/v2\/comments?post=4908"}],"version-history":[{"count":2,"href":"https:\/\/bulegoa.org\/en\/wp-json\/wp\/v2\/pages\/4908\/revisions"}],"predecessor-version":[{"id":5991,"href":"https:\/\/bulegoa.org\/en\/wp-json\/wp\/v2\/pages\/4908\/revisions\/5991"}],"up":[{"embeddable":true,"href":"https:\/\/bulegoa.org\/en\/wp-json\/wp\/v2\/pages\/4901"}],"wp:attachment":[{"href":"https:\/\/bulegoa.org\/en\/wp-json\/wp\/v2\/media?parent=4908"}],"curies":[{"name":"wp","href":"https:\/\/api.w.org\/{rel}","templated":true}]}}