{"id":4898,"date":"2017-06-01T22:21:35","date_gmt":"2017-06-01T20:21:35","guid":{"rendered":"https:\/\/bulegoa.org\/web\/?page_id=4898\/"},"modified":"2017-08-31T16:30:20","modified_gmt":"2017-08-31T14:30:20","slug":"presentation-of-el-contrato-book","status":"publish","type":"page","link":"https:\/\/bulegoa.org\/en\/el-contrato\/presentation-of-el-contrato-book\/","title":{"rendered":"Presentation of EL CONTRATO book"},"content":{"rendered":"<p>The book EL CONTRATO brings the project developed by Bulegoa z\/b over a two-year residency period at Azkuna Zentroa to a close.<\/p>\n<p>EL CONTRATO was created with a view to enquiring into the ways tacit, generalised agreements condition practices and ways of making, being and acting. EL CONTRATO saw three moments of development: first, a reading group between April 2013 and January 2014 that enabled study and reflection through periodic encounters revolving around texts; then, between October 2014 and January 2015, an exhibition of work by a score of artists, structured around the themes dealt with in the reading sessions and accompanied by a programme of film, lectures, performances and a new reading group; the last stage was encapsulated in a book. This publication is designed by Filiep Tacq and partially captures the two previous moments, and includes ten contributions in which different people involved in EL CONTRATO explore the notion alluded to in the title. With contributions by Elena Casado &amp; Pablo Meseguer, Beatriz Cavia, Miren Jaio, Jorge Laespada, Teresa Lanceta, Karl Larsson, Isabel de Naver\u00e1n, Sergej Goran Prista\u0161, Camila T\u00e9llez, Leire Vergara.<\/p>\n<p><strong>VENUE:<\/strong> Centre of Complementary Activities. Floor 2. Azkuna Zentroa, Bilbao.<\/p>\n<p>More information:<a href=\"http:\/\/www.azkunazentroa.com\">www.azkunazentroa.com<\/a><\/p>\n<p><img loading=\"lazy\" class=\"image image-thumbnail \" title=\"\" src=\"https:\/\/bulegoa.org\/sites\/default\/files\/images\/Logoa Az Ab.jpg\" alt=\"\" width=\"164\" height=\"164\" \/><\/p>\n","protected":false},"excerpt":{"rendered":"<p>The book EL CONTRATO brings the project developed by Bulegoa z\/b over a two-year residency period at Azkuna Zentroa to a close. EL CONTRATO was created with a view to enquiring into the ways tacit, generalised agreements condition practices and ways of making, being and acting. EL CONTRATO saw three moments of development: first, a [&hellip;]<\/p>\n","protected":false},"author":1,"featured_media":0,"parent":1357,"menu_order":0,"comment_status":"closed","ping_status":"closed","template":"","meta":[],"acf":[],"yoast_head":"<!-- This site is optimized with the Yoast SEO plugin v20.4 - https:\/\/yoast.com\/wordpress\/plugins\/seo\/ -->\n<title>Presentation of EL CONTRATO book - Bulegoa<\/title>\n<meta name=\"robots\" content=\"index, follow, max-snippet:-1, max-image-preview:large, max-video-preview:-1\" \/>\n<link rel=\"canonical\" href=\"https:\/\/bulegoa.org\/en\/el-contrato\/presentation-of-el-contrato-book\/\" \/>\n<meta property=\"og:locale\" content=\"en_US\" \/>\n<meta property=\"og:type\" content=\"article\" \/>\n<meta property=\"og:title\" content=\"Presentation of EL CONTRATO book - Bulegoa\" \/>\n<meta property=\"og:description\" content=\"The book EL CONTRATO brings the project developed by Bulegoa z\/b over a two-year residency period at Azkuna Zentroa to a close. EL CONTRATO was created with a view to enquiring into the ways tacit, generalised agreements condition practices and ways of making, being and acting. EL CONTRATO saw three moments of development: first, a [&hellip;]\" \/>\n<meta property=\"og:url\" content=\"https:\/\/bulegoa.org\/en\/el-contrato\/presentation-of-el-contrato-book\/\" \/>\n<meta property=\"og:site_name\" content=\"Bulegoa\" \/>\n<meta property=\"article:publisher\" content=\"https:\/\/www.facebook.com\/bulegoazb\/\" \/>\n<meta property=\"article:modified_time\" content=\"2017-08-31T14:30:20+00:00\" \/>\n<meta property=\"og:image\" content=\"https:\/\/bulegoa.org\/web\/wp-content\/uploads\/2017\/04\/portada-bulegoa.jpg\" \/>\n\t<meta property=\"og:image:width\" content=\"1200\" \/>\n\t<meta property=\"og:image:height\" content=\"430\" \/>\n\t<meta property=\"og:image:type\" content=\"image\/jpeg\" \/>\n<meta name=\"twitter:card\" content=\"summary_large_image\" \/>\n<meta name=\"twitter:site\" content=\"@bulegoazb\" \/>\n<script type=\"application\/ld+json\" class=\"yoast-schema-graph\">{\"@context\":\"https:\/\/schema.org\",\"@graph\":[{\"@type\":\"WebPage\",\"@id\":\"https:\/\/bulegoa.org\/en\/el-contrato\/presentation-of-el-contrato-book\/\",\"url\":\"https:\/\/bulegoa.org\/en\/el-contrato\/presentation-of-el-contrato-book\/\",\"name\":\"Presentation of EL CONTRATO book - Bulegoa\",\"isPartOf\":{\"@id\":\"https:\/\/bulegoa.org\/#website\"},\"datePublished\":\"2017-06-01T20:21:35+00:00\",\"dateModified\":\"2017-08-31T14:30:20+00:00\",\"breadcrumb\":{\"@id\":\"https:\/\/bulegoa.org\/en\/el-contrato\/presentation-of-el-contrato-book\/#breadcrumb\"},\"inLanguage\":\"en-US\",\"potentialAction\":[{\"@type\":\"ReadAction\",\"target\":[\"https:\/\/bulegoa.org\/en\/el-contrato\/presentation-of-el-contrato-book\/\"]}]},{\"@type\":\"BreadcrumbList\",\"@id\":\"https:\/\/bulegoa.org\/en\/el-contrato\/presentation-of-el-contrato-book\/#breadcrumb\",\"itemListElement\":[{\"@type\":\"ListItem\",\"position\":1,\"name\":\"Home\",\"item\":\"https:\/\/bulegoa.org\/en\/\"},{\"@type\":\"ListItem\",\"position\":2,\"name\":\"EL CONTRATO\",\"item\":\"https:\/\/bulegoa.org\/en\/el-contrato\/\"},{\"@type\":\"ListItem\",\"position\":3,\"name\":\"Presentation of EL CONTRATO book\"}]},{\"@type\":\"WebSite\",\"@id\":\"https:\/\/bulegoa.org\/#website\",\"url\":\"https:\/\/bulegoa.org\/\",\"name\":\"Bulegoa\",\"description\":\"\",\"potentialAction\":[{\"@type\":\"SearchAction\",\"target\":{\"@type\":\"EntryPoint\",\"urlTemplate\":\"https:\/\/bulegoa.org\/?s={search_term_string}\"},\"query-input\":\"required name=search_term_string\"}],\"inLanguage\":\"en-US\"}]}<\/script>\n<!-- \/ Yoast SEO plugin. -->","yoast_head_json":{"title":"Presentation of EL CONTRATO book - Bulegoa","robots":{"index":"index","follow":"follow","max-snippet":"max-snippet:-1","max-image-preview":"max-image-preview:large","max-video-preview":"max-video-preview:-1"},"canonical":"https:\/\/bulegoa.org\/en\/el-contrato\/presentation-of-el-contrato-book\/","og_locale":"en_US","og_type":"article","og_title":"Presentation of EL CONTRATO book - Bulegoa","og_description":"The book EL CONTRATO brings the project developed by Bulegoa z\/b over a two-year residency period at Azkuna Zentroa to a close. EL CONTRATO was created with a view to enquiring into the ways tacit, generalised agreements condition practices and ways of making, being and acting. EL CONTRATO saw three moments of development: first, a [&hellip;]","og_url":"https:\/\/bulegoa.org\/en\/el-contrato\/presentation-of-el-contrato-book\/","og_site_name":"Bulegoa","article_publisher":"https:\/\/www.facebook.com\/bulegoazb\/","article_modified_time":"2017-08-31T14:30:20+00:00","og_image":[{"width":1200,"height":430,"url":"https:\/\/bulegoa.org\/web\/wp-content\/uploads\/2017\/04\/portada-bulegoa.jpg","type":"image\/jpeg"}],"twitter_card":"summary_large_image","twitter_site":"@bulegoazb","schema":{"@context":"https:\/\/schema.org","@graph":[{"@type":"WebPage","@id":"https:\/\/bulegoa.org\/en\/el-contrato\/presentation-of-el-contrato-book\/","url":"https:\/\/bulegoa.org\/en\/el-contrato\/presentation-of-el-contrato-book\/","name":"Presentation of EL CONTRATO book - Bulegoa","isPartOf":{"@id":"https:\/\/bulegoa.org\/#website"},"datePublished":"2017-06-01T20:21:35+00:00","dateModified":"2017-08-31T14:30:20+00:00","breadcrumb":{"@id":"https:\/\/bulegoa.org\/en\/el-contrato\/presentation-of-el-contrato-book\/#breadcrumb"},"inLanguage":"en-US","potentialAction":[{"@type":"ReadAction","target":["https:\/\/bulegoa.org\/en\/el-contrato\/presentation-of-el-contrato-book\/"]}]},{"@type":"BreadcrumbList","@id":"https:\/\/bulegoa.org\/en\/el-contrato\/presentation-of-el-contrato-book\/#breadcrumb","itemListElement":[{"@type":"ListItem","position":1,"name":"Home","item":"https:\/\/bulegoa.org\/en\/"},{"@type":"ListItem","position":2,"name":"EL CONTRATO","item":"https:\/\/bulegoa.org\/en\/el-contrato\/"},{"@type":"ListItem","position":3,"name":"Presentation of EL CONTRATO book"}]},{"@type":"WebSite","@id":"https:\/\/bulegoa.org\/#website","url":"https:\/\/bulegoa.org\/","name":"Bulegoa","description":"","potentialAction":[{"@type":"SearchAction","target":{"@type":"EntryPoint","urlTemplate":"https:\/\/bulegoa.org\/?s={search_term_string}"},"query-input":"required name=search_term_string"}],"inLanguage":"en-US"}]}},"_links":{"self":[{"href":"https:\/\/bulegoa.org\/en\/wp-json\/wp\/v2\/pages\/4898"}],"collection":[{"href":"https:\/\/bulegoa.org\/en\/wp-json\/wp\/v2\/pages"}],"about":[{"href":"https:\/\/bulegoa.org\/en\/wp-json\/wp\/v2\/types\/page"}],"author":[{"embeddable":true,"href":"https:\/\/bulegoa.org\/en\/wp-json\/wp\/v2\/users\/1"}],"replies":[{"embeddable":true,"href":"https:\/\/bulegoa.org\/en\/wp-json\/wp\/v2\/comments?post=4898"}],"version-history":[{"count":2,"href":"https:\/\/bulegoa.org\/en\/wp-json\/wp\/v2\/pages\/4898\/revisions"}],"predecessor-version":[{"id":5009,"href":"https:\/\/bulegoa.org\/en\/wp-json\/wp\/v2\/pages\/4898\/revisions\/5009"}],"up":[{"embeddable":true,"href":"https:\/\/bulegoa.org\/en\/wp-json\/wp\/v2\/pages\/1357"}],"wp:attachment":[{"href":"https:\/\/bulegoa.org\/en\/wp-json\/wp\/v2\/media?parent=4898"}],"curies":[{"name":"wp","href":"https:\/\/api.w.org\/{rel}","templated":true}]}}