{"id":1362,"date":"2020-05-09T12:33:34","date_gmt":"2020-05-09T10:33:34","guid":{"rendered":"https:\/\/bulegoa.org\/web\/the-papers-of-the-exhibition-1977-2017\/"},"modified":"2025-09-30T10:04:28","modified_gmt":"2025-09-30T08:04:28","slug":"the-papers-of-the-exhibition-1977-2017","status":"publish","type":"page","link":"https:\/\/bulegoa.org\/en\/the-papers-of-the-exhibition-1977-2017\/","title":{"rendered":"THE PAPERS OF THE EXHIBITION (1977-2017)"},"content":{"rendered":"<p><img loading=\"lazy\" class=\"aligncenter size-full wp-image-5158\" src=\"http:\/\/bulegoa.org\/web\/wp-content\/uploads\/2016\/09\/Satellite.jpeg\" alt=\"\" width=\"1360\" height=\"680\" srcset=\"https:\/\/bulegoa.org\/web\/wp-content\/uploads\/2016\/09\/Satellite.jpeg 1360w, https:\/\/bulegoa.org\/web\/wp-content\/uploads\/2016\/09\/Satellite-600x300.jpeg 600w, https:\/\/bulegoa.org\/web\/wp-content\/uploads\/2016\/09\/Satellite-768x384.jpeg 768w, https:\/\/bulegoa.org\/web\/wp-content\/uploads\/2016\/09\/Satellite-1000x500.jpeg 1000w, https:\/\/bulegoa.org\/web\/wp-content\/uploads\/2016\/09\/Satellite-400x200.jpeg 400w\" sizes=\"(max-width: 1360px) 100vw, 1360px\" \/><\/p>\n<p>An exhibition is a grouping of objects gathered temporarily together in a particular physical space. The visitor encounters forms; artefacts brought together in the same space and time. This circumstance enables the visitor to walk through the space creating itineraries, and allows a direct, although mediated encounter between their body and the objects. An exhibition is also a dispositif where things can unfold and overflow, also in the same spatial and temporal framework. The polysemic Spanish word <i>ensayo<\/i> refers both to a text \u2013a reflexive or discursive literary work\u2013 and to an initial effort or attempt, an experimental process. The title <i>El ensayo de la exposici\u00f3n 1977-2017<\/i> thus refers to two meanings of the same object: the exhibition as a place where thinking is produced, but also as a field where things can be tested out.<\/p>\n<p>The symposium on curating <i>El ensayo de la exposici\u00f3n (1977-2017)<\/i> \u2013freely translated in English as<i> The Papers of the Exhibition (1977-2017)<\/i>\u2013 consisted of five meetings held between 2016 and 2023 in Azkuna Zentroa &#8211; Alh\u00f3ndiga Bilbao. The aim of the meetings was to study exhibitions held in a period spanning forty years. They involved more than thirty readings of as many exhibitions from recent history, enabling an approach to different aspects of the exhibition: a cultural object that reflects and reacts to the historical conditions in which it takes place; an institutional form that legitimises the representations it includes; an ephemeral device that can generate interruptions and cause moments of attention\u2026<\/p>\n<p>Participants in the symposium: Isabel de Naver\u00e1n, Isabella Maidment, Aurora Fern\u00e1ndez Polanco, Luca Frei, Carla Zaccagnini, Jo\u00e3o Fernandes, Tamara D\u00edaz Bringas, Bojana Kunst, Dora Garc\u00eda, Carles Guerra, Franco Berardi \u201cBifo\u201d, Adrian Heathfield, Aimar Arriola, Rachel Weiss, Joaqu\u00edn V\u00e1zquez, Ines Schaber, Corinne Diserens, Catherine David, Alejandro Alonso D\u00edaz, Amaia S\u00e1nchez Sampedro, Anita Orzes, Marion Cruza Le Bihan, Mirtes Marins de Oliveira, Sheila Portilla Prado, Ana Devi\u0107, Yaiza Hern\u00e1ndez Vel\u00e1zquez, Lisette Lagnado, Maria Lind, Ruth Noack, Azucena Vieites, Peio Aguirre, Ieva Astahovska, Carmi\u00f1a Dovale Carri\u00f3n, Jone Alaitz Uriarte, McKenzie Wark, Azar Mahmoudian, Arantza Santesteban, Anik Fournier, Sagal Farah, Graeme Thomson y Silvia Maglioni, Uxue Pellejero, Andrea Rodrigo, Anja Isabel Schneider.<\/p>\n<p><a href=\"http:\/\/www.azkunazentroa.eus\">www.azkunazentroa.eus<\/a><\/p>\n<p><img loading=\"lazy\" class=\"image image-preview \" title=\"\" src=\"https:\/\/bulegoa.org\/sites\/default\/files\/images\/image001_0.png\" alt=\"\" width=\"147\" height=\"147\" \/><\/p>\n","protected":false},"excerpt":{"rendered":"<p>An exhibition is a grouping of objects gathered temporarily together in a particular physical space. The visitor encounters forms; artefacts brought together in the same space and time. This circumstance enables the visitor to walk through the space creating itineraries, and allows a direct, although mediated encounter between their body and the objects. An exhibition [&hellip;]<\/p>\n","protected":false},"author":1,"featured_media":5376,"parent":0,"menu_order":0,"comment_status":"closed","ping_status":"closed","template":"","meta":[],"acf":[],"yoast_head":"<!-- This site is optimized with the Yoast SEO plugin v20.4 - https:\/\/yoast.com\/wordpress\/plugins\/seo\/ -->\n<title>THE PAPERS OF THE EXHIBITION (1977-2017) - Bulegoa<\/title>\n<meta name=\"robots\" content=\"index, follow, max-snippet:-1, max-image-preview:large, max-video-preview:-1\" \/>\n<link rel=\"canonical\" href=\"https:\/\/bulegoa.org\/en\/the-papers-of-the-exhibition-1977-2017\/\" \/>\n<meta property=\"og:locale\" content=\"en_US\" \/>\n<meta property=\"og:type\" content=\"article\" \/>\n<meta property=\"og:title\" content=\"THE PAPERS OF THE EXHIBITION (1977-2017) - Bulegoa\" \/>\n<meta property=\"og:description\" content=\"An exhibition is a grouping of objects gathered temporarily together in a particular physical space. The visitor encounters forms; artefacts brought together in the same space and time. This circumstance enables the visitor to walk through the space creating itineraries, and allows a direct, although mediated encounter between their body and the objects. An exhibition [&hellip;]\" \/>\n<meta property=\"og:url\" content=\"https:\/\/bulegoa.org\/en\/the-papers-of-the-exhibition-1977-2017\/\" \/>\n<meta property=\"og:site_name\" content=\"Bulegoa\" \/>\n<meta property=\"article:publisher\" content=\"https:\/\/www.facebook.com\/bulegoazb\/\" \/>\n<meta property=\"article:modified_time\" content=\"2025-09-30T08:04:28+00:00\" \/>\n<meta property=\"og:image\" content=\"http:\/\/bulegoa.org\/web\/wp-content\/uploads\/2017\/06\/el-ensayo-de-la-exposicion.png\" \/>\n\t<meta property=\"og:image:width\" content=\"800\" \/>\n\t<meta property=\"og:image:height\" content=\"800\" \/>\n\t<meta property=\"og:image:type\" content=\"image\/png\" \/>\n<meta name=\"twitter:card\" content=\"summary_large_image\" \/>\n<meta name=\"twitter:site\" content=\"@bulegoazb\" \/>\n<script type=\"application\/ld+json\" class=\"yoast-schema-graph\">{\"@context\":\"https:\/\/schema.org\",\"@graph\":[{\"@type\":\"WebPage\",\"@id\":\"https:\/\/bulegoa.org\/en\/the-papers-of-the-exhibition-1977-2017\/\",\"url\":\"https:\/\/bulegoa.org\/en\/the-papers-of-the-exhibition-1977-2017\/\",\"name\":\"THE PAPERS OF THE EXHIBITION (1977-2017) - Bulegoa\",\"isPartOf\":{\"@id\":\"https:\/\/bulegoa.org\/#website\"},\"datePublished\":\"2020-05-09T10:33:34+00:00\",\"dateModified\":\"2025-09-30T08:04:28+00:00\",\"breadcrumb\":{\"@id\":\"https:\/\/bulegoa.org\/en\/the-papers-of-the-exhibition-1977-2017\/#breadcrumb\"},\"inLanguage\":\"en-US\",\"potentialAction\":[{\"@type\":\"ReadAction\",\"target\":[\"https:\/\/bulegoa.org\/en\/the-papers-of-the-exhibition-1977-2017\/\"]}]},{\"@type\":\"BreadcrumbList\",\"@id\":\"https:\/\/bulegoa.org\/en\/the-papers-of-the-exhibition-1977-2017\/#breadcrumb\",\"itemListElement\":[{\"@type\":\"ListItem\",\"position\":1,\"name\":\"Home\",\"item\":\"https:\/\/bulegoa.org\/en\/\"},{\"@type\":\"ListItem\",\"position\":2,\"name\":\"THE PAPERS OF THE EXHIBITION (1977-2017)\"}]},{\"@type\":\"WebSite\",\"@id\":\"https:\/\/bulegoa.org\/#website\",\"url\":\"https:\/\/bulegoa.org\/\",\"name\":\"Bulegoa\",\"description\":\"\",\"potentialAction\":[{\"@type\":\"SearchAction\",\"target\":{\"@type\":\"EntryPoint\",\"urlTemplate\":\"https:\/\/bulegoa.org\/?s={search_term_string}\"},\"query-input\":\"required name=search_term_string\"}],\"inLanguage\":\"en-US\"}]}<\/script>\n<!-- \/ Yoast SEO plugin. -->","yoast_head_json":{"title":"THE PAPERS OF THE EXHIBITION (1977-2017) - Bulegoa","robots":{"index":"index","follow":"follow","max-snippet":"max-snippet:-1","max-image-preview":"max-image-preview:large","max-video-preview":"max-video-preview:-1"},"canonical":"https:\/\/bulegoa.org\/en\/the-papers-of-the-exhibition-1977-2017\/","og_locale":"en_US","og_type":"article","og_title":"THE PAPERS OF THE EXHIBITION (1977-2017) - Bulegoa","og_description":"An exhibition is a grouping of objects gathered temporarily together in a particular physical space. The visitor encounters forms; artefacts brought together in the same space and time. This circumstance enables the visitor to walk through the space creating itineraries, and allows a direct, although mediated encounter between their body and the objects. An exhibition [&hellip;]","og_url":"https:\/\/bulegoa.org\/en\/the-papers-of-the-exhibition-1977-2017\/","og_site_name":"Bulegoa","article_publisher":"https:\/\/www.facebook.com\/bulegoazb\/","article_modified_time":"2025-09-30T08:04:28+00:00","og_image":[{"width":800,"height":800,"url":"http:\/\/bulegoa.org\/web\/wp-content\/uploads\/2017\/06\/el-ensayo-de-la-exposicion.png","type":"image\/png"}],"twitter_card":"summary_large_image","twitter_site":"@bulegoazb","schema":{"@context":"https:\/\/schema.org","@graph":[{"@type":"WebPage","@id":"https:\/\/bulegoa.org\/en\/the-papers-of-the-exhibition-1977-2017\/","url":"https:\/\/bulegoa.org\/en\/the-papers-of-the-exhibition-1977-2017\/","name":"THE PAPERS OF THE EXHIBITION (1977-2017) - Bulegoa","isPartOf":{"@id":"https:\/\/bulegoa.org\/#website"},"datePublished":"2020-05-09T10:33:34+00:00","dateModified":"2025-09-30T08:04:28+00:00","breadcrumb":{"@id":"https:\/\/bulegoa.org\/en\/the-papers-of-the-exhibition-1977-2017\/#breadcrumb"},"inLanguage":"en-US","potentialAction":[{"@type":"ReadAction","target":["https:\/\/bulegoa.org\/en\/the-papers-of-the-exhibition-1977-2017\/"]}]},{"@type":"BreadcrumbList","@id":"https:\/\/bulegoa.org\/en\/the-papers-of-the-exhibition-1977-2017\/#breadcrumb","itemListElement":[{"@type":"ListItem","position":1,"name":"Home","item":"https:\/\/bulegoa.org\/en\/"},{"@type":"ListItem","position":2,"name":"THE PAPERS OF THE EXHIBITION (1977-2017)"}]},{"@type":"WebSite","@id":"https:\/\/bulegoa.org\/#website","url":"https:\/\/bulegoa.org\/","name":"Bulegoa","description":"","potentialAction":[{"@type":"SearchAction","target":{"@type":"EntryPoint","urlTemplate":"https:\/\/bulegoa.org\/?s={search_term_string}"},"query-input":"required name=search_term_string"}],"inLanguage":"en-US"}]}},"_links":{"self":[{"href":"https:\/\/bulegoa.org\/en\/wp-json\/wp\/v2\/pages\/1362"}],"collection":[{"href":"https:\/\/bulegoa.org\/en\/wp-json\/wp\/v2\/pages"}],"about":[{"href":"https:\/\/bulegoa.org\/en\/wp-json\/wp\/v2\/types\/page"}],"author":[{"embeddable":true,"href":"https:\/\/bulegoa.org\/en\/wp-json\/wp\/v2\/users\/1"}],"replies":[{"embeddable":true,"href":"https:\/\/bulegoa.org\/en\/wp-json\/wp\/v2\/comments?post=1362"}],"version-history":[{"count":8,"href":"https:\/\/bulegoa.org\/en\/wp-json\/wp\/v2\/pages\/1362\/revisions"}],"predecessor-version":[{"id":23432,"href":"https:\/\/bulegoa.org\/en\/wp-json\/wp\/v2\/pages\/1362\/revisions\/23432"}],"wp:featuredmedia":[{"embeddable":true,"href":"https:\/\/bulegoa.org\/en\/wp-json\/wp\/v2\/media\/5376"}],"wp:attachment":[{"href":"https:\/\/bulegoa.org\/en\/wp-json\/wp\/v2\/media?parent=1362"}],"curies":[{"name":"wp","href":"https:\/\/api.w.org\/{rel}","templated":true}]}}