{"id":1360,"date":"2017-06-01T12:33:34","date_gmt":"2017-06-01T10:33:34","guid":{"rendered":"https:\/\/bulegoa.org\/web\/outskirts-the-book-to-come\/"},"modified":"2018-03-08T00:38:46","modified_gmt":"2018-03-07T23:38:46","slug":"the-book-to-come","status":"publish","type":"page","link":"https:\/\/bulegoa.org\/en\/the-book-to-come\/","title":{"rendered":"The Book to Come"},"content":{"rendered":"<p>The five books the project will take as its starting point are: <em>Pense-B\u00eate<\/em> (1963-1964), <em>Un coup de d\u00e9s jamais n\u00b4abolira le hazard<\/em> (1969), <em>MTL<\/em> (1970-1972), <em>Un voyage on mer du nord<\/em> (1973) y <em>L\u2019Angelus de Daumier<\/em> (1975). Each of these touch on aspects of books, such as how they relate to other art forms (sculpture, poetry, exhibitions, film, painting) or the production processes involved in making them (technical, material, institutional, negotiation with others).<\/p>\n<p>The title of the project alludes to a chain of citation. <em>The Book to Come<\/em> takes its name from a book by Maurice Blanchot from 1959 (Le Livre \u00e0 venir), which revolves around another book by St\u00e9phane Mallarm\u00e9, <em>Un coup de d\u00e9s jamais n\u00b4abolira le hazard <\/em>(1914). Broodthaers responded to Mallarm\u00e9 in 1969 with a work by the same title. Jacques Derrida, in his 1997 lecture \u201cThe Book to Come\u201d proposed we consider the future of the printed object at a time when technological developments were announcing profound changes in our ways of reading and writing.<\/p>\n<p>Decades later these changes are fully underway, and the project <em>The Book to Come<\/em> aims to explore the performativity of books. Some of the issues we will consider are the relationship between reading and writing, image and text, matter and the immaterial, the living and the inert. We also wish to question the idea of the future the project refers to: any book is by nature a stable object, perpetually awaited, perpetually awaiting; always to come.<\/p>\n<p class=\"p1\"><span class=\"s1\">This project began at Bulegoa z\/b with a reading group whose sessions were held between April 2015 and March 2107. Four artists, all of them members of the group, were invited to <a href=\"https:\/\/bulegoa.org\/en\/the-book-to-come\/reading-group\/productions\/\">produce works<\/a> in dialogue with the project&#8217;s contents. At the same time, <i>The Book to Come <\/i><a href=\"https:\/\/bulegoa.org\/en\/the-book-to-come\/reading-group\/\">reading group<\/a> was set up at the <a href=\"http:\/\/www.cac.lt\/en\">CAC, Vilnius<\/a>. In November 2017, Playground Festival hosted Israel Galv\u00e1n, Pedro G. Romero and Filiep Tacq&#8217;s performance <i>Una tirada de dados&#8230; <\/i> which was produced as part of <i>The Book to Come.<\/i><\/span><\/p>\n<p><a href=\"http:\/\/www.corpus-network.org\" target=\"_blank\" rel=\"noopener\">Corpus<\/a> is Bulegoa z\/b (Bilbao), Contemporary Art Centre (Vilnius), KW Institute for Contemporary Art (Berlin), If I Can\u2019t Dance, I Don\u2019t Want To Be Part Of Your Revolution (Amsterdam), Playground (STUK Kunstencentrum &amp; M-Museum, Leuven), and Tate Modern (London).<\/p>\n<p><a href=\"http:\/\/www.corpus-network.org\" target=\"_blank\" rel=\"noopener\">Corpus <\/a>is co-funded by the Creative Europe Programme of the European Union.<\/p>\n<p><img loading=\"lazy\" class=\"image image-_original \" title=\"\" src=\"https:\/\/bulegoa.org\/sites\/default\/files\/images\/eu_flag_creative_europe_co_funded_pos_[rgb]_right.jpg\" alt=\"\" width=\"302\" height=\"62\" \/><\/p>\n","protected":false},"excerpt":{"rendered":"<p>The five books the project will take as its starting point are: Pense-B\u00eate (1963-1964), Un coup de d\u00e9s jamais n\u00b4abolira le hazard (1969), MTL (1970-1972), Un voyage on mer du nord (1973) y L\u2019Angelus de Daumier (1975). Each of these touch on aspects of books, such as how they relate to other art forms (sculpture, [&hellip;]<\/p>\n","protected":false},"author":1,"featured_media":5025,"parent":0,"menu_order":0,"comment_status":"closed","ping_status":"closed","template":"","meta":[],"acf":[],"yoast_head":"<!-- This site is optimized with the Yoast SEO plugin v20.4 - https:\/\/yoast.com\/wordpress\/plugins\/seo\/ -->\n<title>The Book to Come - Bulegoa<\/title>\n<meta name=\"robots\" content=\"index, follow, max-snippet:-1, max-image-preview:large, max-video-preview:-1\" \/>\n<link rel=\"canonical\" href=\"https:\/\/bulegoa.org\/en\/the-book-to-come\/\" \/>\n<meta property=\"og:locale\" content=\"en_US\" \/>\n<meta property=\"og:type\" content=\"article\" \/>\n<meta property=\"og:title\" content=\"The Book to Come - Bulegoa\" \/>\n<meta property=\"og:description\" content=\"The five books the project will take as its starting point are: Pense-B\u00eate (1963-1964), Un coup de d\u00e9s jamais n\u00b4abolira le hazard (1969), MTL (1970-1972), Un voyage on mer du nord (1973) y L\u2019Angelus de Daumier (1975). Each of these touch on aspects of books, such as how they relate to other art forms (sculpture, [&hellip;]\" \/>\n<meta property=\"og:url\" content=\"https:\/\/bulegoa.org\/en\/the-book-to-come\/\" \/>\n<meta property=\"og:site_name\" content=\"Bulegoa\" \/>\n<meta property=\"article:publisher\" content=\"https:\/\/www.facebook.com\/bulegoazb\/\" \/>\n<meta property=\"article:modified_time\" content=\"2018-03-07T23:38:46+00:00\" \/>\n<meta property=\"og:image\" content=\"https:\/\/bulegoa.org\/web\/wp-content\/uploads\/2017\/06\/stone1.jpg\" \/>\n\t<meta property=\"og:image:width\" content=\"600\" \/>\n\t<meta property=\"og:image:height\" content=\"600\" \/>\n\t<meta property=\"og:image:type\" content=\"image\/jpeg\" \/>\n<meta name=\"twitter:card\" content=\"summary_large_image\" \/>\n<meta name=\"twitter:site\" content=\"@bulegoazb\" \/>\n<script type=\"application\/ld+json\" class=\"yoast-schema-graph\">{\"@context\":\"https:\/\/schema.org\",\"@graph\":[{\"@type\":\"WebPage\",\"@id\":\"https:\/\/bulegoa.org\/en\/the-book-to-come\/\",\"url\":\"https:\/\/bulegoa.org\/en\/the-book-to-come\/\",\"name\":\"The Book to Come - Bulegoa\",\"isPartOf\":{\"@id\":\"https:\/\/bulegoa.org\/#website\"},\"datePublished\":\"2017-06-01T10:33:34+00:00\",\"dateModified\":\"2018-03-07T23:38:46+00:00\",\"breadcrumb\":{\"@id\":\"https:\/\/bulegoa.org\/en\/the-book-to-come\/#breadcrumb\"},\"inLanguage\":\"en-US\",\"potentialAction\":[{\"@type\":\"ReadAction\",\"target\":[\"https:\/\/bulegoa.org\/en\/the-book-to-come\/\"]}]},{\"@type\":\"BreadcrumbList\",\"@id\":\"https:\/\/bulegoa.org\/en\/the-book-to-come\/#breadcrumb\",\"itemListElement\":[{\"@type\":\"ListItem\",\"position\":1,\"name\":\"Home\",\"item\":\"https:\/\/bulegoa.org\/en\/\"},{\"@type\":\"ListItem\",\"position\":2,\"name\":\"The Book to Come\"}]},{\"@type\":\"WebSite\",\"@id\":\"https:\/\/bulegoa.org\/#website\",\"url\":\"https:\/\/bulegoa.org\/\",\"name\":\"Bulegoa\",\"description\":\"\",\"potentialAction\":[{\"@type\":\"SearchAction\",\"target\":{\"@type\":\"EntryPoint\",\"urlTemplate\":\"https:\/\/bulegoa.org\/?s={search_term_string}\"},\"query-input\":\"required name=search_term_string\"}],\"inLanguage\":\"en-US\"}]}<\/script>\n<!-- \/ Yoast SEO plugin. -->","yoast_head_json":{"title":"The Book to Come - Bulegoa","robots":{"index":"index","follow":"follow","max-snippet":"max-snippet:-1","max-image-preview":"max-image-preview:large","max-video-preview":"max-video-preview:-1"},"canonical":"https:\/\/bulegoa.org\/en\/the-book-to-come\/","og_locale":"en_US","og_type":"article","og_title":"The Book to Come - Bulegoa","og_description":"The five books the project will take as its starting point are: Pense-B\u00eate (1963-1964), Un coup de d\u00e9s jamais n\u00b4abolira le hazard (1969), MTL (1970-1972), Un voyage on mer du nord (1973) y L\u2019Angelus de Daumier (1975). Each of these touch on aspects of books, such as how they relate to other art forms (sculpture, [&hellip;]","og_url":"https:\/\/bulegoa.org\/en\/the-book-to-come\/","og_site_name":"Bulegoa","article_publisher":"https:\/\/www.facebook.com\/bulegoazb\/","article_modified_time":"2018-03-07T23:38:46+00:00","og_image":[{"width":600,"height":600,"url":"https:\/\/bulegoa.org\/web\/wp-content\/uploads\/2017\/06\/stone1.jpg","type":"image\/jpeg"}],"twitter_card":"summary_large_image","twitter_site":"@bulegoazb","schema":{"@context":"https:\/\/schema.org","@graph":[{"@type":"WebPage","@id":"https:\/\/bulegoa.org\/en\/the-book-to-come\/","url":"https:\/\/bulegoa.org\/en\/the-book-to-come\/","name":"The Book to Come - Bulegoa","isPartOf":{"@id":"https:\/\/bulegoa.org\/#website"},"datePublished":"2017-06-01T10:33:34+00:00","dateModified":"2018-03-07T23:38:46+00:00","breadcrumb":{"@id":"https:\/\/bulegoa.org\/en\/the-book-to-come\/#breadcrumb"},"inLanguage":"en-US","potentialAction":[{"@type":"ReadAction","target":["https:\/\/bulegoa.org\/en\/the-book-to-come\/"]}]},{"@type":"BreadcrumbList","@id":"https:\/\/bulegoa.org\/en\/the-book-to-come\/#breadcrumb","itemListElement":[{"@type":"ListItem","position":1,"name":"Home","item":"https:\/\/bulegoa.org\/en\/"},{"@type":"ListItem","position":2,"name":"The Book to Come"}]},{"@type":"WebSite","@id":"https:\/\/bulegoa.org\/#website","url":"https:\/\/bulegoa.org\/","name":"Bulegoa","description":"","potentialAction":[{"@type":"SearchAction","target":{"@type":"EntryPoint","urlTemplate":"https:\/\/bulegoa.org\/?s={search_term_string}"},"query-input":"required name=search_term_string"}],"inLanguage":"en-US"}]}},"_links":{"self":[{"href":"https:\/\/bulegoa.org\/en\/wp-json\/wp\/v2\/pages\/1360"}],"collection":[{"href":"https:\/\/bulegoa.org\/en\/wp-json\/wp\/v2\/pages"}],"about":[{"href":"https:\/\/bulegoa.org\/en\/wp-json\/wp\/v2\/types\/page"}],"author":[{"embeddable":true,"href":"https:\/\/bulegoa.org\/en\/wp-json\/wp\/v2\/users\/1"}],"replies":[{"embeddable":true,"href":"https:\/\/bulegoa.org\/en\/wp-json\/wp\/v2\/comments?post=1360"}],"version-history":[{"count":6,"href":"https:\/\/bulegoa.org\/en\/wp-json\/wp\/v2\/pages\/1360\/revisions"}],"predecessor-version":[{"id":5989,"href":"https:\/\/bulegoa.org\/en\/wp-json\/wp\/v2\/pages\/1360\/revisions\/5989"}],"wp:featuredmedia":[{"embeddable":true,"href":"https:\/\/bulegoa.org\/en\/wp-json\/wp\/v2\/media\/5025"}],"wp:attachment":[{"href":"https:\/\/bulegoa.org\/en\/wp-json\/wp\/v2\/media?parent=1360"}],"curies":[{"name":"wp","href":"https:\/\/api.w.org\/{rel}","templated":true}]}}