{"id":1356,"date":"2017-05-12T12:33:34","date_gmt":"2017-05-12T10:33:34","guid":{"rendered":"https:\/\/bulegoa.org\/web\/outskirts-one-two-three-four-walls\/"},"modified":"2017-09-28T00:25:32","modified_gmt":"2017-09-27T22:25:32","slug":"one-two-three-four-walls","status":"publish","type":"page","link":"https:\/\/bulegoa.org\/en\/one-two-three-four-walls\/","title":{"rendered":"One, two, three, four walls"},"content":{"rendered":"<p><strong>From 08\/10\/2011 to 04\/04\/2012 at ARTIUM Basque Centre-Museum of Contemporary Art in Vitoria-Gasteiz.<\/strong><br \/>\nA project curated by Mar Villaespesa and BNV Producciones (Joaqu\u00edn V\u00e1zquez), with the participation of Bulegoa z\/b, Fundaci\u00f3n Rodr\u00edguez, Valent\u00edn Roma and Laura Traf\u00ed-Prats.<\/p>\n<p>The value of a work of art does not depend only on its content but on the possibilities it holds beyond the creative act. Under the circumstances, and in view of the etymology of the term &#8220;restore&#8221;, the exhibition Stanzas. Restorative practices on the Artium collection is developed, in an attempt to recover the potentialities of a number of works from the collection.<br \/>\nThe project is conceived on the basis of <strong>four Stanzas,**<\/strong> four curatorial exercises, articulated around a number of works and actions, a seminar-workshop, theatre performances and a laboratory, made in a number of different timeframes. These works and the elements used to activate them are presented in the Lower East Gallery of Artium, which is also a space for work and machines.<br \/>\nSince Benjamin, discourses on the aesthetic conditions through which art is created have referred to concepts such as distance, proximity, reproducibility, authorship, value&#8230;\u00a0Stanzas. Restorative practices on the Artium Collection\u00a0concurs with these strategies and the Brechtian concept of \u201crefunctionalisation\u201d, in the sense that the aim is not to supply the art production apparatus but to transform this.<br \/>\n<strong>Stanza 3, <\/strong><em>One, Two, Three, Four Walls<\/em> proposes two exercises for observing a single work in different circumstances. Through two different mises-en-sc\u00e8ne of a significant work in the Artium Collection\u2014<em>Homenaje a Vel\u00e1zquez <\/em>(1958) by Jorge Oteiza\u2014visitors are invited to explore and exploit the meanings attached to the action of presenting an artistic object in the space, as well as to the types of relationship determined by this action.<\/p>\n<p><a href=\"https:\/\/bulegoa.org\/web\/wp-content\/uploads\/2017\/05\/libreto_1234_paredes_2012.pdf\" target=\"_blank\" rel=\"noopener\">DOWNLOAD BROCHURE<\/a><\/p>\n<p><em>* One, Two, Three, Four Walls<\/em> is a project related to the <strong>Glossary<\/strong> of Bulegoa z\/b.<\/p>\n<p><strong>**<\/strong><br \/>\n<strong>Stanza 1<\/strong><br \/>\n<em>The truth lies in the extreme.<\/em> Valent\u00edn Roma<br \/>\n<strong>Stanza 2<\/strong><br \/>\n<em>Some actions for CMVAC.<\/em> Fundaci\u00f3n Rodr\u00edguez\u00a0<strong><br \/>\nStanza 3<\/strong><br \/>\n<em>One, two, three, four walls.<\/em> Bulegoa z\/b<br \/>\n<strong>Stanza 4<\/strong><br \/>\n<em>Out of control: laboratory of obliterated images.<\/em> Laura Traf\u00ed-Prats<\/p>\n<h4><span id=\"result_box\" class=\"short_text\" lang=\"en\"><span class=\"\">Theatrical performance<\/span><\/span><\/h4>\n<p>A sculptural object, <em>Homenaje a Vel\u00e1zquez<\/em> [Hommage to Vel\u00e1zquez] (Jorge Oteiza, 1958), is removed from the exhibition context and transferred to a theatrical context. The operation of transferral enables something that is unusual in an exhibition space, the protracted and detailed observation of a sculpture for the space of one hour through subjecting the spectator to theatrical norms.<\/p>\n<p>The theatre performance directed by Bulegoa z\/b is presented within the framework of <em>Stanzas. Restitutive practices on the ARTIUM Collection,<\/em> curated by Mar Villaespesa and BNV producciones, in dialogue with Bulegoa z\/b, Fundaci\u00f3n Rodr\u00edguez, Valent\u00edn Roma and Laura Traf\u00ed-Prats.<\/p>\n<p>Original texts: Peter Friedl (Writing\/Reading), Carla Zaccagnini (Translation), Bojana Cvejic (Theatricality), Xavier Le Roy (Form)<\/p>\n<p>Design of the theatrical space: Gorka Eizagirre<\/p>\n<p>Lighting design: \u00d3scar Grijalba<\/p>\n<p>Voiceover: Matxalen de Pedro Larrea, Igor de Quadra<\/p>\n<p><strong>Performances: 11th and 25th of February. 19:00 h (Basque), 21:00 h (Spanish)<\/strong><\/p>\n<p><strong>Venue: Lower East Gallery, ARTIUM, Vitoria-Gasteiz. Admission free. Limited seats<\/strong><\/p>\n<p>More information: <a href=\"http:\/\/www.artium.org\" target=\"_blank\" rel=\"noopener\">www.artium.org<\/a><\/p>\n","protected":false},"excerpt":{"rendered":"<p>From 08\/10\/2011 to 04\/04\/2012 at ARTIUM Basque Centre-Museum of Contemporary Art in Vitoria-Gasteiz. A project curated by Mar Villaespesa and BNV Producciones (Joaqu\u00edn V\u00e1zquez), with the participation of Bulegoa z\/b, Fundaci\u00f3n Rodr\u00edguez, Valent\u00edn Roma and Laura Traf\u00ed-Prats. The value of a work of art does not depend only on its content but on the possibilities [&hellip;]<\/p>\n","protected":false},"author":1,"featured_media":3007,"parent":0,"menu_order":0,"comment_status":"closed","ping_status":"closed","template":"","meta":[],"acf":[],"yoast_head":"<!-- This site is optimized with the Yoast SEO plugin v20.4 - https:\/\/yoast.com\/wordpress\/plugins\/seo\/ -->\n<title>One, two, three, four walls - Bulegoa<\/title>\n<meta name=\"robots\" content=\"index, follow, max-snippet:-1, max-image-preview:large, max-video-preview:-1\" \/>\n<link rel=\"canonical\" href=\"https:\/\/bulegoa.org\/en\/one-two-three-four-walls\/\" \/>\n<meta property=\"og:locale\" content=\"en_US\" \/>\n<meta property=\"og:type\" content=\"article\" \/>\n<meta property=\"og:title\" content=\"One, two, three, four walls - Bulegoa\" \/>\n<meta property=\"og:description\" content=\"From 08\/10\/2011 to 04\/04\/2012 at ARTIUM Basque Centre-Museum of Contemporary Art in Vitoria-Gasteiz. A project curated by Mar Villaespesa and BNV Producciones (Joaqu\u00edn V\u00e1zquez), with the participation of Bulegoa z\/b, Fundaci\u00f3n Rodr\u00edguez, Valent\u00edn Roma and Laura Traf\u00ed-Prats. The value of a work of art does not depend only on its content but on the possibilities [&hellip;]\" \/>\n<meta property=\"og:url\" content=\"https:\/\/bulegoa.org\/en\/one-two-three-four-walls\/\" \/>\n<meta property=\"og:site_name\" content=\"Bulegoa\" \/>\n<meta property=\"article:publisher\" content=\"https:\/\/www.facebook.com\/bulegoazb\/\" \/>\n<meta property=\"article:modified_time\" content=\"2017-09-27T22:25:32+00:00\" \/>\n<meta property=\"og:image\" content=\"https:\/\/bulegoa.org\/web\/wp-content\/uploads\/2017\/07\/1234_01_4.jpg\" \/>\n\t<meta property=\"og:image:width\" content=\"640\" \/>\n\t<meta property=\"og:image:height\" content=\"426\" \/>\n\t<meta property=\"og:image:type\" content=\"image\/jpeg\" \/>\n<meta name=\"twitter:card\" content=\"summary_large_image\" \/>\n<meta name=\"twitter:site\" content=\"@bulegoazb\" \/>\n<script type=\"application\/ld+json\" class=\"yoast-schema-graph\">{\"@context\":\"https:\/\/schema.org\",\"@graph\":[{\"@type\":\"WebPage\",\"@id\":\"https:\/\/bulegoa.org\/en\/one-two-three-four-walls\/\",\"url\":\"https:\/\/bulegoa.org\/en\/one-two-three-four-walls\/\",\"name\":\"One, two, three, four walls - Bulegoa\",\"isPartOf\":{\"@id\":\"https:\/\/bulegoa.org\/#website\"},\"datePublished\":\"2017-05-12T10:33:34+00:00\",\"dateModified\":\"2017-09-27T22:25:32+00:00\",\"breadcrumb\":{\"@id\":\"https:\/\/bulegoa.org\/en\/one-two-three-four-walls\/#breadcrumb\"},\"inLanguage\":\"en-US\",\"potentialAction\":[{\"@type\":\"ReadAction\",\"target\":[\"https:\/\/bulegoa.org\/en\/one-two-three-four-walls\/\"]}]},{\"@type\":\"BreadcrumbList\",\"@id\":\"https:\/\/bulegoa.org\/en\/one-two-three-four-walls\/#breadcrumb\",\"itemListElement\":[{\"@type\":\"ListItem\",\"position\":1,\"name\":\"Home\",\"item\":\"https:\/\/bulegoa.org\/en\/\"},{\"@type\":\"ListItem\",\"position\":2,\"name\":\"One, two, three, four walls\"}]},{\"@type\":\"WebSite\",\"@id\":\"https:\/\/bulegoa.org\/#website\",\"url\":\"https:\/\/bulegoa.org\/\",\"name\":\"Bulegoa\",\"description\":\"\",\"potentialAction\":[{\"@type\":\"SearchAction\",\"target\":{\"@type\":\"EntryPoint\",\"urlTemplate\":\"https:\/\/bulegoa.org\/?s={search_term_string}\"},\"query-input\":\"required name=search_term_string\"}],\"inLanguage\":\"en-US\"}]}<\/script>\n<!-- \/ Yoast SEO plugin. -->","yoast_head_json":{"title":"One, two, three, four walls - Bulegoa","robots":{"index":"index","follow":"follow","max-snippet":"max-snippet:-1","max-image-preview":"max-image-preview:large","max-video-preview":"max-video-preview:-1"},"canonical":"https:\/\/bulegoa.org\/en\/one-two-three-four-walls\/","og_locale":"en_US","og_type":"article","og_title":"One, two, three, four walls - Bulegoa","og_description":"From 08\/10\/2011 to 04\/04\/2012 at ARTIUM Basque Centre-Museum of Contemporary Art in Vitoria-Gasteiz. A project curated by Mar Villaespesa and BNV Producciones (Joaqu\u00edn V\u00e1zquez), with the participation of Bulegoa z\/b, Fundaci\u00f3n Rodr\u00edguez, Valent\u00edn Roma and Laura Traf\u00ed-Prats. The value of a work of art does not depend only on its content but on the possibilities [&hellip;]","og_url":"https:\/\/bulegoa.org\/en\/one-two-three-four-walls\/","og_site_name":"Bulegoa","article_publisher":"https:\/\/www.facebook.com\/bulegoazb\/","article_modified_time":"2017-09-27T22:25:32+00:00","og_image":[{"width":640,"height":426,"url":"https:\/\/bulegoa.org\/web\/wp-content\/uploads\/2017\/07\/1234_01_4.jpg","type":"image\/jpeg"}],"twitter_card":"summary_large_image","twitter_site":"@bulegoazb","schema":{"@context":"https:\/\/schema.org","@graph":[{"@type":"WebPage","@id":"https:\/\/bulegoa.org\/en\/one-two-three-four-walls\/","url":"https:\/\/bulegoa.org\/en\/one-two-three-four-walls\/","name":"One, two, three, four walls - Bulegoa","isPartOf":{"@id":"https:\/\/bulegoa.org\/#website"},"datePublished":"2017-05-12T10:33:34+00:00","dateModified":"2017-09-27T22:25:32+00:00","breadcrumb":{"@id":"https:\/\/bulegoa.org\/en\/one-two-three-four-walls\/#breadcrumb"},"inLanguage":"en-US","potentialAction":[{"@type":"ReadAction","target":["https:\/\/bulegoa.org\/en\/one-two-three-four-walls\/"]}]},{"@type":"BreadcrumbList","@id":"https:\/\/bulegoa.org\/en\/one-two-three-four-walls\/#breadcrumb","itemListElement":[{"@type":"ListItem","position":1,"name":"Home","item":"https:\/\/bulegoa.org\/en\/"},{"@type":"ListItem","position":2,"name":"One, two, three, four walls"}]},{"@type":"WebSite","@id":"https:\/\/bulegoa.org\/#website","url":"https:\/\/bulegoa.org\/","name":"Bulegoa","description":"","potentialAction":[{"@type":"SearchAction","target":{"@type":"EntryPoint","urlTemplate":"https:\/\/bulegoa.org\/?s={search_term_string}"},"query-input":"required name=search_term_string"}],"inLanguage":"en-US"}]}},"_links":{"self":[{"href":"https:\/\/bulegoa.org\/en\/wp-json\/wp\/v2\/pages\/1356"}],"collection":[{"href":"https:\/\/bulegoa.org\/en\/wp-json\/wp\/v2\/pages"}],"about":[{"href":"https:\/\/bulegoa.org\/en\/wp-json\/wp\/v2\/types\/page"}],"author":[{"embeddable":true,"href":"https:\/\/bulegoa.org\/en\/wp-json\/wp\/v2\/users\/1"}],"replies":[{"embeddable":true,"href":"https:\/\/bulegoa.org\/en\/wp-json\/wp\/v2\/comments?post=1356"}],"version-history":[{"count":4,"href":"https:\/\/bulegoa.org\/en\/wp-json\/wp\/v2\/pages\/1356\/revisions"}],"predecessor-version":[{"id":4762,"href":"https:\/\/bulegoa.org\/en\/wp-json\/wp\/v2\/pages\/1356\/revisions\/4762"}],"wp:featuredmedia":[{"embeddable":true,"href":"https:\/\/bulegoa.org\/en\/wp-json\/wp\/v2\/media\/3007"}],"wp:attachment":[{"href":"https:\/\/bulegoa.org\/en\/wp-json\/wp\/v2\/media?parent=1356"}],"curies":[{"name":"wp","href":"https:\/\/api.w.org\/{rel}","templated":true}]}}