{"id":1351,"date":"2017-05-12T12:33:34","date_gmt":"2017-05-12T10:33:34","guid":{"rendered":"https:\/\/bulegoa.org\/web\/outskirts-18-pictures-and-18-stories\/"},"modified":"2019-01-21T13:40:59","modified_gmt":"2019-01-21T12:40:59","slug":"18-pictures-and-18-stories","status":"publish","type":"page","link":"https:\/\/bulegoa.org\/en\/18-pictures-and-18-stories\/","title":{"rendered":"18 pictures and 18 stories"},"content":{"rendered":"<p><em>18 pictures and 18 stories<\/em> is a project by Bulegoa z\/b, carried out in dialogue with <em>If I Can\u2019t Dance I Don\u2019t Want To Be Part Of Your Revolution<\/em> of Amsterdam. It presents and accompanies <em>Performance in Resistance<\/em> by Isidoro Valc\u00e1rcel Medina in two different formats: via series of stages in seven cities in 2012, and in a book.<\/p>\n<p><em>18 pictures and 18 stories \/ 18 fotograf\u00edas y 18 historias<\/em> is a bilingual (English an Spanish) publication designed by Filiep Tacq. It includes a reproduction of the photo series Performance in Resistance by Isidoro Valc\u00e1rcel Medina and text contributions by the narrators of the seven stages as well as a text by the artist. The book is a production funded by <em>Corpus: a network for performance practice.<\/em><\/p>\n<p>The book is on sale for 25\u20ac and can be obtained at the Bulegoa z\/b office, or by mail order from <a href=\"mailto:tienda@bellezainfinita.org\">tienda@bellezainfinita.org<\/a><\/p>\n<p>The full text of \u201cC\u00f3mo leer el valor de una resistencia (a 120 por hora)\u201d by Jon Mikel Euba, part of which is published in the book <em>18 pictures and 18 stories \/ 18 fotograf\u00edas y 18 historias<\/em>, can be found <a href=\"https:\/\/bulegoa.org\/sites\/default\/files\/Jon_Mikel_Euba_con_nota_larga.pdf\">here<\/a>.<\/p>\n<p>In Autumn 2010, If I Can\u2019t Dance invited Valc\u00e1rcel Medina and Bulegoa z\/b to take part in <em>Performance in Residence<\/em>, a program that studies and researches performances from the past from the perspective of current artistic practice. Valc\u00e1rcel Medina responded to the invitation with <a href=\"https:\/\/bulegoa.org\/web\/wp-content\/uploads\/2017\/05\/PiR_IVM_2011.pdf\" target=\"_blank\" rel=\"noopener\"><em>Performance in Resistance<\/em>, 18 photographs mounted on passe-partout<\/a> that show as many actions carried out by the artist in different cities between 1965 and 1993. The set of images taken by Roc\u00edo Are\u00e1n Guti\u00e9rrez blurs the limits between the lived moment and the document, between what happened and fiction. <em>Performance in Resistance<\/em> also shows the guiding principle of Valc\u00e1rcel Medina\u2019s practice, his refusal to submit to the conventions of any institution or discipline, including the discipline of history. Such performative resistance arises from the artist\u2019s conviction that his only material is his historical time, and that the imagination \u201chides a wealth which drives the world\u201d.<\/p>\n<p><em>18 pictures and 18<\/em> stories conceived investigation as an imaginative practice which can transform and reactivate its objects of study. The work took the form of an itinerant framework which produced narratives. In each of the seven stages, three people were invited to take one of the eighteen photographs that make up <em>Performance in Resistance<\/em> and propose a story. After the presentations at each stage, Isidoro Valc\u00e1rcel Medina was available on the telephone to answer questions from the narrators or public.<\/p>\n<p><strong>Tour 18 pictures and 18 stories \/ 18 fotograf\u00edas y 18 historias<\/strong><\/p>\n<p>* 26 February 2012: If I Can&#8217;t Dance at Het Veem Theater, Amsterdam<br \/>\nStorytellers: Moosje Goosen, Esteban Pujals Gesal\u00ed, Emilio Moreno<\/p>\n<p>* 20 April 2012: Bulegoa z\/b, Bilbao<br \/>\nStorytellers: Jos\u00e9 D\u00edaz Cuy\u00e1s, Azucena Vieites, Jaime Vallaure<\/p>\n<p>* 6 July 2012: Fundaci\u00f3 Antoni T\u00e0pies, Barcelona<br \/>\nStorytellers: Nuria Enguita Mayo, Aimar P\u00e9rez Gal\u00ed, Manuel Mart\u00ednez Ribas<\/p>\n<p>* 27 October 2012: CAC Br\u00e9tigny, Greater Paris<br \/>\nStorytellers: Esther Ferrer, Jon Mikel Euba, Pierre Bal-Blanc<\/p>\n<p>* 6 November 2012: BNV Producciones, Seville<br \/>\nStorytellers: Miren Jaio, Isa\u00edas Gri\u00f1olo, Pedro G. Romero<\/p>\n<p>* 11 November 2012: Playground Festival, STUK\/M Museum, Leuven<br \/>\nStorytellers: Koen Brams, Dora Garc\u00eda, Myriam Van Imschoot<\/p>\n<p>* 29 November 2012: MAC S\u00e3o Paulo, S\u00e3o Paulo<br \/>\nStorytellers: GEACC, Juan Dom\u00ednguez, Carla Zaccagnini<br \/>\nExhibition until 28 July<\/p>\n<p>* 4 October 2013: Tate Modern, London<br \/>\nBook launch of <em>18 pictures and 18 stories \/ 18 fotograf\u00edas y 18 historias<\/em>, lecture \u201cSer traducido\u201d (\u201cTo Be Translated\u201d) by Isidoro Valc\u00e1rcel Medina, round table with Valc\u00e1rcel Medina, Esther Ferrer and Dora Garc\u00eda<\/p>\n<p><em>18 pictures and 18 stories<\/em> is co-produced by BNV Producciones, Seville; CAC Br\u00e9tigny, Greater Paris; If I Can&#8217;t Dance, I Don&#8217;t Want To Be Part Of Your Revolution, Amsterdam; the Museum of Contemporary Art of the University of S\u00e3o Paulo (MAC USP); Playground Festival in STUK\/Museum M, Leuven; T\u00e0pies Foundation, Barcelona; Tate Modern, London; and Het Veem Theater, Amsterdam.<\/p>\n<p>The publication and the performances are realized with the support of<em> Corpus: a network for performance practice <\/em>financed by the European Union.<\/p>\n<p><span class=\"inline inline-left\"><span class=\"inline inline-left\"><img loading=\"lazy\" class=\"image image-thumbnail \" title=\"\" src=\"https:\/\/bulegoa.org\/sites\/default\/files\/images\/EU_flag_cult_EN_BW.thumbnail.jpeg\" alt=\"\" width=\"300\" height=\"96\" \/><\/span><\/span><\/p>\n","protected":false},"excerpt":{"rendered":"<p>18 pictures and 18 stories is a project by Bulegoa z\/b, carried out in dialogue with If I Can\u2019t Dance I Don\u2019t Want To Be Part Of Your Revolution of Amsterdam. It presents and accompanies Performance in Resistance by Isidoro Valc\u00e1rcel Medina in two different formats: via series of stages in seven cities in 2012, [&hellip;]<\/p>\n","protected":false},"author":1,"featured_media":0,"parent":0,"menu_order":0,"comment_status":"closed","ping_status":"closed","template":"","meta":[],"acf":[],"yoast_head":"<!-- This site is optimized with the Yoast SEO plugin v20.4 - https:\/\/yoast.com\/wordpress\/plugins\/seo\/ -->\n<title>18 pictures and 18 stories - Bulegoa<\/title>\n<meta name=\"robots\" content=\"index, follow, max-snippet:-1, max-image-preview:large, max-video-preview:-1\" \/>\n<link rel=\"canonical\" href=\"https:\/\/bulegoa.org\/en\/18-pictures-and-18-stories\/\" \/>\n<meta property=\"og:locale\" content=\"en_US\" \/>\n<meta property=\"og:type\" content=\"article\" \/>\n<meta property=\"og:title\" content=\"18 pictures and 18 stories - Bulegoa\" \/>\n<meta property=\"og:description\" content=\"18 pictures and 18 stories is a project by Bulegoa z\/b, carried out in dialogue with If I Can\u2019t Dance I Don\u2019t Want To Be Part Of Your Revolution of Amsterdam. It presents and accompanies Performance in Resistance by Isidoro Valc\u00e1rcel Medina in two different formats: via series of stages in seven cities in 2012, [&hellip;]\" \/>\n<meta property=\"og:url\" content=\"https:\/\/bulegoa.org\/en\/18-pictures-and-18-stories\/\" \/>\n<meta property=\"og:site_name\" content=\"Bulegoa\" \/>\n<meta property=\"article:publisher\" content=\"https:\/\/www.facebook.com\/bulegoazb\/\" \/>\n<meta property=\"article:modified_time\" content=\"2019-01-21T12:40:59+00:00\" \/>\n<meta property=\"og:image\" content=\"https:\/\/bulegoa.org\/sites\/default\/files\/images\/EU_flag_cult_EN_BW.thumbnail.jpeg\" \/>\n<meta name=\"twitter:card\" content=\"summary_large_image\" \/>\n<meta name=\"twitter:site\" content=\"@bulegoazb\" \/>\n<script type=\"application\/ld+json\" class=\"yoast-schema-graph\">{\"@context\":\"https:\/\/schema.org\",\"@graph\":[{\"@type\":\"WebPage\",\"@id\":\"https:\/\/bulegoa.org\/en\/18-pictures-and-18-stories\/\",\"url\":\"https:\/\/bulegoa.org\/en\/18-pictures-and-18-stories\/\",\"name\":\"18 pictures and 18 stories - Bulegoa\",\"isPartOf\":{\"@id\":\"https:\/\/bulegoa.org\/#website\"},\"datePublished\":\"2017-05-12T10:33:34+00:00\",\"dateModified\":\"2019-01-21T12:40:59+00:00\",\"breadcrumb\":{\"@id\":\"https:\/\/bulegoa.org\/en\/18-pictures-and-18-stories\/#breadcrumb\"},\"inLanguage\":\"en-US\",\"potentialAction\":[{\"@type\":\"ReadAction\",\"target\":[\"https:\/\/bulegoa.org\/en\/18-pictures-and-18-stories\/\"]}]},{\"@type\":\"BreadcrumbList\",\"@id\":\"https:\/\/bulegoa.org\/en\/18-pictures-and-18-stories\/#breadcrumb\",\"itemListElement\":[{\"@type\":\"ListItem\",\"position\":1,\"name\":\"Home\",\"item\":\"https:\/\/bulegoa.org\/en\/\"},{\"@type\":\"ListItem\",\"position\":2,\"name\":\"18 pictures and 18 stories\"}]},{\"@type\":\"WebSite\",\"@id\":\"https:\/\/bulegoa.org\/#website\",\"url\":\"https:\/\/bulegoa.org\/\",\"name\":\"Bulegoa\",\"description\":\"\",\"potentialAction\":[{\"@type\":\"SearchAction\",\"target\":{\"@type\":\"EntryPoint\",\"urlTemplate\":\"https:\/\/bulegoa.org\/?s={search_term_string}\"},\"query-input\":\"required name=search_term_string\"}],\"inLanguage\":\"en-US\"}]}<\/script>\n<!-- \/ Yoast SEO plugin. -->","yoast_head_json":{"title":"18 pictures and 18 stories - Bulegoa","robots":{"index":"index","follow":"follow","max-snippet":"max-snippet:-1","max-image-preview":"max-image-preview:large","max-video-preview":"max-video-preview:-1"},"canonical":"https:\/\/bulegoa.org\/en\/18-pictures-and-18-stories\/","og_locale":"en_US","og_type":"article","og_title":"18 pictures and 18 stories - Bulegoa","og_description":"18 pictures and 18 stories is a project by Bulegoa z\/b, carried out in dialogue with If I Can\u2019t Dance I Don\u2019t Want To Be Part Of Your Revolution of Amsterdam. It presents and accompanies Performance in Resistance by Isidoro Valc\u00e1rcel Medina in two different formats: via series of stages in seven cities in 2012, [&hellip;]","og_url":"https:\/\/bulegoa.org\/en\/18-pictures-and-18-stories\/","og_site_name":"Bulegoa","article_publisher":"https:\/\/www.facebook.com\/bulegoazb\/","article_modified_time":"2019-01-21T12:40:59+00:00","og_image":[{"url":"https:\/\/bulegoa.org\/sites\/default\/files\/images\/EU_flag_cult_EN_BW.thumbnail.jpeg"}],"twitter_card":"summary_large_image","twitter_site":"@bulegoazb","schema":{"@context":"https:\/\/schema.org","@graph":[{"@type":"WebPage","@id":"https:\/\/bulegoa.org\/en\/18-pictures-and-18-stories\/","url":"https:\/\/bulegoa.org\/en\/18-pictures-and-18-stories\/","name":"18 pictures and 18 stories - Bulegoa","isPartOf":{"@id":"https:\/\/bulegoa.org\/#website"},"datePublished":"2017-05-12T10:33:34+00:00","dateModified":"2019-01-21T12:40:59+00:00","breadcrumb":{"@id":"https:\/\/bulegoa.org\/en\/18-pictures-and-18-stories\/#breadcrumb"},"inLanguage":"en-US","potentialAction":[{"@type":"ReadAction","target":["https:\/\/bulegoa.org\/en\/18-pictures-and-18-stories\/"]}]},{"@type":"BreadcrumbList","@id":"https:\/\/bulegoa.org\/en\/18-pictures-and-18-stories\/#breadcrumb","itemListElement":[{"@type":"ListItem","position":1,"name":"Home","item":"https:\/\/bulegoa.org\/en\/"},{"@type":"ListItem","position":2,"name":"18 pictures and 18 stories"}]},{"@type":"WebSite","@id":"https:\/\/bulegoa.org\/#website","url":"https:\/\/bulegoa.org\/","name":"Bulegoa","description":"","potentialAction":[{"@type":"SearchAction","target":{"@type":"EntryPoint","urlTemplate":"https:\/\/bulegoa.org\/?s={search_term_string}"},"query-input":"required name=search_term_string"}],"inLanguage":"en-US"}]}},"_links":{"self":[{"href":"https:\/\/bulegoa.org\/en\/wp-json\/wp\/v2\/pages\/1351"}],"collection":[{"href":"https:\/\/bulegoa.org\/en\/wp-json\/wp\/v2\/pages"}],"about":[{"href":"https:\/\/bulegoa.org\/en\/wp-json\/wp\/v2\/types\/page"}],"author":[{"embeddable":true,"href":"https:\/\/bulegoa.org\/en\/wp-json\/wp\/v2\/users\/1"}],"replies":[{"embeddable":true,"href":"https:\/\/bulegoa.org\/en\/wp-json\/wp\/v2\/comments?post=1351"}],"version-history":[{"count":6,"href":"https:\/\/bulegoa.org\/en\/wp-json\/wp\/v2\/pages\/1351\/revisions"}],"predecessor-version":[{"id":7524,"href":"https:\/\/bulegoa.org\/en\/wp-json\/wp\/v2\/pages\/1351\/revisions\/7524"}],"wp:attachment":[{"href":"https:\/\/bulegoa.org\/en\/wp-json\/wp\/v2\/media?parent=1351"}],"curies":[{"name":"wp","href":"https:\/\/api.w.org\/{rel}","templated":true}]}}