{"id":1305,"date":"2016-11-14T00:00:00","date_gmt":"2016-11-13T23:00:00","guid":{"rendered":"https:\/\/bulegoa.org\/web\/una-tirada-de-dados-a-three-way-two-part-conversation-israel-galvan-with-pedro-g-romero-and-filiep-tacq\/"},"modified":"2018-03-08T00:44:00","modified_gmt":"2018-03-07T23:44:00","slug":"una-tirada-de-dados-a-three-way-two-part-conversation-israel-galvan-with-pedro-g-romero-and-filiep-tacq","status":"publish","type":"page","link":"https:\/\/bulegoa.org\/en\/the-book-to-come\/una-tirada-de-dados-a-three-way-two-part-conversation-israel-galvan-with-pedro-g-romero-and-filiep-tacq\/","title":{"rendered":"Una tirada de dados\u2026 A three-way, two-part conversation. Israel Galv\u00e1n with Pedro G. Romero and Filiep Tacq"},"content":{"rendered":"<figure id=\"attachment_5458\" aria-describedby=\"caption-attachment-5458\" style=\"width: 600px\" class=\"wp-caption aligncenter\"><img loading=\"lazy\" class=\"size-medium wp-image-5458\" src=\"https:\/\/bulegoa.org\/web\/wp-content\/uploads\/2016\/11\/una_tirada_de_dados_-600x400.jpg\" alt=\"\" width=\"600\" height=\"400\" srcset=\"https:\/\/bulegoa.org\/web\/wp-content\/uploads\/2016\/11\/una_tirada_de_dados_-600x400.jpg 600w, https:\/\/bulegoa.org\/web\/wp-content\/uploads\/2016\/11\/una_tirada_de_dados_-768x512.jpg 768w, https:\/\/bulegoa.org\/web\/wp-content\/uploads\/2016\/11\/una_tirada_de_dados_-1000x667.jpg 1000w, https:\/\/bulegoa.org\/web\/wp-content\/uploads\/2016\/11\/una_tirada_de_dados_-1500x1000.jpg 1500w, https:\/\/bulegoa.org\/web\/wp-content\/uploads\/2016\/11\/una_tirada_de_dados_-375x250.jpg 375w, https:\/\/bulegoa.org\/web\/wp-content\/uploads\/2016\/11\/una_tirada_de_dados_.jpg 2000w\" sizes=\"(max-width: 600px) 100vw, 600px\" \/><figcaption id=\"caption-attachment-5458\" class=\"wp-caption-text\">Una tirada de dados\u2026, Israel Galv\u00e1n, Pedro G. Romero and Filiep Tacq. At Playground, November 2016. Photo: Joeri Thiry \/ STUK.<\/figcaption><\/figure>\n<p>&nbsp;<\/p>\n<p class=\"p1\"><span class=\"s1\">Following an initial conversation in Seville between artist and curator Pedro G. Romero, art book designer Filiep Tacq and flamenco bailaor Israel Galv\u00e1n on Mallarm\u00e9 and his disorderly imprint on the flamenco genre. <\/span><\/p>\n<p>&nbsp;<\/p>\n<p>\u201cUna tirada de dados\u2026\u201d<\/p>\n<p class=\"rteright\"><em>The Roman rascals<br \/>\nCast their lots for<br \/>\nThe lord&#8217;s tunic<br \/>\nThey left us women &#8211;<br \/>\nLatin, Roman; laws and paths<br \/>\nThe Roman soldiers.<\/em><\/p>\n<p class=\"rteright\">Saeta Cuartelera from Puente Genil<\/p>\n<p>This presentation is part of \u201cThe Book to Come\u201d, a project set up by Bulegoa z\/b around the performativity of the artist book. The project is based on a set of five books by Marcel Broodthaers.<\/p>\n<p>Different agents: artists, historians, curators, writers, etc. have been invited to reflect and comment on the theme. They are asked to relate their intervention to one of Broodthaers&#8217; five books, their field of meanings, and the signifiers they have brought into play.<\/p>\n<p><em>\u201cUn coup de d\u00e9s jamais n\u2019abolira le hazard\u201d<\/em> is a poem by St\u00e9phane Mallarme which was posthumously published by Gallimard in 1914. The poem was reinterpreted by Marcel Broodthaers in 1969, and will now be used as a starting point for the session <em>\u201cUna tirada de dados&#8230;\u201d<\/em> by flamenco <em>bailaor<\/em> Isra\u00e9l Galvan, with Pedro G. Romero and Filiep Tacq, to take place as part of the <a href=\"http:\/\/www.playgroundfestival.be\/en\/program\/una-tirada-de-dados\">Playground Festival<\/a>, Louvain, Belgium.<\/p>\n<p class=\"rtecenter\">***<\/p>\n<p>St\u00e9phane Mallarm\u00e9 is considered to have been the poet who invented the space of modern art, the first to have freed the poem \u2013 writing \u2013 from the rigid margins of the page, letting the words float over the page in an open arrangement, a musical arrangement, perhaps&#8230; contemporaneous with the birth of film. He unravelled the linear order of reading, creating a higher level of abstraction, proposing new interrelations between phrases and words, returning autonomy to language in a way which extends beyond the intentions of the writer, his social context and the conditions of his time.<\/p>\n<p>Marcel Broodthaers (MB) took his reading a step further. He covered the lines of text with black blocks, rendering it illegible, turning it into an image, a construction of black lines and spaces. A rhythm of black parallel bars, like a score but also like constructivist architecture, or a censored archive, or a cybernetic code, or&#8230; MB printed his name instead of Mallarm\u00e9&#8217;s on the cover, and changed the word \u201cpoem\u201d for \u201cimage.\u201d<\/p>\n<p>In the work of flamenco bailaor Isra\u00e9l Galvan, we find silence; suspended movement; musical caesurae; imprecise, unrecognisable gestures; hissing; inner music; the continual exposure and concealment of the body and its parts; clicking of the tongue, fragmented, constantly reordered sequences; stuttering; sounds coming out of the head, the mouth, the fingers, torso, feet; the happening becomes text.<\/p>\n<p>It is unsurprising to find similarities between the work of a bailaor like Galv\u00e1n and ways of working that have travelled the same path, from Mallarm\u00e9 to Broodthaers. At least three conditions have come together to provide flamenco with these characteristics. Firstly, the relation between certain \u201cflamenco\u201d poets and Mallarm\u00e9 \u2013 in particular, Antonio Machado and his heteronym Juan de Mairena; and then the early relationship between dance and the filmmaker, who worked together in variety shows; and the mimetic imitation of its forms in the artistic development of the genre; finally, <em>bailaor<\/em> Vicente Escudero&#8217;s relation to the Cubist and Dada avant gardes, through which Escudero invented the most radical, \u201cprimitive\u201d, authentic traditions of the dance.<\/p>\n<p class=\"rtecenter\">***<\/p>\n<p>After an initial conversation in Seville between artist and curator Pedro G. Romero, art book designer Filiep Tacq, and flamenco bailaor Israel Galv\u00e1n, on Mallarm\u00e9 and his chequered influence on the flamenco genre; on reading Broodthaers and the visibility of Mallarm\u00e9&#8217;s poetry in his work (and even, on the pun between <em>flamenco<\/em> as, on the one hand, an inhabitant of Flanders, and on the other as an artist of the Spanish, Andaluz and gypsy music and dance genre); on the possibility of making a book, or using the strategy of making a book as a way to think about these concerns.<\/p>\n<p>So we wanted to approach this now with a three-way, two-part conversation, in which Israel Galv\u00e1n will act, dance, what he says, his way of speaking. Minutes before this, Pedro G. Romero and Filiep Tacq will try to explain the performance; they will give clues and hone in, and maybe help with the reading of the movements to come; they will fail, gloriously, in their attempt to translate the gestures, music and silences of Israel Galv\u00e1n into a book, a text, a way of speaking.<\/p>\n<p>The framework for these conversations is the Louvain University Library, whose reconstruction in the 1930s was carried out with financial aid from the United States. The library also has a chequered history. The various sets of books it has inherited come from different conflicts, have been through wars and revolts, and its legacy has been endlessly scattered and gathered. The last time this happened was in 1970, when its stock was partly shared out on an odd \/ even number basis between the French speaking and Flemish communities. The library currently holds the odd-numbered books.<\/p>\n<p>One more incidental detail, perhaps an irrelevant one: the library building, which was built by the US, was crowned with the architectural model of the Giralda in Seville, the city where Israel Galv\u00e1n and Pedro G. Romero both live. American civil architecture in the early twentieth century commonly used this type of pinnacle. French collective 4taxis called a certain gesture used in photographic dance poses \u201cdoing the giralda,\u201d and also applied the term to the constructive forms of popular culture of the twentieth century: from the Giralda that crowned the Empire State building in New York, to James Brown&#8217;s characteristic pose; from Maruja Mallo&#8217;s performative expressions to the pinnacles of San Francisco&#8217;s hanging bridge; from the central square in Kansas City to the poses of bailaores like Jos\u00e9 Greco, Jos\u00e9 de Triana and Jos\u00e9 Lim\u00f3n.<\/p>\n<p><strong>Biographies:<\/strong><\/p>\n<p><strong>Israel Galv\u00e1n<\/strong> (Seville, 1973) is a Spanish bailaor and flamenco choreographer. National Dance Award 2005. In 2012 Galv\u00e1n was given the Bessie Award for an Outstanding Production, New York, and the Gold Medal for Merit in the Fine Arts. Son of Sevillian bailaores Jos\u00e9 Galv\u00e1n and Eugenia de Los Reyes, he has frequented <em>tablaos<\/em>, parties and dance academies in the company of his father. But it was only in 1990 that he found his vocation for dance. In 1994, he joined the recently inaugurated Compa\u00f1ia Andaluza de Danza, directed by Mario Maya. Galv\u00e1n has collaborated in many different kinds of projects with a wide variety of artists, including Enrique Morente, Manuel Soler and Mario Maya; and Sol Pic\u00f3, Pat Metheny, Vicente Amigo, Alfredo Lagos, Manuela Carrasco, Lagartija Nick, Fernando Terremoto, Miguel Poveda, Diego Carrasco, Gerardo Nu\u00f1ez, Belen Maya, Chicuelo, Joan Albert Amarg\u00f3s, Diego Amador, Arc\u00e1ngel, In\u00e9s Bac\u00e1n, Estrella Morente\u2026 In 1998, he presented <em>Mira! Los Zapatos Rojos<\/em>, the first event by his own company, which was praised by specialised critics as a work of genius and revolutionised the concept of flamenco performance. This was followed by <em>La Metamorfosis<\/em> (2000), <em>Galv\u00e1nicas<\/em> (2002), <em>Arena<\/em> (2004), <em>La Edad De Oro<\/em> (2005), <em>T\u00e1bula Rasa<\/em> (2006), <em>Solo<\/em> (2007), <em>EL Final De Este Estado De Cosas, Redux<\/em> (2008), <em>La Curva<\/em> (2010), <em>Lo Real \/ Le R\u00e9el \/ The Real<\/em> (2012), and <em>FLA.CO.MEN<\/em> (2014)<\/p>\n<p><strong>Filiep Tacq<\/strong> (Kortrijk, 1959) has been working since 1984 as an independent graphic designer specialising in books, art catalogues and artist books. Tacq has lectured at the Sint-Lucas Instituut, Gante, and the Jan van Eyck Academie, Maastricht. He has worked on publications for artists including Francis Al\u00ffs, Ibon Aranberri, Marcel Broodthaers, James Coleman, Abbas Kiarostami, Moyra Davey, Pedro G. Romero, Rosa Barba and Teresa Lanceta, and institutions such as the Fundaci\u00f3 Antoni T\u00e0pies, Barcelona; DIA Center for the Arts, New York; Manifesta 2, Luxembourg; MACBA, Barcelona, and Bulegoa z\/b.<br \/>\nFiliep Tacq and Bulegoa z\/b set in motion \u201cThe Book to Come\u201d (2015-2017), a project based on the study of five books by Marcel Broodthaers.<\/p>\n<p><strong>Pedro G. Romero<\/strong> (Aracena, 1964) has been working as an artist since 1985. He is currently working on two large apparatuses Archivo F.X. and M\u00e1quina P.H. Romero is a member of unia arteypensamiento and PRPC (Plataforma de Reflexi\u00f3n de Pol\u00edticas Culturales), Seville. He curates the project <em>Tratado de Paz<\/em> for DSS2016 Cultural Capital.<br \/>\nProjects presented by Archivo F.X. include <em>La Comunidad vac\u00eda. Pol\u00edtica<\/em> for Fundaci\u00f3 Antoni T\u00e0pies, Barcelona; and <em>Econom\u00eda Picasso\/Econom\u00eda<\/em> for Museo Picasso, Barcelona. His work has recently unfolded with La Escuela Moderna for the 31Sao Paolo Biennial. <em>Wirtschaft, \u00d6konomie, Komjunktur<\/em> was recently published by Spector Books, Germany, after a project exhibited at W\u00fcrttembergischer Kunstverein, Stuttgart. M\u00e1quina P.H. supports the Plataforma Independiente de Estudios Flamencos Modernos y Contempor\u00e1neos <a title=\"www.pieflamenco.com\" href=\"http:\/\/www.pieflamenco.com\">www.pieflamenco.com<\/a>. Romero is art director for <em>bailaor<\/em> Israel Galv\u00e1n and collaborates with different artists, from Roc\u00edo M\u00e1rquez to Tom\u00e1s de Perrate, for example. He curated <em>Oca\u00f1a. Acciones, actuaciones, activismo 1973-1983<\/em> for the Virreina, Barcelona, and Centro de Arte Montehermoso, Vitoria. Mudito have just published his <em>Exaltaci\u00f3n de la visi\u00f3n<\/em> on the films of Jos\u00e9 Val del Omar. He is currently working on <em>M\u00e1quinas de Vivir. El flamenco y la arquitectura en la ocupaci\u00f3n y desocupaci\u00f3n de espacios<\/em>, a project which has been presented at the Berlin Biennale; CGAC, Santiago de Compostela; un\u00eda arteypensamiento, Seville; Cristinaenea de Donostia, MACBA, Barcelona, and Viena Secession.<\/p>\n<p><em>The Book to Come<\/em> is a project for Corpus network for performance practice. Corpus is made up of Bulegoa z\/b (Bilbao), Contemporary Art Centre (Vilnius), KW Institute for Contemporary Art (Berlin), If I Can\u2019t Dance, I Don\u2019t Want To Be Part Of Your Revolution (Amsterdam), Playground (STUK Kunstencentrum &amp; M-Museum, Louvain) and Tate Modern (London).<\/p>\n<p>Corpus is co-financed by the European Union Creative Europe programme.<\/p>\n<p><img loading=\"lazy\" class=\"image image-preview \" title=\"\" src=\"https:\/\/bulegoa.org\/sites\/default\/files\/images\/eu_flag_creative_europe_co_funded_pos_[rgb]_right_1.jpg\" alt=\"\" width=\"500\" height=\"126\" \/><\/p>\n","protected":false},"excerpt":{"rendered":"<p>&nbsp; Following an initial conversation in Seville between artist and curator Pedro G. Romero, art book designer Filiep Tacq and flamenco bailaor Israel Galv\u00e1n on Mallarm\u00e9 and his disorderly imprint on the flamenco genre. &nbsp; \u201cUna tirada de dados\u2026\u201d The Roman rascals Cast their lots for The lord&#8217;s tunic They left us women &#8211; Latin, [&hellip;]<\/p>\n","protected":false},"author":1,"featured_media":0,"parent":1360,"menu_order":0,"comment_status":"closed","ping_status":"closed","template":"","meta":[],"acf":[],"yoast_head":"<!-- This site is optimized with the Yoast SEO plugin v20.4 - https:\/\/yoast.com\/wordpress\/plugins\/seo\/ -->\n<title>Una tirada de dados\u2026 A three-way, two-part conversation. Israel Galv\u00e1n with Pedro G. Romero and Filiep Tacq - Bulegoa<\/title>\n<meta name=\"robots\" content=\"index, follow, max-snippet:-1, max-image-preview:large, max-video-preview:-1\" \/>\n<link rel=\"canonical\" href=\"https:\/\/bulegoa.org\/en\/the-book-to-come\/una-tirada-de-dados-a-three-way-two-part-conversation-israel-galvan-with-pedro-g-romero-and-filiep-tacq\/\" \/>\n<meta property=\"og:locale\" content=\"en_US\" \/>\n<meta property=\"og:type\" content=\"article\" \/>\n<meta property=\"og:title\" content=\"Una tirada de dados\u2026 A three-way, two-part conversation. Israel Galv\u00e1n with Pedro G. Romero and Filiep Tacq - Bulegoa\" \/>\n<meta property=\"og:description\" content=\"&nbsp; Following an initial conversation in Seville between artist and curator Pedro G. Romero, art book designer Filiep Tacq and flamenco bailaor Israel Galv\u00e1n on Mallarm\u00e9 and his disorderly imprint on the flamenco genre. &nbsp; \u201cUna tirada de dados\u2026\u201d The Roman rascals Cast their lots for The lord&#8217;s tunic They left us women &#8211; Latin, [&hellip;]\" \/>\n<meta property=\"og:url\" content=\"https:\/\/bulegoa.org\/en\/the-book-to-come\/una-tirada-de-dados-a-three-way-two-part-conversation-israel-galvan-with-pedro-g-romero-and-filiep-tacq\/\" \/>\n<meta property=\"og:site_name\" content=\"Bulegoa\" \/>\n<meta property=\"article:publisher\" content=\"https:\/\/www.facebook.com\/bulegoazb\/\" \/>\n<meta property=\"article:modified_time\" content=\"2018-03-07T23:44:00+00:00\" \/>\n<meta property=\"og:image\" content=\"https:\/\/bulegoa.org\/web\/wp-content\/uploads\/2016\/11\/una_tirada_de_dados_-600x400.jpg\" \/>\n<meta name=\"twitter:card\" content=\"summary_large_image\" \/>\n<meta name=\"twitter:site\" content=\"@bulegoazb\" \/>\n<script type=\"application\/ld+json\" class=\"yoast-schema-graph\">{\"@context\":\"https:\/\/schema.org\",\"@graph\":[{\"@type\":\"WebPage\",\"@id\":\"https:\/\/bulegoa.org\/en\/the-book-to-come\/una-tirada-de-dados-a-three-way-two-part-conversation-israel-galvan-with-pedro-g-romero-and-filiep-tacq\/\",\"url\":\"https:\/\/bulegoa.org\/en\/the-book-to-come\/una-tirada-de-dados-a-three-way-two-part-conversation-israel-galvan-with-pedro-g-romero-and-filiep-tacq\/\",\"name\":\"Una tirada de dados\u2026 A three-way, two-part conversation. Israel Galv\u00e1n with Pedro G. Romero and Filiep Tacq - Bulegoa\",\"isPartOf\":{\"@id\":\"https:\/\/bulegoa.org\/#website\"},\"datePublished\":\"2016-11-13T23:00:00+00:00\",\"dateModified\":\"2018-03-07T23:44:00+00:00\",\"breadcrumb\":{\"@id\":\"https:\/\/bulegoa.org\/en\/the-book-to-come\/una-tirada-de-dados-a-three-way-two-part-conversation-israel-galvan-with-pedro-g-romero-and-filiep-tacq\/#breadcrumb\"},\"inLanguage\":\"en-US\",\"potentialAction\":[{\"@type\":\"ReadAction\",\"target\":[\"https:\/\/bulegoa.org\/en\/the-book-to-come\/una-tirada-de-dados-a-three-way-two-part-conversation-israel-galvan-with-pedro-g-romero-and-filiep-tacq\/\"]}]},{\"@type\":\"BreadcrumbList\",\"@id\":\"https:\/\/bulegoa.org\/en\/the-book-to-come\/una-tirada-de-dados-a-three-way-two-part-conversation-israel-galvan-with-pedro-g-romero-and-filiep-tacq\/#breadcrumb\",\"itemListElement\":[{\"@type\":\"ListItem\",\"position\":1,\"name\":\"Home\",\"item\":\"https:\/\/bulegoa.org\/en\/\"},{\"@type\":\"ListItem\",\"position\":2,\"name\":\"The Book to Come\",\"item\":\"https:\/\/bulegoa.org\/en\/the-book-to-come\/\"},{\"@type\":\"ListItem\",\"position\":3,\"name\":\"Una tirada de dados\u2026 A three-way, two-part conversation. Israel Galv\u00e1n with Pedro G. Romero and Filiep Tacq\"}]},{\"@type\":\"WebSite\",\"@id\":\"https:\/\/bulegoa.org\/#website\",\"url\":\"https:\/\/bulegoa.org\/\",\"name\":\"Bulegoa\",\"description\":\"\",\"potentialAction\":[{\"@type\":\"SearchAction\",\"target\":{\"@type\":\"EntryPoint\",\"urlTemplate\":\"https:\/\/bulegoa.org\/?s={search_term_string}\"},\"query-input\":\"required name=search_term_string\"}],\"inLanguage\":\"en-US\"}]}<\/script>\n<!-- \/ Yoast SEO plugin. -->","yoast_head_json":{"title":"Una tirada de dados\u2026 A three-way, two-part conversation. Israel Galv\u00e1n with Pedro G. Romero and Filiep Tacq - Bulegoa","robots":{"index":"index","follow":"follow","max-snippet":"max-snippet:-1","max-image-preview":"max-image-preview:large","max-video-preview":"max-video-preview:-1"},"canonical":"https:\/\/bulegoa.org\/en\/the-book-to-come\/una-tirada-de-dados-a-three-way-two-part-conversation-israel-galvan-with-pedro-g-romero-and-filiep-tacq\/","og_locale":"en_US","og_type":"article","og_title":"Una tirada de dados\u2026 A three-way, two-part conversation. Israel Galv\u00e1n with Pedro G. Romero and Filiep Tacq - Bulegoa","og_description":"&nbsp; Following an initial conversation in Seville between artist and curator Pedro G. Romero, art book designer Filiep Tacq and flamenco bailaor Israel Galv\u00e1n on Mallarm\u00e9 and his disorderly imprint on the flamenco genre. &nbsp; \u201cUna tirada de dados\u2026\u201d The Roman rascals Cast their lots for The lord&#8217;s tunic They left us women &#8211; Latin, [&hellip;]","og_url":"https:\/\/bulegoa.org\/en\/the-book-to-come\/una-tirada-de-dados-a-three-way-two-part-conversation-israel-galvan-with-pedro-g-romero-and-filiep-tacq\/","og_site_name":"Bulegoa","article_publisher":"https:\/\/www.facebook.com\/bulegoazb\/","article_modified_time":"2018-03-07T23:44:00+00:00","og_image":[{"url":"https:\/\/bulegoa.org\/web\/wp-content\/uploads\/2016\/11\/una_tirada_de_dados_-600x400.jpg"}],"twitter_card":"summary_large_image","twitter_site":"@bulegoazb","schema":{"@context":"https:\/\/schema.org","@graph":[{"@type":"WebPage","@id":"https:\/\/bulegoa.org\/en\/the-book-to-come\/una-tirada-de-dados-a-three-way-two-part-conversation-israel-galvan-with-pedro-g-romero-and-filiep-tacq\/","url":"https:\/\/bulegoa.org\/en\/the-book-to-come\/una-tirada-de-dados-a-three-way-two-part-conversation-israel-galvan-with-pedro-g-romero-and-filiep-tacq\/","name":"Una tirada de dados\u2026 A three-way, two-part conversation. Israel Galv\u00e1n with Pedro G. Romero and Filiep Tacq - Bulegoa","isPartOf":{"@id":"https:\/\/bulegoa.org\/#website"},"datePublished":"2016-11-13T23:00:00+00:00","dateModified":"2018-03-07T23:44:00+00:00","breadcrumb":{"@id":"https:\/\/bulegoa.org\/en\/the-book-to-come\/una-tirada-de-dados-a-three-way-two-part-conversation-israel-galvan-with-pedro-g-romero-and-filiep-tacq\/#breadcrumb"},"inLanguage":"en-US","potentialAction":[{"@type":"ReadAction","target":["https:\/\/bulegoa.org\/en\/the-book-to-come\/una-tirada-de-dados-a-three-way-two-part-conversation-israel-galvan-with-pedro-g-romero-and-filiep-tacq\/"]}]},{"@type":"BreadcrumbList","@id":"https:\/\/bulegoa.org\/en\/the-book-to-come\/una-tirada-de-dados-a-three-way-two-part-conversation-israel-galvan-with-pedro-g-romero-and-filiep-tacq\/#breadcrumb","itemListElement":[{"@type":"ListItem","position":1,"name":"Home","item":"https:\/\/bulegoa.org\/en\/"},{"@type":"ListItem","position":2,"name":"The Book to Come","item":"https:\/\/bulegoa.org\/en\/the-book-to-come\/"},{"@type":"ListItem","position":3,"name":"Una tirada de dados\u2026 A three-way, two-part conversation. Israel Galv\u00e1n with Pedro G. Romero and Filiep Tacq"}]},{"@type":"WebSite","@id":"https:\/\/bulegoa.org\/#website","url":"https:\/\/bulegoa.org\/","name":"Bulegoa","description":"","potentialAction":[{"@type":"SearchAction","target":{"@type":"EntryPoint","urlTemplate":"https:\/\/bulegoa.org\/?s={search_term_string}"},"query-input":"required name=search_term_string"}],"inLanguage":"en-US"}]}},"_links":{"self":[{"href":"https:\/\/bulegoa.org\/en\/wp-json\/wp\/v2\/pages\/1305"}],"collection":[{"href":"https:\/\/bulegoa.org\/en\/wp-json\/wp\/v2\/pages"}],"about":[{"href":"https:\/\/bulegoa.org\/en\/wp-json\/wp\/v2\/types\/page"}],"author":[{"embeddable":true,"href":"https:\/\/bulegoa.org\/en\/wp-json\/wp\/v2\/users\/1"}],"replies":[{"embeddable":true,"href":"https:\/\/bulegoa.org\/en\/wp-json\/wp\/v2\/comments?post=1305"}],"version-history":[{"count":4,"href":"https:\/\/bulegoa.org\/en\/wp-json\/wp\/v2\/pages\/1305\/revisions"}],"predecessor-version":[{"id":5996,"href":"https:\/\/bulegoa.org\/en\/wp-json\/wp\/v2\/pages\/1305\/revisions\/5996"}],"up":[{"embeddable":true,"href":"https:\/\/bulegoa.org\/en\/wp-json\/wp\/v2\/pages\/1360"}],"wp:attachment":[{"href":"https:\/\/bulegoa.org\/en\/wp-json\/wp\/v2\/media?parent=1305"}],"curies":[{"name":"wp","href":"https:\/\/api.w.org\/{rel}","templated":true}]}}