{"id":1080,"date":"2017-04-21T18:12:48","date_gmt":"2017-04-21T16:12:48","guid":{"rendered":"https:\/\/bulegoa.org\/web\/?page_id=1080\/"},"modified":"2025-10-08T18:01:46","modified_gmt":"2025-10-08T16:01:46","slug":"about-us","status":"publish","type":"page","link":"https:\/\/bulegoa.org\/en\/about-us\/","title":{"rendered":"About us"},"content":{"rendered":"<p><img loading=\"lazy\" class=\"aligncenter wp-image-2061 size-full\" src=\"http:\/\/bulegoa.org\/web\/wp-content\/uploads\/2017\/04\/portada-bulegoa.jpg\" alt=\"\" width=\"1200\" height=\"430\" srcset=\"https:\/\/bulegoa.org\/web\/wp-content\/uploads\/2017\/04\/portada-bulegoa.jpg 1200w, https:\/\/bulegoa.org\/web\/wp-content\/uploads\/2017\/04\/portada-bulegoa-600x215.jpg 600w, https:\/\/bulegoa.org\/web\/wp-content\/uploads\/2017\/04\/portada-bulegoa-768x275.jpg 768w, https:\/\/bulegoa.org\/web\/wp-content\/uploads\/2017\/04\/portada-bulegoa-1000x358.jpg 1000w, https:\/\/bulegoa.org\/web\/wp-content\/uploads\/2017\/04\/portada-bulegoa-400x143.jpg 400w\" sizes=\"(max-width: 1200px) 100vw, 1200px\" \/><\/p>\n<div id=\"container\" class=\"clear-block\">\n<p><b>Bulegoa zenbaki barik<\/b>\u00a0is an office for art and knowledge located in the Solokoetxe district of Bilbao. It is an initiative created around a shared interest in issues such as critical pedagogical practices, situated knowledge and collaborative methodologies; feminisms and the decolonial perspective; processes of historicization, cultural translation; and social transformation, and its relation to art.<\/p>\n<p>Bulegoa z\/b is a platform inspired by the desire to bridge the gap between practice and theory. Its aim is to build a space of sustained discourse and hybrid situations where debate, discussion and exchange of ideas can take place and artistic projects can be materialized. To make this possible, Bulegoa z\/b organises seminars, presentations, screenings, performances, talks, conversations and other activities.<\/p>\n<p>Members of Bulegoa z\/b are: Beatriz Cavia, Miren Jaio and Leire Vergara. We founded the project in 2010 together with Isabel de Naver\u00e1n, who worked with us until 2018. Silvia Coppola is in charge of production and Auria Etxeandia of communication, taking over from our previous collaborators, Jes\u00fas Arpal Moya, Alexi Hofer, Adriana Laespada, Andrea Rodrigo and Natalia Barberia. Maialen Olite, Cristina Souto Pita, Juana Esparza, Irene Landa, <span lang=\"EN-US\">Cecilia Hern\u00e1ndez, Elena Aguado, Sara Padilla Grimalt, Silvia Coppola, Daniel Aranda and Abel Jaramillo did their post-graduate internship\u00a0at Bulegoa z\/b.<\/span><\/p>\n<p>Members of the Bulegoa z\/b Board of Advisers are Elena Casado, Guadalupe Echevarr\u00eda (1948-2023), Yaiza Hern\u00e1ndez, Itziar Okariz and Ana Vujanovi\u0107.<\/p>\n[plsc_divider color=&#8221;white&#8221; style=&#8221;solid&#8221;]\n<p><img loading=\"lazy\" class=\"wp-image-21022 aligncenter\" src=\"http:\/\/bulegoa.org\/web\/wp-content\/uploads\/2024\/04\/logos-que-somos-1-1.jpg\" alt=\"\" width=\"1079\" height=\"674\" srcset=\"https:\/\/bulegoa.org\/web\/wp-content\/uploads\/2024\/04\/logos-que-somos-1-1.jpg 1440w, https:\/\/bulegoa.org\/web\/wp-content\/uploads\/2024\/04\/logos-que-somos-1-1-768x480.jpg 768w, https:\/\/bulegoa.org\/web\/wp-content\/uploads\/2024\/04\/logos-que-somos-1-1-400x250.jpg 400w\" sizes=\"(max-width: 1079px) 100vw, 1079px\" \/><\/p>\n<\/div>\n","protected":false},"excerpt":{"rendered":"<p>Bulegoa zenbaki barik\u00a0is an office for art and knowledge located in the Solokoetxe district of Bilbao. It is an initiative created around a shared interest in issues such as critical pedagogical practices, situated knowledge and collaborative methodologies; feminisms and the decolonial perspective; processes of historicization, cultural translation; and social transformation, and its relation to art. [&hellip;]<\/p>\n","protected":false},"author":1,"featured_media":0,"parent":0,"menu_order":0,"comment_status":"closed","ping_status":"closed","template":"","meta":[],"acf":[],"yoast_head":"<!-- This site is optimized with the Yoast SEO plugin v20.4 - https:\/\/yoast.com\/wordpress\/plugins\/seo\/ -->\n<title>About us - Bulegoa<\/title>\n<meta name=\"robots\" content=\"index, follow, max-snippet:-1, max-image-preview:large, max-video-preview:-1\" \/>\n<link rel=\"canonical\" href=\"https:\/\/bulegoa.org\/en\/about-us\/\" \/>\n<meta property=\"og:locale\" content=\"en_US\" \/>\n<meta property=\"og:type\" content=\"article\" \/>\n<meta property=\"og:title\" content=\"About us - Bulegoa\" \/>\n<meta property=\"og:description\" content=\"Bulegoa zenbaki barik\u00a0is an office for art and knowledge located in the Solokoetxe district of Bilbao. It is an initiative created around a shared interest in issues such as critical pedagogical practices, situated knowledge and collaborative methodologies; feminisms and the decolonial perspective; processes of historicization, cultural translation; and social transformation, and its relation to art. [&hellip;]\" \/>\n<meta property=\"og:url\" content=\"https:\/\/bulegoa.org\/en\/about-us\/\" \/>\n<meta property=\"og:site_name\" content=\"Bulegoa\" \/>\n<meta property=\"article:publisher\" content=\"https:\/\/www.facebook.com\/bulegoazb\/\" \/>\n<meta property=\"article:modified_time\" content=\"2025-10-08T16:01:46+00:00\" \/>\n<meta property=\"og:image\" content=\"http:\/\/bulegoa.org\/web\/wp-content\/uploads\/2017\/04\/portada-bulegoa.jpg\" \/>\n<meta name=\"twitter:card\" content=\"summary_large_image\" \/>\n<meta name=\"twitter:site\" content=\"@bulegoazb\" \/>\n<script type=\"application\/ld+json\" class=\"yoast-schema-graph\">{\"@context\":\"https:\/\/schema.org\",\"@graph\":[{\"@type\":\"WebPage\",\"@id\":\"https:\/\/bulegoa.org\/en\/about-us\/\",\"url\":\"https:\/\/bulegoa.org\/en\/about-us\/\",\"name\":\"About us - Bulegoa\",\"isPartOf\":{\"@id\":\"https:\/\/bulegoa.org\/#website\"},\"datePublished\":\"2017-04-21T16:12:48+00:00\",\"dateModified\":\"2025-10-08T16:01:46+00:00\",\"breadcrumb\":{\"@id\":\"https:\/\/bulegoa.org\/en\/about-us\/#breadcrumb\"},\"inLanguage\":\"en-US\",\"potentialAction\":[{\"@type\":\"ReadAction\",\"target\":[\"https:\/\/bulegoa.org\/en\/about-us\/\"]}]},{\"@type\":\"BreadcrumbList\",\"@id\":\"https:\/\/bulegoa.org\/en\/about-us\/#breadcrumb\",\"itemListElement\":[{\"@type\":\"ListItem\",\"position\":1,\"name\":\"Home\",\"item\":\"https:\/\/bulegoa.org\/en\/\"},{\"@type\":\"ListItem\",\"position\":2,\"name\":\"About us\"}]},{\"@type\":\"WebSite\",\"@id\":\"https:\/\/bulegoa.org\/#website\",\"url\":\"https:\/\/bulegoa.org\/\",\"name\":\"Bulegoa\",\"description\":\"\",\"potentialAction\":[{\"@type\":\"SearchAction\",\"target\":{\"@type\":\"EntryPoint\",\"urlTemplate\":\"https:\/\/bulegoa.org\/?s={search_term_string}\"},\"query-input\":\"required name=search_term_string\"}],\"inLanguage\":\"en-US\"}]}<\/script>\n<!-- \/ Yoast SEO plugin. -->","yoast_head_json":{"title":"About us - Bulegoa","robots":{"index":"index","follow":"follow","max-snippet":"max-snippet:-1","max-image-preview":"max-image-preview:large","max-video-preview":"max-video-preview:-1"},"canonical":"https:\/\/bulegoa.org\/en\/about-us\/","og_locale":"en_US","og_type":"article","og_title":"About us - Bulegoa","og_description":"Bulegoa zenbaki barik\u00a0is an office for art and knowledge located in the Solokoetxe district of Bilbao. It is an initiative created around a shared interest in issues such as critical pedagogical practices, situated knowledge and collaborative methodologies; feminisms and the decolonial perspective; processes of historicization, cultural translation; and social transformation, and its relation to art. [&hellip;]","og_url":"https:\/\/bulegoa.org\/en\/about-us\/","og_site_name":"Bulegoa","article_publisher":"https:\/\/www.facebook.com\/bulegoazb\/","article_modified_time":"2025-10-08T16:01:46+00:00","og_image":[{"url":"http:\/\/bulegoa.org\/web\/wp-content\/uploads\/2017\/04\/portada-bulegoa.jpg"}],"twitter_card":"summary_large_image","twitter_site":"@bulegoazb","schema":{"@context":"https:\/\/schema.org","@graph":[{"@type":"WebPage","@id":"https:\/\/bulegoa.org\/en\/about-us\/","url":"https:\/\/bulegoa.org\/en\/about-us\/","name":"About us - Bulegoa","isPartOf":{"@id":"https:\/\/bulegoa.org\/#website"},"datePublished":"2017-04-21T16:12:48+00:00","dateModified":"2025-10-08T16:01:46+00:00","breadcrumb":{"@id":"https:\/\/bulegoa.org\/en\/about-us\/#breadcrumb"},"inLanguage":"en-US","potentialAction":[{"@type":"ReadAction","target":["https:\/\/bulegoa.org\/en\/about-us\/"]}]},{"@type":"BreadcrumbList","@id":"https:\/\/bulegoa.org\/en\/about-us\/#breadcrumb","itemListElement":[{"@type":"ListItem","position":1,"name":"Home","item":"https:\/\/bulegoa.org\/en\/"},{"@type":"ListItem","position":2,"name":"About us"}]},{"@type":"WebSite","@id":"https:\/\/bulegoa.org\/#website","url":"https:\/\/bulegoa.org\/","name":"Bulegoa","description":"","potentialAction":[{"@type":"SearchAction","target":{"@type":"EntryPoint","urlTemplate":"https:\/\/bulegoa.org\/?s={search_term_string}"},"query-input":"required name=search_term_string"}],"inLanguage":"en-US"}]}},"_links":{"self":[{"href":"https:\/\/bulegoa.org\/en\/wp-json\/wp\/v2\/pages\/1080"}],"collection":[{"href":"https:\/\/bulegoa.org\/en\/wp-json\/wp\/v2\/pages"}],"about":[{"href":"https:\/\/bulegoa.org\/en\/wp-json\/wp\/v2\/types\/page"}],"author":[{"embeddable":true,"href":"https:\/\/bulegoa.org\/en\/wp-json\/wp\/v2\/users\/1"}],"replies":[{"embeddable":true,"href":"https:\/\/bulegoa.org\/en\/wp-json\/wp\/v2\/comments?post=1080"}],"version-history":[{"count":8,"href":"https:\/\/bulegoa.org\/en\/wp-json\/wp\/v2\/pages\/1080\/revisions"}],"predecessor-version":[{"id":23470,"href":"https:\/\/bulegoa.org\/en\/wp-json\/wp\/v2\/pages\/1080\/revisions\/23470"}],"wp:attachment":[{"href":"https:\/\/bulegoa.org\/en\/wp-json\/wp\/v2\/media?parent=1080"}],"curies":[{"name":"wp","href":"https:\/\/api.w.org\/{rel}","templated":true}]}}